{"id":38147,"date":"2025-02-20T22:35:44","date_gmt":"2025-02-20T22:35:44","guid":{"rendered":"http:\/\/olemosaic.com\/producto\/funda-de-telefono-para-samsung-a54-tpu-panoramica-barcelona-blanco\/"},"modified":"2025-07-25T20:08:15","modified_gmt":"2025-07-25T18:08:15","slug":"capa-de-telemovel-para-samsung-a54-tpu-panoramica-barcelona-branco","status":"publish","type":"product","link":"https:\/\/olemosaic.com\/pt-pt\/produto\/capa-de-telemovel-para-samsung-a54-tpu-panoramica-barcelona-branco\/","title":{"rendered":"Capa de telem\u00f3vel para Samsung A54 (TPU). Panor\u00e2mica. Barcelona. Branco"},"content":{"rendered":"<p>Capa para telem\u00f3vel Samsung A54 com uma vibrante panor\u00e2mica de Barcelona, confecionada em TPU de alta qualidade para garantir a m\u00e1xima prote\u00e7\u00e3o e durabilidade. Esta capa destaca-se pelo seu design inspirado no ic\u00f3nico estilo modernista da cidade, representando num atrativo mosaico colorido a majestosidade da Sagrada Fam\u00edlia, juntamente com outros elementos arquitet\u00f3nicos emblem\u00e1ticos que definem a singularidade de Barcelona. O fundo branco real\u00e7a ainda mais as cores vivas e os intrincados detalhes desta panor\u00e2mica, criando um contraste visual cativante. A tipografia &#8220;Barcelona&#8221; est\u00e1 elegantemente integrada no design, conferindo um toque moderno que faz desta capa um acess\u00f3rio atrativo e representativo da rica cultura catal\u00e3.<\/p>\n<p>Este souvenir de Barcelona n\u00e3o s\u00f3 \u00e9 funcional, como tamb\u00e9m uma recorda\u00e7\u00e3o aut\u00eantica que encapsula a ess\u00eancia e a beleza da cidade. Ideal para turistas que procuram mem\u00f3rias que reflitam o esp\u00edrito vibrante da capital catal\u00e3, esta capa torna-se um presente perfeito para quem aprecia a cultura e a arte. Na Ol\u00e9 Mosaic, como distribuidores de acess\u00f3rios por grosso, oferecemos este produto exclusivo que certamente atrair\u00e1 a aten\u00e7\u00e3o de lojas de presentes tur\u00edsticos, tornando-o um tesouro inestim\u00e1vel para quem procura souvenirs aut\u00eanticos de Barcelona.<\/p>\n","protected":false},"excerpt":{"rendered":"<p>Capa para telem\u00f3vel Samsung A54 fabricada em TPU, decorada com uma vibrante panor\u00e2mica de Barcelona. Este design apresenta o ic\u00f3nico estilo modernista da cidade, destacando a Sagrada Fam\u00edlia e outros elementos arquitet\u00f3nicos, tudo isto com um acabamento em mosaico colorido sobre um fundo branco. A tipografia &#8220;Barcelona&#8221; integra-se elegantemente no design, fazendo desta capa um acess\u00f3rio atrativo e representativo da rica cultura catal\u00e3.<\/p>\n","protected":false},"featured_media":12579,"template":"","meta":{"_acf_changed":false},"product_brand":[],"product_cat":[685],"product_tag":[],"class_list":{"0":"post-38147","1":"product","2":"type-product","3":"status-publish","4":"has-post-thumbnail","6":"product_cat-capas-para-telemoveis","7":"pa_ciudad-barcelona","8":"pa_motivo-panoramas","9":"pa_pais-espana","11":"first","12":"instock","13":"shipping-taxable","14":"product-type-simple"},"acf":[],"_links":{"self":[{"href":"https:\/\/olemosaic.com\/pt-pt\/wp-json\/wp\/v2\/product\/38147","targetHints":{"allow":["GET"]}}],"collection":[{"href":"https:\/\/olemosaic.com\/pt-pt\/wp-json\/wp\/v2\/product"}],"about":[{"href":"https:\/\/olemosaic.com\/pt-pt\/wp-json\/wp\/v2\/types\/product"}],"wp:featuredmedia":[{"embeddable":true,"href":"https:\/\/olemosaic.com\/pt-pt\/wp-json\/wp\/v2\/media\/12579"}],"wp:attachment":[{"href":"https:\/\/olemosaic.com\/pt-pt\/wp-json\/wp\/v2\/media?parent=38147"}],"wp:term":[{"taxonomy":"product_brand","embeddable":true,"href":"https:\/\/olemosaic.com\/pt-pt\/wp-json\/wp\/v2\/product_brand?post=38147"},{"taxonomy":"product_cat","embeddable":true,"href":"https:\/\/olemosaic.com\/pt-pt\/wp-json\/wp\/v2\/product_cat?post=38147"},{"taxonomy":"product_tag","embeddable":true,"href":"https:\/\/olemosaic.com\/pt-pt\/wp-json\/wp\/v2\/product_tag?post=38147"}],"curies":[{"name":"wp","href":"https:\/\/api.w.org\/{rel}","templated":true}]}}