{"id":38145,"date":"2025-02-20T22:35:44","date_gmt":"2025-02-20T22:35:44","guid":{"rendered":"http:\/\/olemosaic.com\/producto\/funda-de-telefono-para-samsung-a54-tpu-salamandra-barcelona-blanco\/"},"modified":"2025-07-25T19:42:55","modified_gmt":"2025-07-25T17:42:55","slug":"capa-de-telemovel-para-samsung-a54-tpu-salamandra-barcelona-branco","status":"publish","type":"product","link":"https:\/\/olemosaic.com\/pt-pt\/produto\/capa-de-telemovel-para-samsung-a54-tpu-salamandra-barcelona-branco\/","title":{"rendered":"Capa de telem\u00f3vel para Samsung A54 (TPU). Salamandra. Barcelona. Branco"},"content":{"rendered":"<p>Capa para telem\u00f3vel Samsung A54 com um design de salamandra inspirado na vibrante criatividade de Barcelona. Esta capa, fabricada em TPU, destaca-se pelo seu espetacular gr\u00e1fico que representa a famosa salamandra, um \u00edcone do modernismo catal\u00e3o. O fundo branco apresenta um mosaico que evoca a est\u00e9tica das obras de Gaud\u00ed, salpicado de flores coloridas que acrescentam um toque de alegria e vitalidade. A salamandra, em tons verdes, azuis e vermelhos, parece ganhar vida, simbolizando a diversidade e o dinamismo da cultura barcelonesa.<\/p>\n<p>A palavra &#8220;Barcelona&#8221; est\u00e1 elegantemente impressa na parte inferior, complementando o design com um estilo contempor\u00e2neo e art\u00edstico. Este acess\u00f3rio n\u00e3o s\u00f3 protege o seu telem\u00f3vel, como tamb\u00e9m serve como uma magn\u00edfica recorda\u00e7\u00e3o de uma das cidades mais emblem\u00e1ticas de Espanha. A liga\u00e7\u00e3o cultural da capa com Barcelona \u00e9 ineg\u00e1vel, representando n\u00e3o s\u00f3 a inova\u00e7\u00e3o art\u00edstica, mas tamb\u00e9m o orgulho local.<\/p>\n<p>Na Ol\u00e9 Mosaic, especializamo-nos na distribui\u00e7\u00e3o de souvenirs aut\u00eanticos e de qualidade. Esta capa \u00e9 uma excelente op\u00e7\u00e3o para turistas e lojas de presentes que procuram artigos representativos da rica heran\u00e7a cultural de Barcelona. Com as nossas capas de telem\u00f3vel por grosso, garantimos um produto que combina funcionalidade e arte, fazendo com que cada cliente leve consigo um s\u00edmbolo de Barcelona.<\/p>\n","protected":false},"excerpt":{"rendered":"<p>Capa para telem\u00f3vel Samsung A54 de TPU, com um vibrante design de salamandra inspirado na criatividade de Barcelona. Este acess\u00f3rio apresenta um fundo branco com um mosaico que evoca a est\u00e9tica modernista catal\u00e3, adornado com flores coloridas e uma salamandra em tons verdes, azuis e vermelhos. A palavra &#8220;Barcelona&#8221; est\u00e1 impressa na parte inferior, complementando o estilo art\u00edstico da pe\u00e7a, ideal para quem deseja levar um peda\u00e7o desta vibrante cidade.<\/p>\n","protected":false},"featured_media":12575,"template":"","meta":{"_acf_changed":false},"product_brand":[],"product_cat":[685],"product_tag":[516],"class_list":{"0":"post-38145","1":"product","2":"type-product","3":"status-publish","4":"has-post-thumbnail","6":"product_cat-capas-para-telemoveis","7":"product_tag-animais","8":"pa_ciudad-barcelona","9":"pa_motivo-salamandras","10":"pa_pais-espana","12":"first","13":"instock","14":"shipping-taxable","15":"product-type-simple"},"acf":[],"_links":{"self":[{"href":"https:\/\/olemosaic.com\/pt-pt\/wp-json\/wp\/v2\/product\/38145","targetHints":{"allow":["GET"]}}],"collection":[{"href":"https:\/\/olemosaic.com\/pt-pt\/wp-json\/wp\/v2\/product"}],"about":[{"href":"https:\/\/olemosaic.com\/pt-pt\/wp-json\/wp\/v2\/types\/product"}],"wp:featuredmedia":[{"embeddable":true,"href":"https:\/\/olemosaic.com\/pt-pt\/wp-json\/wp\/v2\/media\/12575"}],"wp:attachment":[{"href":"https:\/\/olemosaic.com\/pt-pt\/wp-json\/wp\/v2\/media?parent=38145"}],"wp:term":[{"taxonomy":"product_brand","embeddable":true,"href":"https:\/\/olemosaic.com\/pt-pt\/wp-json\/wp\/v2\/product_brand?post=38145"},{"taxonomy":"product_cat","embeddable":true,"href":"https:\/\/olemosaic.com\/pt-pt\/wp-json\/wp\/v2\/product_cat?post=38145"},{"taxonomy":"product_tag","embeddable":true,"href":"https:\/\/olemosaic.com\/pt-pt\/wp-json\/wp\/v2\/product_tag?post=38145"}],"curies":[{"name":"wp","href":"https:\/\/api.w.org\/{rel}","templated":true}]}}