{"id":38142,"date":"2025-02-20T22:34:28","date_gmt":"2025-02-20T22:34:28","guid":{"rendered":"http:\/\/olemosaic.com\/producto\/4-bols-de-coco-de-13-x-6-cm-flor\/"},"modified":"2025-07-25T20:04:45","modified_gmt":"2025-07-25T18:04:45","slug":"4-tacas-de-coco-de-13-x-6-cm-flor-pt-pt-2","status":"publish","type":"product","link":"https:\/\/olemosaic.com\/pt-pt\/produto\/4-tacas-de-coco-de-13-x-6-cm-flor-pt-pt-2\/","title":{"rendered":"4 Ta\u00e7as de coco de 13 x 6 cm. Flor."},"content":{"rendered":"<p>Este conjunto de 4 ta\u00e7as de coco, de 13 x 6 cm, \u00e9 uma joia que capta a ess\u00eancia do folclore mediterr\u00e2nico em cada detalhe. Cada ta\u00e7a \u00e9 meticulosamente elaborada a partir de cascas de coco, o que as torna uma op\u00e7\u00e3o sustent\u00e1vel e leve, perfeita tanto para servir aperitivos como para decorar. O interior de cada ta\u00e7a \u00e9 embelezado com intrincados motivos florais e uma variedade de cores vibrantes, como azul, verde, dourado e ocre, que evocam a arte tradicional da regi\u00e3o.<\/p>\n<p>Cada ta\u00e7a apresenta um design \u00fanico, o que acrescenta um toque pessoal e distintivo \u00e0 cole\u00e7\u00e3o. Os motivos florais n\u00e3o s\u00f3 real\u00e7am a sua est\u00e9tica, como tamb\u00e9m ligam os utilizadores \u00e0 rica tradi\u00e7\u00e3o cultural do Mediterr\u00e2neo, onde a natureza e o artesanato se entrela\u00e7am para criar pe\u00e7as \u00fanicas. Este conjunto n\u00e3o \u00e9 apenas uma excelente recorda\u00e7\u00e3o para aqueles que desejam levar consigo um peda\u00e7o da cultura mediterr\u00e2nica, mas tamb\u00e9m representa a autenticidade e a criatividade dos artes\u00e3os locais.<\/p>\n<p>Na Ol\u00e9 Mosaic, como grossista de lembran\u00e7as de alta qualidade, oferecemos produtos que refletem a riqueza cultural das suas regi\u00f5es de origem. Este conjunto de ta\u00e7as de coco \u00e9 uma op\u00e7\u00e3o ideal para lojas de presentes tur\u00edsticos que procuram artigos aut\u00eanticos e funcionais, perfeitos para que os visitantes recordem a sua experi\u00eancia no Mediterr\u00e2neo.<\/p>\n","protected":false},"excerpt":{"rendered":"<p>Conjunto de 4 ta\u00e7as de coco de 13 x 6 cm, decoradas com motivos florais e cores vibrantes. Cada ta\u00e7a apresenta um design \u00fanico, com incrusta\u00e7\u00f5es em tons azul, verde, dourado e ocre, que evocam a arte tradicional. Fabricadas a partir de cascas de coco, estas ta\u00e7as artesanais s\u00e3o leves e resistentes, perfeitas para servir aperitivos ou como elementos decorativos. Uma pe\u00e7a ideal que combina funcionalidade e est\u00e9tica, inspirada no folclore mediterr\u00e2nico.<\/p>\n","protected":false},"featured_media":10690,"template":"","meta":{"_acf_changed":false},"product_brand":[],"product_cat":[513],"product_tag":[],"class_list":{"0":"post-38142","1":"product","2":"type-product","3":"status-publish","4":"has-post-thumbnail","6":"product_cat-bols","7":"pa_motivo-flores","9":"first","10":"instock","11":"shipping-taxable","12":"product-type-simple"},"acf":[],"_links":{"self":[{"href":"https:\/\/olemosaic.com\/pt-pt\/wp-json\/wp\/v2\/product\/38142","targetHints":{"allow":["GET"]}}],"collection":[{"href":"https:\/\/olemosaic.com\/pt-pt\/wp-json\/wp\/v2\/product"}],"about":[{"href":"https:\/\/olemosaic.com\/pt-pt\/wp-json\/wp\/v2\/types\/product"}],"wp:featuredmedia":[{"embeddable":true,"href":"https:\/\/olemosaic.com\/pt-pt\/wp-json\/wp\/v2\/media\/10690"}],"wp:attachment":[{"href":"https:\/\/olemosaic.com\/pt-pt\/wp-json\/wp\/v2\/media?parent=38142"}],"wp:term":[{"taxonomy":"product_brand","embeddable":true,"href":"https:\/\/olemosaic.com\/pt-pt\/wp-json\/wp\/v2\/product_brand?post=38142"},{"taxonomy":"product_cat","embeddable":true,"href":"https:\/\/olemosaic.com\/pt-pt\/wp-json\/wp\/v2\/product_cat?post=38142"},{"taxonomy":"product_tag","embeddable":true,"href":"https:\/\/olemosaic.com\/pt-pt\/wp-json\/wp\/v2\/product_tag?post=38142"}],"curies":[{"name":"wp","href":"https:\/\/api.w.org\/{rel}","templated":true}]}}