{"id":38141,"date":"2025-02-20T23:34:28","date_gmt":"2025-02-20T22:34:28","guid":{"rendered":"http:\/\/olemosaic.com\/producto\/4-bols-de-coco-de-13-x-6-cm-salamandra-gran-canaria-2\/"},"modified":"2025-07-25T19:02:19","modified_gmt":"2025-07-25T17:02:19","slug":"4-tacas-de-coco-de-13-x-6-cm-salamandra-gran-canaria-2-pt-pt-2","status":"publish","type":"product","link":"https:\/\/olemosaic.com\/pt-pt\/produto\/4-tacas-de-coco-de-13-x-6-cm-salamandra-gran-canaria-2-pt-pt-2\/","title":{"rendered":"4 Ta\u00e7as de coco de 13 x 6 cm. Salamandra. Motivos florais. Gran Canaria."},"content":{"rendered":"<p>Este conjunto de quatro ta\u00e7as de coco, de 13 x 6 cm cada uma, \u00e9 uma aut\u00eantica homenagem \u00e0 riqueza cultural e natural de Gran Canaria. Cada ta\u00e7a est\u00e1 decorada com a emblem\u00e1tica salamandra can\u00e1ria, um s\u00edmbolo de respeito pelo ambiente e pela biodiversidade da ilha. As cores vibrantes das ta\u00e7as \u2014 azul, laranja, vermelho e dourado \u2014 n\u00e3o s\u00f3 deliciam a vista, como evocam as paisagens ex\u00f3ticas e a biodiversidade de Gran Canaria, tornando cada pe\u00e7a \u00fanica.<\/p>\n<p>A superf\u00edcie das ta\u00e7as apresenta um acabamento que imita uma delicada textura de rede, acentuando o motivo central da salamandra, o que lhes confere um ar art\u00edstico e elegante. Estas pe\u00e7as s\u00e3o perfeitas tanto para servir aperitivos em reuni\u00f5es como para atuar como elementos decorativos, acrescentando um toque ex\u00f3tico a qualquer espa\u00e7o. O seu design n\u00e3o s\u00f3 real\u00e7a o artesanato tradicional can\u00e1rio, como tamb\u00e9m convida os turistas a levar um pedacinho de Gran Canaria para casa.<\/p>\n<p>Na Ol\u00e9 Mosaic, oferecemos uma gama de lembran\u00e7as aut\u00eanticas, e este conjunto de ta\u00e7as \u00e9 uma excelente op\u00e7\u00e3o para lojas de presentes tur\u00edsticos que procuram produtos com hist\u00f3ria. Estas ta\u00e7as de coco n\u00e3o s\u00e3o apenas \u00fateis, mas tamb\u00e9m uma recorda\u00e7\u00e3o representativa da beleza e cultura de Gran Canaria, consolidando a sua relev\u00e2ncia cultural e autenticidade como lembran\u00e7as.<\/p>\n","protected":false},"excerpt":{"rendered":"<p>Conjunto de 4 ta\u00e7as de coco de 13 x 6 cm, decoradas com a emblem\u00e1tica salamandra de Gran Canaria. Cada ta\u00e7a apresenta um design \u00fanico, com cores vibrantes azul, laranja, vermelho e dourado, que evocam a riqueza natural da ilha. A sua superf\u00edcie est\u00e1 adornada com um acabamento que imita uma delicada textura de rede, real\u00e7ando o motivo central da salamandra, s\u00edmbolo da cultura can\u00e1ria. Perfeitas para servir aperitivos ou como elementos decorativos na sua casa.<\/p>\n","protected":false},"featured_media":10648,"template":"","meta":{"_acf_changed":false},"product_brand":[],"product_cat":[513],"product_tag":[516],"class_list":{"0":"post-38141","1":"product","2":"type-product","3":"status-publish","4":"has-post-thumbnail","6":"product_cat-bols","7":"product_tag-animais","8":"pa_ciudad-gran-canaria","9":"pa_motivo-salamandras","10":"pa_pais-espana","12":"first","13":"instock","14":"shipping-taxable","15":"product-type-simple"},"acf":[],"_links":{"self":[{"href":"https:\/\/olemosaic.com\/pt-pt\/wp-json\/wp\/v2\/product\/38141","targetHints":{"allow":["GET"]}}],"collection":[{"href":"https:\/\/olemosaic.com\/pt-pt\/wp-json\/wp\/v2\/product"}],"about":[{"href":"https:\/\/olemosaic.com\/pt-pt\/wp-json\/wp\/v2\/types\/product"}],"wp:featuredmedia":[{"embeddable":true,"href":"https:\/\/olemosaic.com\/pt-pt\/wp-json\/wp\/v2\/media\/10648"}],"wp:attachment":[{"href":"https:\/\/olemosaic.com\/pt-pt\/wp-json\/wp\/v2\/media?parent=38141"}],"wp:term":[{"taxonomy":"product_brand","embeddable":true,"href":"https:\/\/olemosaic.com\/pt-pt\/wp-json\/wp\/v2\/product_brand?post=38141"},{"taxonomy":"product_cat","embeddable":true,"href":"https:\/\/olemosaic.com\/pt-pt\/wp-json\/wp\/v2\/product_cat?post=38141"},{"taxonomy":"product_tag","embeddable":true,"href":"https:\/\/olemosaic.com\/pt-pt\/wp-json\/wp\/v2\/product_tag?post=38141"}],"curies":[{"name":"wp","href":"https:\/\/api.w.org\/{rel}","templated":true}]}}