{"id":38133,"date":"2025-02-20T23:34:21","date_gmt":"2025-02-20T22:34:21","guid":{"rendered":"http:\/\/olemosaic.com\/producto\/saleros-de-ceramica-salamandra-y-flores-barcelona-blanco\/"},"modified":"2025-07-25T19:22:23","modified_gmt":"2025-07-25T17:22:23","slug":"saleiros-de-ceramica-salamandra-e-flores-barcelona-branco-pt-pt-2","status":"publish","type":"product","link":"https:\/\/olemosaic.com\/pt-pt\/produto\/saleiros-de-ceramica-salamandra-e-flores-barcelona-branco-pt-pt-2\/","title":{"rendered":"Saleiros de cer\u00e2mica. Salamandra e flores. Barcelona. Branco."},"content":{"rendered":"<p>Este saleiro de cer\u00e2mica, decorado \u00e0 m\u00e3o, \u00e9 uma pe\u00e7a aut\u00eantica que capta a ess\u00eancia vibrante da cultura barcelonesa. Elaborado com delicadeza, cada saleiro apresenta uma chamativa salamandra numa paleta de cores vivas, como o vermelho, o verde e o azul, que evocam a energia e a arte da cidade. A salamandra, um s\u00edmbolo hist\u00f3rico e arquitet\u00f3nico na obra de Antoni Gaud\u00ed, est\u00e1 rodeada de requintados motivos florais sobre um fundo branco que real\u00e7a o design de mosaico, t\u00edpico da singular est\u00e9tica modernista da regi\u00e3o. A inscri\u00e7\u00e3o &#8220;Barcelona&#8221;, elegantemente aderida, adiciona um toque distintivo, convertendo este objeto numa recorda\u00e7\u00e3o carinhosa e representativa da cidade.<\/p>\n<p>Com o seu design divertido e colorido, este saleiro n\u00e3o s\u00f3 \u00e9 funcional, permitindo temperar os seus pratos, como tamb\u00e9m se torna um elemento decorativo ideal para qualquer mesa ou cozinha, proporcionando um ar art\u00edstico e aut\u00eantico. A sua liga\u00e7\u00e3o cultural com Barcelona, famosa pela sua arquitetura \u00fanica e pela sua rica heran\u00e7a art\u00edstica, torna-o o souvenir perfeito para os turistas que desejam levar para casa um pedacinho desta maravilhosa cidade. Na Ol\u00e9 Mosaic, como grossistas de souvenirs de cer\u00e2mica, comprometemo-nos a oferecer produtos aut\u00eanticos que reflitam a rica tradi\u00e7\u00e3o cultural de Espanha, e este saleiro \u00e9, sem d\u00favida, uma excelente op\u00e7\u00e3o para lojas de presentes tur\u00edsticos que apreciam a qualidade e a criatividade nas suas ofertas.<\/p>\n","protected":false},"excerpt":{"rendered":"<p>Saleiros de cer\u00e2mica decorados com estilo artesanal, inspirados na vibrante cultura de Barcelona. Cada saleiro apresenta uma chamativa salamandra em vermelho, verde e azul, rodeada de motivos florais sobre um fundo branco com design de mosaico. A inscri\u00e7\u00e3o &#8220;Barcelona&#8221; destaca-se elegantemente sobre o saleiro, conferindo um toque distintivo. Perfeitos para dar um toque art\u00edstico e aut\u00eantico \u00e0 sua mesa ou cozinha, combinando funcionalidade e est\u00e9tica catal\u00e3.<\/p>\n","protected":false},"featured_media":8081,"template":"","meta":{"_acf_changed":false},"product_brand":[],"product_cat":[821],"product_tag":[516,515],"class_list":{"0":"post-38133","1":"product","2":"type-product","3":"status-publish","4":"has-post-thumbnail","6":"product_cat-saleiros","7":"product_tag-animais","8":"product_tag-ceramica","9":"pa_ciudad-barcelona","10":"pa_motivo-salamandras","11":"pa_pais-espana","13":"first","14":"instock","15":"shipping-taxable","16":"product-type-simple"},"acf":[],"_links":{"self":[{"href":"https:\/\/olemosaic.com\/pt-pt\/wp-json\/wp\/v2\/product\/38133","targetHints":{"allow":["GET"]}}],"collection":[{"href":"https:\/\/olemosaic.com\/pt-pt\/wp-json\/wp\/v2\/product"}],"about":[{"href":"https:\/\/olemosaic.com\/pt-pt\/wp-json\/wp\/v2\/types\/product"}],"wp:featuredmedia":[{"embeddable":true,"href":"https:\/\/olemosaic.com\/pt-pt\/wp-json\/wp\/v2\/media\/8081"}],"wp:attachment":[{"href":"https:\/\/olemosaic.com\/pt-pt\/wp-json\/wp\/v2\/media?parent=38133"}],"wp:term":[{"taxonomy":"product_brand","embeddable":true,"href":"https:\/\/olemosaic.com\/pt-pt\/wp-json\/wp\/v2\/product_brand?post=38133"},{"taxonomy":"product_cat","embeddable":true,"href":"https:\/\/olemosaic.com\/pt-pt\/wp-json\/wp\/v2\/product_cat?post=38133"},{"taxonomy":"product_tag","embeddable":true,"href":"https:\/\/olemosaic.com\/pt-pt\/wp-json\/wp\/v2\/product_tag?post=38133"}],"curies":[{"name":"wp","href":"https:\/\/api.w.org\/{rel}","templated":true}]}}