{"id":38132,"date":"2025-02-20T22:30:47","date_gmt":"2025-02-20T22:30:47","guid":{"rendered":"http:\/\/olemosaic.com\/producto\/bol-de-coco-naranja-sardina-lisboa\/"},"modified":"2025-07-25T18:37:47","modified_gmt":"2025-07-25T16:37:47","slug":"taca-de-coco-laranja-sardinha-lisboa-pt-pt-2","status":"publish","type":"product","link":"https:\/\/olemosaic.com\/pt-pt\/produto\/taca-de-coco-laranja-sardinha-lisboa-pt-pt-2\/","title":{"rendered":"Ta\u00e7a de coco laranja. Sardinha. Lisboa."},"content":{"rendered":"<p>Esta ta\u00e7a de coco laranja, decorada com uma sardinha, \u00e9 uma aut\u00eantica joia artesanal elaborada em Lisboa, ideal para quem procura uma recorda\u00e7\u00e3o distintiva da rica heran\u00e7a cultural portuguesa. O seu vibrante acabamento em tons laranja e dourados reflete o calor do sol lisboeta, adicionando um toque de alegria a qualquer mesa. No centro, uma sardinha estilizada simboliza a gastronomia local, un elemento fundamental na identidade culin\u00e1ria de Lisboa. Esta pe\u00e7a \u00fanica n\u00e3o s\u00f3 \u00e9 funcional, perfeita para servir aperitivos ou saladas, como tamb\u00e9m \u00e9 um atraente elemento decorativo que real\u00e7ar\u00e1 qualquer divis\u00e3o.<\/p>\n<p>As t\u00e9cnicas artesanais empregadas na sua elabora\u00e7\u00e3o demonstram a dedica\u00e7\u00e3o e o esmero dos artistas locais, garantindo que cada ta\u00e7a seja uma obra \u00fanica. O padr\u00e3o texturizado que rodeia o design da sardinha confere profundidade e um efeito visual cativante, tornando-a um aut\u00eantico atrativo para visitantes e locais por igual. Esta ta\u00e7a \u00e9 uma excelente recorda\u00e7\u00e3o para quem deseje levar um peda\u00e7o de Portugal, refletindo a autenticidade e tradi\u00e7\u00e3o de Lisboa. Na Ol\u00e9 Mosaic, orgulhamo-nos de oferecer recorda\u00e7\u00f5es de coco da mais alta qualidade, perfeitas para lojas de presentes tur\u00edsticos que procuram destacar produtos aut\u00eanticos e culturalmente significativos.<\/p>\n","protected":false},"excerpt":{"rendered":"<p>Ta\u00e7a de coco laranja decorada com uma sardinha, feita em Lisboa. Esta singular ta\u00e7a apresenta um acabamento brilhante em tons alaranjados e dourados, com um design que evoca as t\u00e9cnicas artesanais portuguesas. A sardinha, s\u00edmbolo da gastronomia local, est\u00e1 elegantemente representada no centro, rodeada por um padr\u00e3o texturizado que confere profundidade e apelo visual. Ideal para servir aperitivos ou como pe\u00e7a decorativa, esta ta\u00e7a combina funcionalidade e arte num design cativante.<\/p>\n","protected":false},"featured_media":10086,"template":"","meta":{"_acf_changed":false},"product_brand":[],"product_cat":[513],"product_tag":[516],"class_list":{"0":"post-38132","1":"product","2":"type-product","3":"status-publish","4":"has-post-thumbnail","6":"product_cat-bols","7":"product_tag-animais","8":"pa_ciudad-lisboa","9":"pa_motivo-sardinhas","10":"pa_pais-portugal","12":"first","13":"instock","14":"shipping-taxable","15":"product-type-simple"},"acf":[],"_links":{"self":[{"href":"https:\/\/olemosaic.com\/pt-pt\/wp-json\/wp\/v2\/product\/38132","targetHints":{"allow":["GET"]}}],"collection":[{"href":"https:\/\/olemosaic.com\/pt-pt\/wp-json\/wp\/v2\/product"}],"about":[{"href":"https:\/\/olemosaic.com\/pt-pt\/wp-json\/wp\/v2\/types\/product"}],"wp:featuredmedia":[{"embeddable":true,"href":"https:\/\/olemosaic.com\/pt-pt\/wp-json\/wp\/v2\/media\/10086"}],"wp:attachment":[{"href":"https:\/\/olemosaic.com\/pt-pt\/wp-json\/wp\/v2\/media?parent=38132"}],"wp:term":[{"taxonomy":"product_brand","embeddable":true,"href":"https:\/\/olemosaic.com\/pt-pt\/wp-json\/wp\/v2\/product_brand?post=38132"},{"taxonomy":"product_cat","embeddable":true,"href":"https:\/\/olemosaic.com\/pt-pt\/wp-json\/wp\/v2\/product_cat?post=38132"},{"taxonomy":"product_tag","embeddable":true,"href":"https:\/\/olemosaic.com\/pt-pt\/wp-json\/wp\/v2\/product_tag?post=38132"}],"curies":[{"name":"wp","href":"https:\/\/api.w.org\/{rel}","templated":true}]}}