{"id":38131,"date":"2025-02-20T23:30:47","date_gmt":"2025-02-20T22:30:47","guid":{"rendered":"http:\/\/olemosaic.com\/producto\/bol-de-coco-naranja-delfin-barcelona-2\/"},"modified":"2025-07-25T19:56:48","modified_gmt":"2025-07-25T17:56:48","slug":"taca-de-coco-laranja-golfinho-barcelona-2-pt-pt-2","status":"publish","type":"product","link":"https:\/\/olemosaic.com\/pt-pt\/produto\/taca-de-coco-laranja-golfinho-barcelona-2-pt-pt-2\/","title":{"rendered":"Ta\u00e7a de coco laranja. Golfinho. Barcelona."},"content":{"rendered":"<p>Esta ta\u00e7a de coco laranja decorada com golfinhos \u00e9 uma encantadora recorda\u00e7\u00e3o de Barcelona que encapsula a ess\u00eancia do Mediterr\u00e2neo. Fabricada a partir de casca de coco, esta ta\u00e7a apresenta um design vibrante em tons laranja brilhante, que evocam os impressionantes pores do sol que se podem contemplar ao longo da costa catal\u00e3. A sua superf\u00edcie est\u00e1 meticulosamente pintada \u00e0 m\u00e3o com detalhes que representam dois golfinhos em movimento, simbolizando a alegria e a liberdade do mar. No centro, destaca-se o texto &#8220;Barcelona&#8221;, adicionando um toque pessoal e representativo da cidade.<\/p>\n<p>Esta ta\u00e7a n\u00e3o s\u00f3 \u00e9 um objeto decorativo, como tamb\u00e9m uma pe\u00e7a cultural que reflete a rica tradi\u00e7\u00e3o artesanal da regi\u00e3o. Perfeita para quem procura recorda\u00e7\u00f5es aut\u00eanticas, este produto \u00e9 ideal para embelezar qualquer espa\u00e7o, conferindo um toque ex\u00f3tico e quente que recordar\u00e1 aos seus donos os momentos vividos na costa de Barcelona. Na Ol\u00e9 Mosaic, somos distribuidores de recorda\u00e7\u00f5es elaboradas \u00e0 m\u00e3o e garantimos a autenticidade e qualidade em cada artigo. Esta ta\u00e7a de coco laranja \u00e9 uma excelente op\u00e7\u00e3o para lojas de presentes tur\u00edsticos que desejam oferecer produtos que realcem a beleza e a cultura da regi\u00e3o. Um verdadeiro tesouro do Mediterr\u00e2neo que encantar\u00e1 turistas e locais por igual.<\/p>\n","protected":false},"excerpt":{"rendered":"<p>Ta\u00e7a de coco laranja decorada com dois golfinhos e a palavra &#8220;Barcelona&#8221;. Esta atraente recorda\u00e7\u00e3o representa a ess\u00eancia do Mediterr\u00e2neo, com o seu design em tons laranja brilhantes que evocam os pores do sol junto ao mar. A pe\u00e7a \u00e9 feita a partir de casca de coco, com detalhes pintados \u00e0 m\u00e3o que real\u00e7am os golfinhos em movimento. Ideal para conferir um toque ex\u00f3tico e quente a qualquer espa\u00e7o.<\/p>\n","protected":false},"featured_media":10153,"template":"","meta":{"_acf_changed":false},"product_brand":[],"product_cat":[513],"product_tag":[516],"class_list":{"0":"post-38131","1":"product","2":"type-product","3":"status-publish","4":"has-post-thumbnail","6":"product_cat-bols","7":"product_tag-animais","8":"pa_ciudad-barcelona","9":"pa_motivo-golfinhos","10":"pa_pais-espana","12":"first","13":"instock","14":"shipping-taxable","15":"product-type-simple"},"acf":[],"_links":{"self":[{"href":"https:\/\/olemosaic.com\/pt-pt\/wp-json\/wp\/v2\/product\/38131","targetHints":{"allow":["GET"]}}],"collection":[{"href":"https:\/\/olemosaic.com\/pt-pt\/wp-json\/wp\/v2\/product"}],"about":[{"href":"https:\/\/olemosaic.com\/pt-pt\/wp-json\/wp\/v2\/types\/product"}],"wp:featuredmedia":[{"embeddable":true,"href":"https:\/\/olemosaic.com\/pt-pt\/wp-json\/wp\/v2\/media\/10153"}],"wp:attachment":[{"href":"https:\/\/olemosaic.com\/pt-pt\/wp-json\/wp\/v2\/media?parent=38131"}],"wp:term":[{"taxonomy":"product_brand","embeddable":true,"href":"https:\/\/olemosaic.com\/pt-pt\/wp-json\/wp\/v2\/product_brand?post=38131"},{"taxonomy":"product_cat","embeddable":true,"href":"https:\/\/olemosaic.com\/pt-pt\/wp-json\/wp\/v2\/product_cat?post=38131"},{"taxonomy":"product_tag","embeddable":true,"href":"https:\/\/olemosaic.com\/pt-pt\/wp-json\/wp\/v2\/product_tag?post=38131"}],"curies":[{"name":"wp","href":"https:\/\/api.w.org\/{rel}","templated":true}]}}