{"id":38129,"date":"2025-02-20T22:30:47","date_gmt":"2025-02-20T22:30:47","guid":{"rendered":"http:\/\/olemosaic.com\/producto\/bol-de-coco-multicolor-arcoiris\/"},"modified":"2025-07-25T19:17:51","modified_gmt":"2025-07-25T17:17:51","slug":"taca-de-coco-multicolor-arco-iris-pt-pt-2","status":"publish","type":"product","link":"https:\/\/olemosaic.com\/pt-pt\/produto\/taca-de-coco-multicolor-arco-iris-pt-pt-2\/","title":{"rendered":"Ta\u00e7a de coco multicolor. Arco-\u00edris."},"content":{"rendered":"<p>Esta ta\u00e7a de coco multicolor, inspirada no arco-\u00edris, \u00e9 uma pe\u00e7a vibrante que combina funcionalidade e est\u00e9tica, perfeita para quem deseja adicionar um toque de cor aos seus espa\u00e7os. Fabricada com casca de coco, este acess\u00f3rio destaca-se pelo seu design org\u00e2nico e sustent\u00e1vel, que evoca a beleza natural do seu material base. A parte exterior da ta\u00e7a apresenta um acabamento escuro que real\u00e7a as tonalidades brilhantes do seu interior, onde uma cuidadosa distribui\u00e7\u00e3o de cores \u2013 desde o vermelho intenso e o laranja vibrante at\u00e9 ao azul e o verde suaves \u2013 cria um efeito alegre, evocativo do esplendor de um arco-\u00edris. Esta ta\u00e7a n\u00e3o s\u00f3 \u00e9 ideal para servir aperitivos, como tamb\u00e9m pode ser utilizada como elemento decorativo em mesas ou prateleiras, conferindo um ar festivo e divertido.<\/p>\n<p>A ta\u00e7a de coco representa a riqueza do artesanato local, tornando-se uma aut\u00eantica recorda\u00e7\u00e3o que reflete a cultura e o estilo de vida mediterr\u00e2nico. Na Ol\u00e9 Mosaic, como distribuidor de recorda\u00e7\u00f5es por grosso, oferecemos produtos \u00fanicos que captam a ess\u00eancia de cada regi\u00e3o. Esta ta\u00e7a de coco multicolor \u00e9 uma excelente escolha para lojas de presentes tur\u00edsticos que procuram autenticidade e cor no seu sortido de recorda\u00e7\u00f5es.<\/p>\n","protected":false},"excerpt":{"rendered":"<p>Ta\u00e7a de coco multicolor, inspirada no arco-\u00edris e ideal para decorar ou servir aperitivos. Esta vibrante ta\u00e7a apresenta uma cuidada distribui\u00e7\u00e3o de cores, desde o vermelho e laranja intensos at\u00e9 ao azul e verde suaves, criando um efeito alegre e luminoso. Fabricada com casca de coco, destaca-se pelo seu design org\u00e2nico e sustent\u00e1vel, e o seu interior brilhante real\u00e7a a est\u00e9tica natural do material. Perfeita para adicionar um toque de cor a qualquer mesa ou espa\u00e7o.<\/p>\n","protected":false},"featured_media":13522,"template":"","meta":{"_acf_changed":false},"product_brand":[],"product_cat":[513],"product_tag":[],"class_list":{"0":"post-38129","1":"product","2":"type-product","3":"status-publish","4":"has-post-thumbnail","6":"product_cat-bols","7":"pa_motivo-arco-iris","9":"first","10":"instock","11":"shipping-taxable","12":"product-type-simple"},"acf":[],"_links":{"self":[{"href":"https:\/\/olemosaic.com\/pt-pt\/wp-json\/wp\/v2\/product\/38129","targetHints":{"allow":["GET"]}}],"collection":[{"href":"https:\/\/olemosaic.com\/pt-pt\/wp-json\/wp\/v2\/product"}],"about":[{"href":"https:\/\/olemosaic.com\/pt-pt\/wp-json\/wp\/v2\/types\/product"}],"wp:featuredmedia":[{"embeddable":true,"href":"https:\/\/olemosaic.com\/pt-pt\/wp-json\/wp\/v2\/media\/13522"}],"wp:attachment":[{"href":"https:\/\/olemosaic.com\/pt-pt\/wp-json\/wp\/v2\/media?parent=38129"}],"wp:term":[{"taxonomy":"product_brand","embeddable":true,"href":"https:\/\/olemosaic.com\/pt-pt\/wp-json\/wp\/v2\/product_brand?post=38129"},{"taxonomy":"product_cat","embeddable":true,"href":"https:\/\/olemosaic.com\/pt-pt\/wp-json\/wp\/v2\/product_cat?post=38129"},{"taxonomy":"product_tag","embeddable":true,"href":"https:\/\/olemosaic.com\/pt-pt\/wp-json\/wp\/v2\/product_tag?post=38129"}],"curies":[{"name":"wp","href":"https:\/\/api.w.org\/{rel}","templated":true}]}}