{"id":38128,"date":"2025-02-20T22:30:47","date_gmt":"2025-02-20T22:30:47","guid":{"rendered":"http:\/\/olemosaic.com\/producto\/bol-de-coco-dorado-metalizado\/"},"modified":"2025-07-25T18:43:02","modified_gmt":"2025-07-25T16:43:02","slug":"taca-de-coco-dourada-metalizada-pt-pt-2","status":"publish","type":"product","link":"https:\/\/olemosaic.com\/pt-pt\/produto\/taca-de-coco-dourada-metalizada-pt-pt-2\/","title":{"rendered":"Ta\u00e7a de coco dourada. Metalizada."},"content":{"rendered":"<p>Esta ta\u00e7a de coco metalizada \u00e9 uma pe\u00e7a decorativa imprescind\u00edvel para quem procura um toque de eleg\u00e2ncia na sua casa. Fabricada atrav\u00e9s de um processo inovador que conserva a ess\u00eancia brilhante do coco, apresenta um acabamento dourado que confere luminosidade e sofistica\u00e7\u00e3o a qualquer canto. O seu design oval e suave ao toque torna-a o complemento perfeito, ideal para exibir pequenos objetos, como joias ou velas, ou mesmo como um encantador centro de mesa que capta a aten\u00e7\u00e3o de todos os visitantes.<\/p>\n<p>O tom dourado real\u00e7a as linhas curvas da ta\u00e7a, criando um contraste visual atraente e distintivo. Este produto n\u00e3o s\u00f3 \u00e9 esteticamente belo, como tamb\u00e9m \u00e9 robusto e resistente, garantindo o seu uso tanto decorativo como funcional no dia a dia. Origin\u00e1ria de regi\u00f5es onde a arte da decora\u00e7\u00e3o com materiais naturais \u00e9 uma tradi\u00e7\u00e3o, esta ta\u00e7a \u00e9 uma excelente recorda\u00e7\u00e3o da rica cultura artesanal que caracteriza estes locais.<\/p>\n<p>Na Ol\u00e9 Mosaic, como grossista de recorda\u00e7\u00f5es, oferecemos esta ta\u00e7a de coco metalizada como uma op\u00e7\u00e3o ideal para as lojas de presentes tur\u00edsticos que procuram produtos aut\u00eanticos e de alta qualidade. Esta recorda\u00e7\u00e3o n\u00e3o s\u00f3 real\u00e7a a diversidade cultural da sua origem, como tamb\u00e9m serve como uma lembran\u00e7a elegante e distintiva de uma experi\u00eancia memor\u00e1vel.<\/p>\n","protected":false},"excerpt":{"rendered":"<p>Ta\u00e7a de coco metalizada dourada, ideal para decorar qualquer canto. Fabricada com material resistente, apresenta um acabamento brilhante que confere um toque de eleg\u00e2ncia. O seu design oval e suave ao toque torna-a perfeita para exibir pequenos objetos ou como centro de mesa. A tonalidade dourada real\u00e7a as formas curvas da ta\u00e7a, tornando-a um acess\u00f3rio atraente e distintivo para a casa.<\/p>\n","protected":false},"featured_media":10380,"template":"","meta":{"_acf_changed":false},"product_brand":[],"product_cat":[513],"product_tag":[],"class_list":{"0":"post-38128","1":"product","2":"type-product","3":"status-publish","4":"has-post-thumbnail","6":"product_cat-bols","7":"pa_motivo-metalizado","9":"first","10":"instock","11":"shipping-taxable","12":"product-type-simple"},"acf":[],"_links":{"self":[{"href":"https:\/\/olemosaic.com\/pt-pt\/wp-json\/wp\/v2\/product\/38128","targetHints":{"allow":["GET"]}}],"collection":[{"href":"https:\/\/olemosaic.com\/pt-pt\/wp-json\/wp\/v2\/product"}],"about":[{"href":"https:\/\/olemosaic.com\/pt-pt\/wp-json\/wp\/v2\/types\/product"}],"wp:featuredmedia":[{"embeddable":true,"href":"https:\/\/olemosaic.com\/pt-pt\/wp-json\/wp\/v2\/media\/10380"}],"wp:attachment":[{"href":"https:\/\/olemosaic.com\/pt-pt\/wp-json\/wp\/v2\/media?parent=38128"}],"wp:term":[{"taxonomy":"product_brand","embeddable":true,"href":"https:\/\/olemosaic.com\/pt-pt\/wp-json\/wp\/v2\/product_brand?post=38128"},{"taxonomy":"product_cat","embeddable":true,"href":"https:\/\/olemosaic.com\/pt-pt\/wp-json\/wp\/v2\/product_cat?post=38128"},{"taxonomy":"product_tag","embeddable":true,"href":"https:\/\/olemosaic.com\/pt-pt\/wp-json\/wp\/v2\/product_tag?post=38128"}],"curies":[{"name":"wp","href":"https:\/\/api.w.org\/{rel}","templated":true}]}}