{"id":38125,"date":"2025-02-20T23:29:49","date_gmt":"2025-02-20T22:29:49","guid":{"rendered":"http:\/\/olemosaic.com\/producto\/bol-de-coco-azul-sardina-lisboa-4\/"},"modified":"2025-07-25T18:48:21","modified_gmt":"2025-07-25T16:48:21","slug":"taca-de-coco-azul-sardinha-lisboa-4-pt-pt-2","status":"publish","type":"product","link":"https:\/\/olemosaic.com\/pt-pt\/produto\/taca-de-coco-azul-sardinha-lisboa-4-pt-pt-2\/","title":{"rendered":"Ta\u00e7a de coco azul. Sardinha. Lisboa. Portugal. Fundo marinho."},"content":{"rendered":"<p>Esta ta\u00e7a de coco azul decorada \u00e9 uma recorda\u00e7\u00e3o encantadora que representa a vibrante gastronomia de Lisboa. Com um fundo azul intenso que evoca o mar Mediterr\u00e2neo, apresenta um design que inclui uma simp\u00e1tica sardinha, s\u00edmbolo da rica tradi\u00e7\u00e3o piscat\u00f3ria da cidade. A palavra &#8220;LISBOA&#8221; destaca-se no centro da ta\u00e7a, rodeada por uma borda intrincada que combina texturas que recordam as ondas do oceano. Cada ta\u00e7a \u00e9 pintada \u00e0 m\u00e3o, o que garante um toque pessoal e exclusivo, tornando cada pe\u00e7a \u00fanica.<\/p>\n<p>Esta ta\u00e7a \u00e9 ideal para servir deliciosos aperitivos portugueses, como as tapas de peixe, ou simplesmente como um atraente elemento decorativo em qualquer casa. O seu design aut\u00eantico e colorido n\u00e3o s\u00f3 capta a ess\u00eancia de Lisboa, como tamb\u00e9m convida os turistas a levar um peda\u00e7o da cultura local. Na Ol\u00e9 Mosaic, especializamo-nos na distribui\u00e7\u00e3o de recorda\u00e7\u00f5es por grosso, e esta ta\u00e7a de coco azul \u00e9 uma excelente op\u00e7\u00e3o para lojas de presentes tur\u00edsticos que procuram produtos que representem a singularidade e a riqueza cultural dos seus destinos. Ofere\u00e7a aos seus clientes uma recorda\u00e7\u00e3o de Lisboa que combina arte, tradi\u00e7\u00e3o e funcionalidade em cada utiliza\u00e7\u00e3o.<\/p>\n","protected":false},"excerpt":{"rendered":"<p>Ta\u00e7a de coco azul decorada com um simp\u00e1tico design de sardinha, que representa a ess\u00eancia gastron\u00f3mica de Lisboa. Esta ta\u00e7a atraente apresenta um fundo azul vibrante com uma borda intrincada de texturas que evocam o mar. No centro, a palavra &#8220;LISBOA&#8221; destaca-se junto \u00e0 sardinha, num design artesanal, pintado \u00e0 m\u00e3o, o que acrescenta um toque pessoal e \u00fanico ao produto. Ideal para servir aperitivos ou como elemento decorativo.<\/p>\n","protected":false},"featured_media":11795,"template":"","meta":{"_acf_changed":false},"product_brand":[],"product_cat":[513],"product_tag":[516],"class_list":{"0":"post-38125","1":"product","2":"type-product","3":"status-publish","4":"has-post-thumbnail","6":"product_cat-bols","7":"product_tag-animais","8":"pa_ciudad-lisboa","9":"pa_motivo-sardinhas","10":"pa_pais-portugal","12":"first","13":"instock","14":"shipping-taxable","15":"product-type-simple"},"acf":[],"_links":{"self":[{"href":"https:\/\/olemosaic.com\/pt-pt\/wp-json\/wp\/v2\/product\/38125","targetHints":{"allow":["GET"]}}],"collection":[{"href":"https:\/\/olemosaic.com\/pt-pt\/wp-json\/wp\/v2\/product"}],"about":[{"href":"https:\/\/olemosaic.com\/pt-pt\/wp-json\/wp\/v2\/types\/product"}],"wp:featuredmedia":[{"embeddable":true,"href":"https:\/\/olemosaic.com\/pt-pt\/wp-json\/wp\/v2\/media\/11795"}],"wp:attachment":[{"href":"https:\/\/olemosaic.com\/pt-pt\/wp-json\/wp\/v2\/media?parent=38125"}],"wp:term":[{"taxonomy":"product_brand","embeddable":true,"href":"https:\/\/olemosaic.com\/pt-pt\/wp-json\/wp\/v2\/product_brand?post=38125"},{"taxonomy":"product_cat","embeddable":true,"href":"https:\/\/olemosaic.com\/pt-pt\/wp-json\/wp\/v2\/product_cat?post=38125"},{"taxonomy":"product_tag","embeddable":true,"href":"https:\/\/olemosaic.com\/pt-pt\/wp-json\/wp\/v2\/product_tag?post=38125"}],"curies":[{"name":"wp","href":"https:\/\/api.w.org\/{rel}","templated":true}]}}