{"id":38124,"date":"2025-02-20T23:29:49","date_gmt":"2025-02-20T22:29:49","guid":{"rendered":"http:\/\/olemosaic.com\/producto\/bol-de-coco-azul-delfin-gran-canaria-2\/"},"modified":"2025-07-25T18:38:44","modified_gmt":"2025-07-25T16:38:44","slug":"taca-de-coco-azul-golfinho-gran-canaria-2-pt-pt-2","status":"publish","type":"product","link":"https:\/\/olemosaic.com\/pt-pt\/produto\/taca-de-coco-azul-golfinho-gran-canaria-2-pt-pt-2\/","title":{"rendered":"Ta\u00e7a de coco azul. Golfinho. Mosaico. Gran Canaria."},"content":{"rendered":"<p>Esta ta\u00e7a de coco azul decorada \u00e9 uma recorda\u00e7\u00e3o encantadora de Gran Canaria que capta a ess\u00eancia do oceano e da cultura can\u00e1ria. Elaborada com uma t\u00e9cnica artesanal meticulosa, cada ta\u00e7a apresenta uma brilhante combina\u00e7\u00e3o de cores em tons azuis, verdes e rosados, criando um belo mosaico que evoca a frescura das \u00e1guas do Atl\u00e2ntico. No interior, aprecia-se uma bela representa\u00e7\u00e3o de dois golfinhos a nadar em harmonia, um s\u00edmbolo da liga\u00e7\u00e3o com o mar que caracteriza a vida nas Ilhas Can\u00e1rias. No centro, uma delicada placa de n\u00e1car tem gravada a palavra &#8220;Gran Canaria&#8221;, que acrescenta um toque de sofistica\u00e7\u00e3o e autenticidade a esta pe\u00e7a.<\/p>\n<p>Esta ta\u00e7a n\u00e3o s\u00f3 \u00e9 ideal para o uso quotidiano, como servir aperitivos ou como elemento decorativo em qualquer casa, mas \u00e9 tamb\u00e9m uma recorda\u00e7\u00e3o visual da beleza natural e da vibrante cultura das ilhas. Cada ta\u00e7a de coco azul \u00e9 um verdadeiro s\u00edmbolo da tradi\u00e7\u00e3o artesanal can\u00e1ria, perfeito para os turistas que procuram recorda\u00e7\u00f5es que encapsulem a sua experi\u00eancia na ilha. Na Ol\u00e9 Mosaic, somos distribuidores de recorda\u00e7\u00f5es de Gran Canaria e oferecemos uma variedade de produtos aut\u00eanticos que refletem a rica heran\u00e7a cultural da regi\u00e3o. Esta ta\u00e7a \u00e9 uma excelente op\u00e7\u00e3o para lojas de presentes tur\u00edsticos que desejem oferecer artigos \u00fanicos e representativos da sua viagem.<\/p>\n","protected":false},"excerpt":{"rendered":"<p>Ta\u00e7a de coco azul decorada com motivos marinhos, que representa dois golfinhos sobre um fundo branco brilhante. Este souvenir encantador de Gran Canaria, elaborado de forma artesanal, apresenta um precioso mosaico de cores em tons azuis, verdes e rosados, bem como uma placa de n\u00e1car com o texto &#8220;Gran Canaria&#8221;. Perfeita como elemento decorativo ou para uso quotidiano, evoca a beleza do oceano e a cultura can\u00e1ria.<\/p>\n","protected":false},"featured_media":10359,"template":"","meta":{"_acf_changed":false},"product_brand":[],"product_cat":[513],"product_tag":[516],"class_list":{"0":"post-38124","1":"product","2":"type-product","3":"status-publish","4":"has-post-thumbnail","6":"product_cat-bols","7":"product_tag-animais","8":"pa_ciudad-gran-canaria","9":"pa_motivo-golfinhos","10":"pa_pais-espana","12":"first","13":"instock","14":"shipping-taxable","15":"product-type-simple"},"acf":[],"_links":{"self":[{"href":"https:\/\/olemosaic.com\/pt-pt\/wp-json\/wp\/v2\/product\/38124","targetHints":{"allow":["GET"]}}],"collection":[{"href":"https:\/\/olemosaic.com\/pt-pt\/wp-json\/wp\/v2\/product"}],"about":[{"href":"https:\/\/olemosaic.com\/pt-pt\/wp-json\/wp\/v2\/types\/product"}],"wp:featuredmedia":[{"embeddable":true,"href":"https:\/\/olemosaic.com\/pt-pt\/wp-json\/wp\/v2\/media\/10359"}],"wp:attachment":[{"href":"https:\/\/olemosaic.com\/pt-pt\/wp-json\/wp\/v2\/media?parent=38124"}],"wp:term":[{"taxonomy":"product_brand","embeddable":true,"href":"https:\/\/olemosaic.com\/pt-pt\/wp-json\/wp\/v2\/product_brand?post=38124"},{"taxonomy":"product_cat","embeddable":true,"href":"https:\/\/olemosaic.com\/pt-pt\/wp-json\/wp\/v2\/product_cat?post=38124"},{"taxonomy":"product_tag","embeddable":true,"href":"https:\/\/olemosaic.com\/pt-pt\/wp-json\/wp\/v2\/product_tag?post=38124"}],"curies":[{"name":"wp","href":"https:\/\/api.w.org\/{rel}","templated":true}]}}