{"id":38123,"date":"2025-02-20T23:29:49","date_gmt":"2025-02-20T22:29:49","guid":{"rendered":"http:\/\/olemosaic.com\/producto\/bol-de-coco-azul-tortuga-gran-canaria-2\/"},"modified":"2025-07-25T18:49:57","modified_gmt":"2025-07-25T16:49:57","slug":"taca-de-coco-azul-tartaruga-gran-canaria-2-pt-pt-2","status":"publish","type":"product","link":"https:\/\/olemosaic.com\/pt-pt\/produto\/taca-de-coco-azul-tartaruga-gran-canaria-2-pt-pt-2\/","title":{"rendered":"Ta\u00e7a de coco azul. Tartaruga. Gran Canaria."},"content":{"rendered":"<p>Esta ta\u00e7a de coco azul, decorada com uma tartaruga, \u00e9 uma recorda\u00e7\u00e3o encantadora que evoca a beleza natural de Gran Canaria. Com um design pintado \u00e0 m\u00e3o sobre um fundo preto brilhante, esta ta\u00e7a transforma-se numa obra de arte que reflete a ess\u00eancia do oceano can\u00e1rio. No centro, uma tartaruga de um tom azul vibrante destaca-se com a sua forma elegante, simbolizando a rica biodiversidade marinha da regi\u00e3o. Flanqueada por uma moldura de formas art\u00edsticas que imitam as ondas do mar, esta pe\u00e7a capta a aten\u00e7\u00e3o e o esp\u00edrito do mar Atl\u00e2ntico.<\/p>\n<p>O texto &#8220;Gran Canaria&#8221; apresenta-se de forma proeminente, acrescentando um toque pessoal que faz desta ta\u00e7a uma recorda\u00e7\u00e3o inigual\u00e1vel. Perfeita para exibir ou utilizar, recorda aos visitantes o calor e a beleza das Ilhas Afortunadas. Esta ta\u00e7a n\u00e3o \u00e9 apenas um artigo decorativo, mas uma representa\u00e7\u00e3o da liga\u00e7\u00e3o cultural com Gran Canaria, um lugar reconhecido pela sua flora e fauna \u00fanicas.<\/p>\n<p>Na Ol\u00e9 Mosaic, oferecemos este tipo de recorda\u00e7\u00f5es t\u00edpicas como uma excelente op\u00e7\u00e3o para lojas de presentes tur\u00edsticos. Como distribuidores de souvenirs aut\u00eanticos, garantimos a qualidade e singularidade de cada produto. Esta ta\u00e7a de coco azul \u00e9, sem d\u00favida, uma escolha ideal para turistas que procuram levar um pedacinho da cultura can\u00e1ria para casa, tornando-a numa recorda\u00e7\u00e3o preciosa.<\/p>\n","protected":false},"excerpt":{"rendered":"<p>Ta\u00e7a de coco azul decorada com uma tartaruga, que representa a beleza de Gran Canaria. Este souvenir atraente apresenta um design artesanal, pintado \u00e0 m\u00e3o, sobre um fundo preto brilhante, com brilhos que evocam o oceano. A tartaruga, num tom azul vibrante, destaca-se no centro, flanqueada por uma moldura de formas que acrescentam um toque art\u00edstico. Um texto com a inscri\u00e7\u00e3o &#8220;Gran Canaria&#8221; completa esta pe\u00e7a, perfeita para recordar a ess\u00eancia can\u00e1ria.<\/p>\n","protected":false},"featured_media":10271,"template":"","meta":{"_acf_changed":false},"product_brand":[],"product_cat":[513],"product_tag":[516],"class_list":{"0":"post-38123","1":"product","2":"type-product","3":"status-publish","4":"has-post-thumbnail","6":"product_cat-bols","7":"product_tag-animais","8":"pa_ciudad-gran-canaria","9":"pa_motivo-tartarugas","10":"pa_pais-espana","12":"first","13":"instock","14":"shipping-taxable","15":"product-type-simple"},"acf":[],"_links":{"self":[{"href":"https:\/\/olemosaic.com\/pt-pt\/wp-json\/wp\/v2\/product\/38123","targetHints":{"allow":["GET"]}}],"collection":[{"href":"https:\/\/olemosaic.com\/pt-pt\/wp-json\/wp\/v2\/product"}],"about":[{"href":"https:\/\/olemosaic.com\/pt-pt\/wp-json\/wp\/v2\/types\/product"}],"wp:featuredmedia":[{"embeddable":true,"href":"https:\/\/olemosaic.com\/pt-pt\/wp-json\/wp\/v2\/media\/10271"}],"wp:attachment":[{"href":"https:\/\/olemosaic.com\/pt-pt\/wp-json\/wp\/v2\/media?parent=38123"}],"wp:term":[{"taxonomy":"product_brand","embeddable":true,"href":"https:\/\/olemosaic.com\/pt-pt\/wp-json\/wp\/v2\/product_brand?post=38123"},{"taxonomy":"product_cat","embeddable":true,"href":"https:\/\/olemosaic.com\/pt-pt\/wp-json\/wp\/v2\/product_cat?post=38123"},{"taxonomy":"product_tag","embeddable":true,"href":"https:\/\/olemosaic.com\/pt-pt\/wp-json\/wp\/v2\/product_tag?post=38123"}],"curies":[{"name":"wp","href":"https:\/\/api.w.org\/{rel}","templated":true}]}}