{"id":38120,"date":"2025-02-20T23:29:30","date_gmt":"2025-02-20T22:29:30","guid":{"rendered":"http:\/\/olemosaic.com\/producto\/bol-de-ceramica-de-12-cm-punt-de-trobada-beige-2\/"},"modified":"2025-07-25T19:39:43","modified_gmt":"2025-07-25T17:39:43","slug":"taca-de-ceramica-de-12-cm-punt-de-trobada-estilo-mediterranico-bege","status":"publish","type":"product","link":"https:\/\/olemosaic.com\/pt-pt\/produto\/taca-de-ceramica-de-12-cm-punt-de-trobada-estilo-mediterranico-bege\/","title":{"rendered":"Ta\u00e7a de cer\u00e2mica de 12 cm. Punt de trobada. Estilo mediterr\u00e2nico. Bege"},"content":{"rendered":"<p>Esta ta\u00e7a de cer\u00e2mica de 12 cm capta a ess\u00eancia da arte mediterr\u00e2nica atrav\u00e9s do seu vibrante design de trencad\u00eds, um tipo de mosaico emblem\u00e1tico da regi\u00e3o. A ta\u00e7a, com um encantador fundo bege, apresenta uma explos\u00e3o de cores brilhantes que combinam formas org\u00e2nicas e motivos abstratos, evocando a arte moderna em cada detalhe. A rica variedade de tons, do vermelho e azul ao verde e amarelo, entrela\u00e7a-se num padr\u00e3o din\u00e2mico que atrai o olhar e revive a alegria da cultura local.<\/p>\n<p>O rebordo laranja que acentua a ta\u00e7a n\u00e3o s\u00f3 \u00e9 visualmente atraente, como tamb\u00e9m simboliza o calor e o esp\u00edrito acolhedor da gastronomia mediterr\u00e2nica. \u00c9 uma pe\u00e7a vers\u00e1til, ideal para servir aperitivos, saladas ou como elemento decorativo em qualquer casa, gra\u00e7as ao seu design art\u00edstico que convida \u00e0 conversa e \u00e0 admira\u00e7\u00e3o.<\/p>\n<p>Esta ta\u00e7a \u00e9 uma aut\u00eantica recorda\u00e7\u00e3o que representa a rica heran\u00e7a cultural da regi\u00e3o, o que a torna uma op\u00e7\u00e3o perfeita para turistas que procuram levar um peda\u00e7o da tradi\u00e7\u00e3o mediterr\u00e2nica para as suas casas. Na Ol\u00e9 Mosaic, como distribuidores de souvenirs por grosso, oferecemos artigos de cer\u00e2mica aut\u00eanticos que refletem a criatividade e a arte de Espanha, garantindo qualidade e autenticidade em cada pe\u00e7a. Esta ta\u00e7a de cer\u00e2mica \u00e9, sem d\u00favida, uma excelente escolha para lojas de presentes tur\u00edsticos que desejem oferecer algo verdadeiramente especial.<\/p>\n","protected":false},"excerpt":{"rendered":"<p>Ta\u00e7a de cer\u00e2mica de 12 cm com um vibrante design de trencad\u00eds, inspirado na obra de mosaico t\u00edpica da regi\u00e3o. Esta ta\u00e7a, de cor bege, apresenta uma encantadora combina\u00e7\u00e3o de cores brilhantes, com formas org\u00e2nicas e motivos abstratos que evocam a arte moderna. Com o seu rebordo laranja, \u00e9 ideal para servir aperitivos ou como elemento decorativo em qualquer casa. Perfeita para levar um toque da cultura mediterr\u00e2nica \u00e0 sua mesa.<\/p>\n","protected":false},"featured_media":10052,"template":"","meta":{"_acf_changed":false},"product_brand":[],"product_cat":[513],"product_tag":[515],"class_list":{"0":"post-38120","1":"product","2":"type-product","3":"status-publish","4":"has-post-thumbnail","6":"product_cat-bols","7":"product_tag-ceramica","8":"pa_motivo-punt-de-trobada","10":"first","11":"instock","12":"shipping-taxable","13":"product-type-simple"},"acf":[],"_links":{"self":[{"href":"https:\/\/olemosaic.com\/pt-pt\/wp-json\/wp\/v2\/product\/38120","targetHints":{"allow":["GET"]}}],"collection":[{"href":"https:\/\/olemosaic.com\/pt-pt\/wp-json\/wp\/v2\/product"}],"about":[{"href":"https:\/\/olemosaic.com\/pt-pt\/wp-json\/wp\/v2\/types\/product"}],"wp:featuredmedia":[{"embeddable":true,"href":"https:\/\/olemosaic.com\/pt-pt\/wp-json\/wp\/v2\/media\/10052"}],"wp:attachment":[{"href":"https:\/\/olemosaic.com\/pt-pt\/wp-json\/wp\/v2\/media?parent=38120"}],"wp:term":[{"taxonomy":"product_brand","embeddable":true,"href":"https:\/\/olemosaic.com\/pt-pt\/wp-json\/wp\/v2\/product_brand?post=38120"},{"taxonomy":"product_cat","embeddable":true,"href":"https:\/\/olemosaic.com\/pt-pt\/wp-json\/wp\/v2\/product_cat?post=38120"},{"taxonomy":"product_tag","embeddable":true,"href":"https:\/\/olemosaic.com\/pt-pt\/wp-json\/wp\/v2\/product_tag?post=38120"}],"curies":[{"name":"wp","href":"https:\/\/api.w.org\/{rel}","templated":true}]}}