{"id":38119,"date":"2025-02-20T23:29:30","date_gmt":"2025-02-20T22:29:30","guid":{"rendered":"http:\/\/olemosaic.com\/producto\/bol-de-ceramica-de-115-cm-panoramica-barcelona-beige-2\/"},"modified":"2025-07-25T23:34:44","modified_gmt":"2025-07-25T21:34:44","slug":"taca-de-ceramica-de-11-5-cm-panoramica-estilo-mediterranico-barcelona-bege","status":"publish","type":"product","link":"https:\/\/olemosaic.com\/pt-pt\/produto\/taca-de-ceramica-de-11-5-cm-panoramica-estilo-mediterranico-barcelona-bege\/","title":{"rendered":"Ta\u00e7a de cer\u00e2mica de 11,5 cm. Panor\u00e2mica. Estilo mediterr\u00e2nico. Barcelona. Bege"},"content":{"rendered":"<p>Esta ta\u00e7a de cer\u00e2mica de 11,5 cm \u00e9 uma encantadora recorda\u00e7\u00e3o de Barcelona que capta a ess\u00eancia art\u00edstica e cultural desta vibrante cidade. Com um design quadrado, os seus rebordos vermelhos contrastam maravilhosamente com o fundo branco, onde se desenrola uma bela panor\u00e2mica da Sagrada Fam\u00edlia e outros monumentos emblem\u00e1ticos de Barcelona, como o Parque G\u00fcell e a Casa Batll\u00f3. Cada ilustra\u00e7\u00e3o \u00e9 meticulosamente decorada \u00e0 m\u00e3o, destacando o vibrante estilo mosaico caracter\u00edstico da obra de Antoni Gaud\u00ed, o g\u00e9nio arquiteto que deixou uma marca indel\u00e9vel na cidade.<\/p>\n<p>A palavra &#8220;Barcelona&#8221; aparece num estilo l\u00fadico, acrescentando um toque de divers\u00e3o e personalidade a esta aut\u00eantica recorda\u00e7\u00e3o catal\u00e3. Ideal como souvenir, esta ta\u00e7a n\u00e3o \u00e9 apenas funcional, mas tamb\u00e9m se torna um atraente artigo decorativo para qualquer casa, permitindo aos turistas levar um pedacinho da beleza de Barcelona. Esta ta\u00e7a de cer\u00e2mica \u00e9 perfeita para quem procura recorda\u00e7\u00f5es que reflitam o melhor da arte e da cultura local. Na Ol\u00e9 Mosaic, como grossistas de souvenirs, oferecemos produtos que celebram a autenticidade e a diversidade da rica cultura espanhola, sendo esta pe\u00e7a uma excelente op\u00e7\u00e3o para lojas de presentes tur\u00edsticos que procuram artigos distintivos e de qualidade.<\/p>\n","protected":false},"excerpt":{"rendered":"<p>Ta\u00e7a de cer\u00e2mica de 11,5 cm com uma bela panor\u00e2mica de Barcelona. Apresenta um design quadrado com rebordos vermelhos e fundo branco, onde se destacam coloridas ilustra\u00e7\u00f5es da Sagrada Fam\u00edlia e outros monumentos emblem\u00e1ticos da cidade. Esta ta\u00e7a, decorada com estilo artesanal, inclui vibrantes detalhes em mosaico e a palavra &#8220;Barcelona&#8221; escrita com um estilo descontra\u00eddo, capturando a ess\u00eancia art\u00edstica e cultural da cidade condal. Ideal como recorda\u00e7\u00e3o ou para adicionar um toque decorativo \u00e0 sua casa.<\/p>\n","protected":false},"featured_media":7767,"template":"","meta":{"_acf_changed":false},"product_brand":[],"product_cat":[513],"product_tag":[515],"class_list":{"0":"post-38119","1":"product","2":"type-product","3":"status-publish","4":"has-post-thumbnail","6":"product_cat-bols","7":"product_tag-ceramica","8":"pa_ciudad-barcelona","9":"pa_motivo-panoramas","10":"pa_pais-espana","12":"first","13":"instock","14":"shipping-taxable","15":"product-type-simple"},"acf":[],"_links":{"self":[{"href":"https:\/\/olemosaic.com\/pt-pt\/wp-json\/wp\/v2\/product\/38119","targetHints":{"allow":["GET"]}}],"collection":[{"href":"https:\/\/olemosaic.com\/pt-pt\/wp-json\/wp\/v2\/product"}],"about":[{"href":"https:\/\/olemosaic.com\/pt-pt\/wp-json\/wp\/v2\/types\/product"}],"wp:featuredmedia":[{"embeddable":true,"href":"https:\/\/olemosaic.com\/pt-pt\/wp-json\/wp\/v2\/media\/7767"}],"wp:attachment":[{"href":"https:\/\/olemosaic.com\/pt-pt\/wp-json\/wp\/v2\/media?parent=38119"}],"wp:term":[{"taxonomy":"product_brand","embeddable":true,"href":"https:\/\/olemosaic.com\/pt-pt\/wp-json\/wp\/v2\/product_brand?post=38119"},{"taxonomy":"product_cat","embeddable":true,"href":"https:\/\/olemosaic.com\/pt-pt\/wp-json\/wp\/v2\/product_cat?post=38119"},{"taxonomy":"product_tag","embeddable":true,"href":"https:\/\/olemosaic.com\/pt-pt\/wp-json\/wp\/v2\/product_tag?post=38119"}],"curies":[{"name":"wp","href":"https:\/\/api.w.org\/{rel}","templated":true}]}}