{"id":38116,"date":"2025-02-20T22:38:28","date_gmt":"2025-02-20T22:38:28","guid":{"rendered":"http:\/\/olemosaic.com\/producto\/salvamanteles-de-ceramica-caballito-de-mar-mallorca\/"},"modified":"2025-07-25T19:21:34","modified_gmt":"2025-07-25T17:21:34","slug":"base-de-ceramica-cavalo-marinho-maiorca","status":"publish","type":"product","link":"https:\/\/olemosaic.com\/pt-pt\/produto\/base-de-ceramica-cavalo-marinho-maiorca\/","title":{"rendered":"Base de cer\u00e2mica para pratos. Cavalo-marinho. Maiorca."},"content":{"rendered":"<p>Base de cer\u00e2mica para pratos decorada com cavalo-marinho de Maiorca<\/p>\n<p>Esta base de cer\u00e2mica para pratos \u00e9 uma recorda\u00e7\u00e3o encantadora do vibrante Mediterr\u00e2neo, ideal para adornar qualquer mesa enquanto evoca a frescura do oceano. Com um design de mosaico que apresenta um cavalo-marinho colorido, este produto destaca-se pelas suas tonalidades vivas de azul, verde e vermelho, que refletem a beleza natural de Maiorca. O cavalo-marinho, rodeado de elementos marinhos como estrelas e delicadas bolhas flutuantes, ganha vida sobre um fundo de formas irregulares que imitam as ondas do mar.<\/p>\n<p>A palavra &#8220;MAIORCA&#8221; aparece em letras coloridas, enfatizando a liga\u00e7\u00e3o cultural com esta ilha ic\u00f3nica. Cada detalhe desta base \u00e9 cuidadosamente elaborado, destacando a tradi\u00e7\u00e3o artesanal da cer\u00e2mica maiorquina, conhecida pela sua rica heran\u00e7a cultural e est\u00e9tica colorida. Este souvenir n\u00e3o \u00e9 apenas funcional, protegendo as superf\u00edcies do calor, mas tamb\u00e9m serve como uma pe\u00e7a decorativa que traz um peda\u00e7o do Mediterr\u00e2neo para qualquer casa.<\/p>\n<p>As bases para pratos s\u00e3o uma excelente op\u00e7\u00e3o para turistas que procuram souvenirs aut\u00eanticos que representem a alegria e o esp\u00edrito insular de Maiorca. Na Ol\u00e9 Mosaic, como grossistas de souvenirs de cer\u00e2mica, garantimos pe\u00e7as \u00fanicas que celebram a diversidade e a heran\u00e7a cultural de Espanha, perfeitas para lojas de presentes tur\u00edsticos que desejem oferecer recorda\u00e7\u00f5es com personalidade e significado.<\/p>\n","protected":false},"excerpt":{"rendered":"<p>Base de cer\u00e2mica para pratos decorada com um vibrante cavalo-marinho, que representa o encanto do Mediterr\u00e2neo em Maiorca. Este produto atraente apresenta um design de mosaico em cores vivas, com tonalidades de azul, verde e vermelho, rodeado de elementos marinhos como estrelas-do-mar. A palavra &#8220;MAIORCA&#8221; est\u00e1 inscrita em letras coloridas, real\u00e7ando o seu v\u00ednculo com a ilha. Ideal para embelezar qualquer mesa enquanto evoca a frescura do oceano.<\/p>\n","protected":false},"featured_media":14191,"template":"","meta":{"_acf_changed":false},"product_brand":[],"product_cat":[830],"product_tag":[516,515],"class_list":{"0":"post-38116","1":"product","2":"type-product","3":"status-publish","4":"has-post-thumbnail","6":"product_cat-bases-para-pratos","7":"product_tag-animais","8":"product_tag-ceramica","9":"pa_ciudad-mallorca","10":"pa_motivo-cavalos-marinhos","11":"pa_pais-espana","13":"first","14":"instock","15":"shipping-taxable","16":"product-type-simple"},"acf":[],"_links":{"self":[{"href":"https:\/\/olemosaic.com\/pt-pt\/wp-json\/wp\/v2\/product\/38116","targetHints":{"allow":["GET"]}}],"collection":[{"href":"https:\/\/olemosaic.com\/pt-pt\/wp-json\/wp\/v2\/product"}],"about":[{"href":"https:\/\/olemosaic.com\/pt-pt\/wp-json\/wp\/v2\/types\/product"}],"wp:featuredmedia":[{"embeddable":true,"href":"https:\/\/olemosaic.com\/pt-pt\/wp-json\/wp\/v2\/media\/14191"}],"wp:attachment":[{"href":"https:\/\/olemosaic.com\/pt-pt\/wp-json\/wp\/v2\/media?parent=38116"}],"wp:term":[{"taxonomy":"product_brand","embeddable":true,"href":"https:\/\/olemosaic.com\/pt-pt\/wp-json\/wp\/v2\/product_brand?post=38116"},{"taxonomy":"product_cat","embeddable":true,"href":"https:\/\/olemosaic.com\/pt-pt\/wp-json\/wp\/v2\/product_cat?post=38116"},{"taxonomy":"product_tag","embeddable":true,"href":"https:\/\/olemosaic.com\/pt-pt\/wp-json\/wp\/v2\/product_tag?post=38116"}],"curies":[{"name":"wp","href":"https:\/\/api.w.org\/{rel}","templated":true}]}}