{"id":38115,"date":"2025-02-20T22:38:28","date_gmt":"2025-02-20T22:38:28","guid":{"rendered":"http:\/\/olemosaic.com\/producto\/salvamanteles-de-ceramica-salamandra-y-flores-tenerife\/"},"modified":"2025-07-25T20:34:22","modified_gmt":"2025-07-25T18:34:22","slug":"base-de-ceramica-salamandra-e-flores-tenerife","status":"publish","type":"product","link":"https:\/\/olemosaic.com\/pt-pt\/produto\/base-de-ceramica-salamandra-e-flores-tenerife\/","title":{"rendered":"Base de cer\u00e2mica para pratos. Salamandra e flores. Tenerife."},"content":{"rendered":"<p>Esta base de cer\u00e2mica para pratos, decorada com salamandras e flores chamativas, \u00e9 uma homenagem \u00e0 natureza vibrante de Tenerife, captando a ess\u00eancia desta bela ilha can\u00e1ria. O seu design radiante apresenta um mosaico numa paleta de cores vivas \u2014 vermelhos, amarelos, azuis e verdes \u2014 que se entrela\u00e7am com um fundo cinzento, criando um efeito visual atraente e alegre. As salamandras, s\u00edmbolos de transforma\u00e7\u00e3o e renova\u00e7\u00e3o, est\u00e3o elegantemente integradas no design, evocando a rica biodiversidade da regi\u00e3o. A inscri\u00e7\u00e3o &#8220;Tenerife&#8221;, situada na parte inferior, adiciona um toque distintivo e personaliza este artigo como uma aut\u00eantica recorda\u00e7\u00e3o da sua visita \u00e0 ilha.<\/p>\n<p>Esta base n\u00e3o serve apenas para proteger as mesas, mas tamb\u00e9m atua como uma pe\u00e7a decorativa fascinante que real\u00e7a o ambiente alegre de qualquer casa. A sua liga\u00e7\u00e3o com a cultura local e a natureza can\u00e1ria torna-a um excelente souvenir, ideal para quem procura levar um peda\u00e7o de Tenerife consigo. Na Ol\u00e9 Mosaic, especializamo-nos na distribui\u00e7\u00e3o de souvenirs por grosso, incluindo estas pe\u00e7as aut\u00eanticas de cer\u00e2mica que refletem a riqueza cultural de Espanha. Esta base \u00e9 uma op\u00e7\u00e3o perfeita para lojas de presentes tur\u00edsticos que desejem oferecer produtos \u00fanicos e representativos de Tenerife.<\/p>\n","protected":false},"excerpt":{"rendered":"<p>Base de cer\u00e2mica para pratos decorada com salamandras e flores chamativas, inspirada na natureza vibrante de Tenerife. Esta base colorida apresenta um design que combina mosaicos em tons de vermelho, amarelo, azul e verde, criando um efeito visual atraente. A inscri\u00e7\u00e3o &#8220;Tenerife&#8221; na parte inferior adiciona um toque distintivo. Perfeita para real\u00e7ar a decora\u00e7\u00e3o de qualquer mesa e proteg\u00ea-la com estilo.<\/p>\n","protected":false},"featured_media":14190,"template":"","meta":{"_acf_changed":false},"product_brand":[],"product_cat":[830],"product_tag":[516,515],"class_list":{"0":"post-38115","1":"product","2":"type-product","3":"status-publish","4":"has-post-thumbnail","6":"product_cat-bases-para-pratos","7":"product_tag-animais","8":"product_tag-ceramica","9":"pa_ciudad-tenerife","10":"pa_motivo-salamandras","11":"pa_pais-espana","13":"first","14":"instock","15":"shipping-taxable","16":"product-type-simple"},"acf":[],"_links":{"self":[{"href":"https:\/\/olemosaic.com\/pt-pt\/wp-json\/wp\/v2\/product\/38115","targetHints":{"allow":["GET"]}}],"collection":[{"href":"https:\/\/olemosaic.com\/pt-pt\/wp-json\/wp\/v2\/product"}],"about":[{"href":"https:\/\/olemosaic.com\/pt-pt\/wp-json\/wp\/v2\/types\/product"}],"wp:featuredmedia":[{"embeddable":true,"href":"https:\/\/olemosaic.com\/pt-pt\/wp-json\/wp\/v2\/media\/14190"}],"wp:attachment":[{"href":"https:\/\/olemosaic.com\/pt-pt\/wp-json\/wp\/v2\/media?parent=38115"}],"wp:term":[{"taxonomy":"product_brand","embeddable":true,"href":"https:\/\/olemosaic.com\/pt-pt\/wp-json\/wp\/v2\/product_brand?post=38115"},{"taxonomy":"product_cat","embeddable":true,"href":"https:\/\/olemosaic.com\/pt-pt\/wp-json\/wp\/v2\/product_cat?post=38115"},{"taxonomy":"product_tag","embeddable":true,"href":"https:\/\/olemosaic.com\/pt-pt\/wp-json\/wp\/v2\/product_tag?post=38115"}],"curies":[{"name":"wp","href":"https:\/\/api.w.org\/{rel}","templated":true}]}}