{"id":38114,"date":"2025-02-20T22:38:28","date_gmt":"2025-02-20T22:38:28","guid":{"rendered":"http:\/\/olemosaic.com\/producto\/salvamanteles-de-ceramica-salamandra-gran-canaria\/"},"modified":"2025-07-25T19:46:45","modified_gmt":"2025-07-25T17:46:45","slug":"base-de-ceramica-salamandra-gran-canaria","status":"publish","type":"product","link":"https:\/\/olemosaic.com\/pt-pt\/produto\/base-de-ceramica-salamandra-gran-canaria\/","title":{"rendered":"Base de cer\u00e2mica para pratos. Salamandra. Gran Canaria."},"content":{"rendered":"<p>Base de cer\u00e2mica para pratos decorada com salamandras coloridas, que representam a rica fauna de Gran Canaria. Esta base vibrante \u00e9 uma obra-prima que capta a ess\u00eancia da biodiversidade can\u00e1ria. Com um design din\u00e2mico, as salamandras, ilustradas numa variedade de cores vibrantes, brincam sobre um fundo de mosaico branco que evoca a arquitetura tradicional das ilhas. Os motivos florais que as acompanham adicionam um toque de frescura e vivacidade ao conjunto, criando um ambiente alegre que real\u00e7a o calor do clima can\u00e1rio. No centro, o texto &#8220;Gran Canaria&#8221; destaca-se com letras chamativas, recordando a cada comensal a singularidade deste canto do mundo.<\/p>\n<p>Esta base n\u00e3o \u00e9 apenas um elemento funcional para proteger a sua mesa das altas temperaturas, mas tamb\u00e9m serve como uma encantadora pe\u00e7a decorativa, evocando a rica tradi\u00e7\u00e3o artesanal de Gran Canaria. O seu acabamento brilhante e meticulosamente detalhado garante que cada pe\u00e7a seja \u00fanica, representando um aut\u00eantico souvenir da ilha, ideal para quem procura levar um pedacinho do esp\u00edrito can\u00e1rio. Na Ol\u00e9 Mosaic, somos o seu distribuidor de bases para pratos por grosso, fornecendo produtos de qualidade que contam hist\u00f3rias culturais. \u00c9 o presente perfeito para turistas que desejam recordar a beleza e a fauna excecional de Gran Canaria nas suas casas.<\/p>\n","protected":false},"excerpt":{"rendered":"<p>Base de cer\u00e2mica para pratos decorada com salamandras coloridas, que representam a rica fauna de Gran Canaria. Este artigo apresenta um design vibrante, com salamandras de diversas cores que se destacam sobre um fundo de mosaico branco e flores, evocando o estilo art\u00edstico can\u00e1rio. O texto &#8220;Gran Canaria&#8221; sobressai no centro, sendo um elemento funcional e ornamental ideal para qualquer mesa. O seu acabamento brilhante e detalhado garante que seja uma recorda\u00e7\u00e3o encantadora da ilha.<\/p>\n","protected":false},"featured_media":14189,"template":"","meta":{"_acf_changed":false},"product_brand":[],"product_cat":[830],"product_tag":[516,515],"class_list":{"0":"post-38114","1":"product","2":"type-product","3":"status-publish","4":"has-post-thumbnail","6":"product_cat-bases-para-pratos","7":"product_tag-animais","8":"product_tag-ceramica","9":"pa_ciudad-gran-canaria","10":"pa_motivo-salamandras","11":"pa_pais-espana","13":"first","14":"instock","15":"shipping-taxable","16":"product-type-simple"},"acf":[],"_links":{"self":[{"href":"https:\/\/olemosaic.com\/pt-pt\/wp-json\/wp\/v2\/product\/38114","targetHints":{"allow":["GET"]}}],"collection":[{"href":"https:\/\/olemosaic.com\/pt-pt\/wp-json\/wp\/v2\/product"}],"about":[{"href":"https:\/\/olemosaic.com\/pt-pt\/wp-json\/wp\/v2\/types\/product"}],"wp:featuredmedia":[{"embeddable":true,"href":"https:\/\/olemosaic.com\/pt-pt\/wp-json\/wp\/v2\/media\/14189"}],"wp:attachment":[{"href":"https:\/\/olemosaic.com\/pt-pt\/wp-json\/wp\/v2\/media?parent=38114"}],"wp:term":[{"taxonomy":"product_brand","embeddable":true,"href":"https:\/\/olemosaic.com\/pt-pt\/wp-json\/wp\/v2\/product_brand?post=38114"},{"taxonomy":"product_cat","embeddable":true,"href":"https:\/\/olemosaic.com\/pt-pt\/wp-json\/wp\/v2\/product_cat?post=38114"},{"taxonomy":"product_tag","embeddable":true,"href":"https:\/\/olemosaic.com\/pt-pt\/wp-json\/wp\/v2\/product_tag?post=38114"}],"curies":[{"name":"wp","href":"https:\/\/api.w.org\/{rel}","templated":true}]}}