{"id":38113,"date":"2025-02-20T23:38:27","date_gmt":"2025-02-20T22:38:27","guid":{"rendered":"http:\/\/olemosaic.com\/producto\/salvamanteles-de-ceramica-salamandra-lanzarote\/"},"modified":"2025-07-25T18:46:11","modified_gmt":"2025-07-25T16:46:11","slug":"base-de-ceramica-salamandra-lanzarote","status":"publish","type":"product","link":"https:\/\/olemosaic.com\/pt-pt\/produto\/base-de-ceramica-salamandra-lanzarote\/","title":{"rendered":"Base de cer\u00e2mica para pratos. Salamandra. Lanzarote."},"content":{"rendered":"<p>Esta base de cer\u00e2mica para pratos, decorada com salamandras coloridas, \u00e9 uma express\u00e3o art\u00edstica que capta a ess\u00eancia vibrante de Lanzarote. Com o seu design circular, este acess\u00f3rio elegante destaca-se pelas suas cores chamativas azul, verde, vermelho e amarelo, que d\u00e3o vida \u00e0s salamandras sobre um fundo que evoca as pedras vulc\u00e2nicas da ilha. Cada salamandra \u00e9 meticulosamente pintada \u00e0 m\u00e3o, o que torna cada pe\u00e7a \u00fanica, um reflexo da diversidade e da beleza natural das Ilhas Can\u00e1rias. A palavra &#8220;Lanzarote&#8221;, escrita com uma tipografia alegre, complementa o design, tornando esta base uma recorda\u00e7\u00e3o representativa da cultura e da paisagem das ilhas.<\/p>\n<p>A t\u00e9cnica artesanal utilizada no seu fabrico real\u00e7a a rica tradi\u00e7\u00e3o da cer\u00e2mica em Lanzarote, uma ilha conhecida pela sua beleza vulc\u00e2nica e pela sua paisagem extraordin\u00e1ria. Esta base n\u00e3o \u00e9 apenas funcional, protegendo a superf\u00edcie da sua mesa, mas tamb\u00e9m serve como uma obra de arte que evoca mem\u00f3rias das terras quentes das Can\u00e1rias. Ideal como souvenir de Lanzarote, este produto atrair\u00e1 os turistas que procuram levar para casa um peda\u00e7o aut\u00eantico da cultura can\u00e1ria. Na Ol\u00e9 Mosaic, somos distribuidores de souvenirs de cer\u00e2mica por grosso, oferecendo op\u00e7\u00f5es aut\u00eanticas e coloridas que encantar\u00e3o os visitantes e enriquecer\u00e3o qualquer loja de presentes tur\u00edsticos. Esta base de salamandra \u00e9 uma op\u00e7\u00e3o perfeita para quem procura um toque can\u00e1rio na sua casa.<\/p>\n","protected":false},"excerpt":{"rendered":"<p>Base de cer\u00e2mica para pratos decorada com salamandras coloridas, que representam a ess\u00eancia de Lanzarote. Este acess\u00f3rio elegante apresenta um design vibrante e mosaicos florais, ideal para adicionar um toque can\u00e1rio \u00e0 sua mesa. A t\u00e9cnica de design artesanal, pintada \u00e0 m\u00e3o, real\u00e7a as cores chamativas azul, verde, vermelho e amarelo das salamandras, sobre um fundo que evoca pedras. A palavra &#8216;Lanzarote&#8217; \u00e9 exibida com um design alegre, tornando esta base uma pe\u00e7a \u00fanica e funcional.<\/p>\n","protected":false},"featured_media":14188,"template":"","meta":{"_acf_changed":false},"product_brand":[],"product_cat":[830],"product_tag":[516,515],"class_list":{"0":"post-38113","1":"product","2":"type-product","3":"status-publish","4":"has-post-thumbnail","6":"product_cat-bases-para-pratos","7":"product_tag-animais","8":"product_tag-ceramica","9":"pa_ciudad-lanzarote","10":"pa_motivo-salamandras","11":"pa_pais-espana","13":"first","14":"instock","15":"shipping-taxable","16":"product-type-simple"},"acf":[],"_links":{"self":[{"href":"https:\/\/olemosaic.com\/pt-pt\/wp-json\/wp\/v2\/product\/38113","targetHints":{"allow":["GET"]}}],"collection":[{"href":"https:\/\/olemosaic.com\/pt-pt\/wp-json\/wp\/v2\/product"}],"about":[{"href":"https:\/\/olemosaic.com\/pt-pt\/wp-json\/wp\/v2\/types\/product"}],"wp:featuredmedia":[{"embeddable":true,"href":"https:\/\/olemosaic.com\/pt-pt\/wp-json\/wp\/v2\/media\/14188"}],"wp:attachment":[{"href":"https:\/\/olemosaic.com\/pt-pt\/wp-json\/wp\/v2\/media?parent=38113"}],"wp:term":[{"taxonomy":"product_brand","embeddable":true,"href":"https:\/\/olemosaic.com\/pt-pt\/wp-json\/wp\/v2\/product_brand?post=38113"},{"taxonomy":"product_cat","embeddable":true,"href":"https:\/\/olemosaic.com\/pt-pt\/wp-json\/wp\/v2\/product_cat?post=38113"},{"taxonomy":"product_tag","embeddable":true,"href":"https:\/\/olemosaic.com\/pt-pt\/wp-json\/wp\/v2\/product_tag?post=38113"}],"curies":[{"name":"wp","href":"https:\/\/api.w.org\/{rel}","templated":true}]}}