{"id":38112,"date":"2025-02-20T22:38:23","date_gmt":"2025-02-20T22:38:23","guid":{"rendered":"http:\/\/olemosaic.com\/producto\/posavasos-de-ceramica-toros-valencia\/"},"modified":"2025-07-25T19:44:59","modified_gmt":"2025-07-25T17:44:59","slug":"descanso-de-copos-de-ceramica-touros-valencia","status":"publish","type":"product","link":"https:\/\/olemosaic.com\/pt-pt\/produto\/descanso-de-copos-de-ceramica-touros-valencia\/","title":{"rendered":"Descanso de copos de cer\u00e2mica. Touros. Val\u00eancia."},"content":{"rendered":"<p>Este descanso de copos de cer\u00e2mica, decorado com um design vibrante de touros, \u00e9 uma excelente recorda\u00e7\u00e3o representativa da rica cultura valenciana. A pe\u00e7a apresenta uma ilustra\u00e7\u00e3o colorida de um touro, s\u00edmbolo ic\u00f3nico da tradi\u00e7\u00e3o espanhola, com tonalidades brilhantes que captam a energia da festa. Rodeado por um fundo de flores vermelhas e um sol radiante, este descanso de copos n\u00e3o \u00e9 apenas funcional, mas tamb\u00e9m uma pequena obra de arte que acrescenta um toque festivo e cultural a qualquer mesa.<\/p>\n<p>A palavra &#8220;Valencia&#8221; destaca-se na parte superior, enfatizando a sua origem e tornando-o perfeito para quem deseja levar um pedacinho da ess\u00eancia valenciana. O design \u00e9 inspirado no famoso mosaico, um elemento caracter\u00edstico da arquitetura e da arte da regi\u00e3o, o que aumenta a sua autenticidade como recorda\u00e7\u00e3o t\u00edpica. Ideal para partilhar com amigos e familiares, este descanso de copos \u00e9 uma excelente op\u00e7\u00e3o para os turistas que procuram souvenirs de Val\u00eancia que encapsulem a alegria e o folclore local.<\/p>\n<p>Na Ol\u00e9 Mosaic, dedicamo-nos \u00e0 distribui\u00e7\u00e3o de souvenirs por grosso, e este descanso de copos de touros \u00e9 um referente da riqueza cultural de Espanha, ideal para lojas de presentes tur\u00edsticos que procuram produtos aut\u00eanticos e significativos. Com cada pe\u00e7a, garantimos qualidade e um design que respeita a tradi\u00e7\u00e3o, fazendo desta recorda\u00e7\u00e3o uma escolha destacada para qualquer amante da cultura espanhola.<\/p>\n","protected":false},"excerpt":{"rendered":"<p>Descanso de copos de cer\u00e2mica decorado com um design vibrante de touros, representando o folclore valenciano. Este descanso de copos colorido apresenta a ilustra\u00e7\u00e3o de um touro com tonalidades brilhantes sobre um fundo de flores vermelhas e um sol radiante, tudo disposto sobre um pavimento de mosaico. A palavra &#8220;Valencia&#8221; est\u00e1 impressa na parte superior, destacando a sua origem. Ideal para adicionar um toque cultural a qualquer mesa.<\/p>\n","protected":false},"featured_media":14169,"template":"","meta":{"_acf_changed":false},"product_brand":[],"product_cat":[818],"product_tag":[516,515],"class_list":{"0":"post-38112","1":"product","2":"type-product","3":"status-publish","4":"has-post-thumbnail","6":"product_cat-bases-de-copos","7":"product_tag-animais","8":"product_tag-ceramica","9":"pa_ciudad-valencia","10":"pa_motivo-touros","11":"pa_pais-espana","13":"first","14":"instock","15":"shipping-taxable","16":"product-type-simple"},"acf":[],"_links":{"self":[{"href":"https:\/\/olemosaic.com\/pt-pt\/wp-json\/wp\/v2\/product\/38112","targetHints":{"allow":["GET"]}}],"collection":[{"href":"https:\/\/olemosaic.com\/pt-pt\/wp-json\/wp\/v2\/product"}],"about":[{"href":"https:\/\/olemosaic.com\/pt-pt\/wp-json\/wp\/v2\/types\/product"}],"wp:featuredmedia":[{"embeddable":true,"href":"https:\/\/olemosaic.com\/pt-pt\/wp-json\/wp\/v2\/media\/14169"}],"wp:attachment":[{"href":"https:\/\/olemosaic.com\/pt-pt\/wp-json\/wp\/v2\/media?parent=38112"}],"wp:term":[{"taxonomy":"product_brand","embeddable":true,"href":"https:\/\/olemosaic.com\/pt-pt\/wp-json\/wp\/v2\/product_brand?post=38112"},{"taxonomy":"product_cat","embeddable":true,"href":"https:\/\/olemosaic.com\/pt-pt\/wp-json\/wp\/v2\/product_cat?post=38112"},{"taxonomy":"product_tag","embeddable":true,"href":"https:\/\/olemosaic.com\/pt-pt\/wp-json\/wp\/v2\/product_tag?post=38112"}],"curies":[{"name":"wp","href":"https:\/\/api.w.org\/{rel}","templated":true}]}}