{"id":38111,"date":"2025-02-20T22:38:23","date_gmt":"2025-02-20T22:38:23","guid":{"rendered":"http:\/\/olemosaic.com\/producto\/posavasos-de-ceramica-gato-lanzarote\/"},"modified":"2025-07-25T19:58:30","modified_gmt":"2025-07-25T17:58:30","slug":"descanso-de-copos-de-ceramica-gato-lanzarote","status":"publish","type":"product","link":"https:\/\/olemosaic.com\/pt-pt\/produto\/descanso-de-copos-de-ceramica-gato-lanzarote\/","title":{"rendered":"Descanso de copos de cer\u00e2mica. Gato. Lanzarote."},"content":{"rendered":"<p>Este descanso de copos de cer\u00e2mica, decorado com um design felino vibrante, \u00e9 uma pe\u00e7a \u00fanica que capta a ess\u00eancia art\u00edstica de Lanzarote. Com um mosaico multicolorido, o descanso de copos mostra tr\u00eas gatos ador\u00e1veis em diferentes posturas, rodeados de borboletas, o que lhe confere um ar l\u00fadico e alegre. O fundo, com um motivo abstrato que combina tons de verde, vermelho e azul, cria um contraste harmonioso que real\u00e7a a eleg\u00e2ncia dos gatos e a frescura do design.<\/p>\n<p>Cada detalhe deste descanso de copos reflete a rica heran\u00e7a cultural das Ilhas Can\u00e1rias, onde a arte do mosaico \u00e9 uma tradi\u00e7\u00e3o muito apreciada. A representa\u00e7\u00e3o dos gatos, animais muito queridos na ilha, juntamente com o uso de cores vibrantes, simboliza a liga\u00e7\u00e3o entre a natureza e o esp\u00edrito local, oferecendo uma vis\u00e3o contempor\u00e2nea da cultura can\u00e1ria. Este descanso de copos n\u00e3o \u00e9 apenas um complemento funcional para qualquer mesa, mas tamb\u00e9m uma recorda\u00e7\u00e3o aut\u00eantica que evoca a beleza e o car\u00e1cter de Lanzarote.<\/p>\n<p>Ideal para turistas que procuram recorda\u00e7\u00f5es de cer\u00e2mica aut\u00eanticas, este produto \u00e9 perfeito para a revenda em lojas de presentes tur\u00edsticos. Na Ol\u00e9 Mosaic, especializamo-nos na distribui\u00e7\u00e3o de artigos por grosso que celebram a diversidade e a arte de Espanha, e este descanso de copos de gatos \u00e9 uma excelente op\u00e7\u00e3o para quem procura artigos distintivos e de qualidade.<\/p>\n","protected":false},"excerpt":{"rendered":"<p>Descanso de copos de cer\u00e2mica decorado com um design vibrante de gatos, inspirado nas paisagens coloridas de Lanzarote. Apresenta um mosaico multicolorido que ilustra tr\u00eas gatos em diferentes posturas, rodeados de borboletas. O fundo inclui um motivo abstrato com tons de verde, vermelho e azul, o que lhe confere um toque alegre e contempor\u00e2neo. Ideal para adicionar um toque art\u00edstico a qualquer mesa, este descanso de copos combina funcionalidade e est\u00e9tica, evocando o esp\u00edrito das Ilhas Can\u00e1rias.<\/p>\n","protected":false},"featured_media":14168,"template":"","meta":{"_acf_changed":false},"product_brand":[],"product_cat":[818],"product_tag":[516,515],"class_list":{"0":"post-38111","1":"product","2":"type-product","3":"status-publish","4":"has-post-thumbnail","6":"product_cat-bases-de-copos","7":"product_tag-animais","8":"product_tag-ceramica","9":"pa_ciudad-lanzarote","10":"pa_motivo-gatos","11":"pa_pais-espana","13":"first","14":"instock","15":"shipping-taxable","16":"product-type-simple"},"acf":[],"_links":{"self":[{"href":"https:\/\/olemosaic.com\/pt-pt\/wp-json\/wp\/v2\/product\/38111","targetHints":{"allow":["GET"]}}],"collection":[{"href":"https:\/\/olemosaic.com\/pt-pt\/wp-json\/wp\/v2\/product"}],"about":[{"href":"https:\/\/olemosaic.com\/pt-pt\/wp-json\/wp\/v2\/types\/product"}],"wp:featuredmedia":[{"embeddable":true,"href":"https:\/\/olemosaic.com\/pt-pt\/wp-json\/wp\/v2\/media\/14168"}],"wp:attachment":[{"href":"https:\/\/olemosaic.com\/pt-pt\/wp-json\/wp\/v2\/media?parent=38111"}],"wp:term":[{"taxonomy":"product_brand","embeddable":true,"href":"https:\/\/olemosaic.com\/pt-pt\/wp-json\/wp\/v2\/product_brand?post=38111"},{"taxonomy":"product_cat","embeddable":true,"href":"https:\/\/olemosaic.com\/pt-pt\/wp-json\/wp\/v2\/product_cat?post=38111"},{"taxonomy":"product_tag","embeddable":true,"href":"https:\/\/olemosaic.com\/pt-pt\/wp-json\/wp\/v2\/product_tag?post=38111"}],"curies":[{"name":"wp","href":"https:\/\/api.w.org\/{rel}","templated":true}]}}