{"id":38110,"date":"2025-02-20T23:38:23","date_gmt":"2025-02-20T22:38:23","guid":{"rendered":"http:\/\/olemosaic.com\/producto\/posavasos-de-ceramica-mosaico-mallorca-3\/"},"modified":"2025-07-25T20:32:18","modified_gmt":"2025-07-25T18:32:18","slug":"descanso-de-copos-de-ceramica-mosaico-maiorca-3","status":"publish","type":"product","link":"https:\/\/olemosaic.com\/pt-pt\/produto\/descanso-de-copos-de-ceramica-mosaico-maiorca-3\/","title":{"rendered":"Descanso de copos de cer\u00e2mica. Mosaico. Azulejos maiorquinos."},"content":{"rendered":"<p>Este descanso de copos de cer\u00e2mica, decorado com um mosaico colorido, \u00e9 uma homenagem aos tradicionais azulejos de Maiorca, uma das joias do Mediterr\u00e2neo. Com o seu design circular, apresenta uma variedade de padr\u00f5es geom\u00e9tricos em tons de azul, cinzento e laranja, que evocam a frescura e o calor da ilha. Cada sec\u00e7\u00e3o do mosaico aparenta ser pintada \u00e0 m\u00e3o, o que garante a singularidade de cada pe\u00e7a e real\u00e7a a rica heran\u00e7a cultural de Maiorca. O nome &#8220;Mallorca&#8221; emoldurado no design confere um toque de autenticidade, tornando-o um excelente souvenir que se liga profundamente \u00e0 hist\u00f3ria e \u00e0 est\u00e9tica local.<\/p>\n<p>Este descanso de copos n\u00e3o \u00e9 apenas funcional, protegendo as superf\u00edcies de manchas e calor, mas tamb\u00e9m atua como um elemento decorativo que pode real\u00e7ar qualquer mesa, seja num ambiente dom\u00e9stico ou num terra\u00e7o junto ao mar. A sua liga\u00e7\u00e3o aos ic\u00f3nicos azulejos maiorquinos torna-o ideal para os turistas que procuram levar um pedacinho da ilha para casa.<\/p>\n<p>Na Ol\u00e9 Mosaic, como distribuidores de souvenirs aut\u00eanticos, oferecemos este descanso de copos de cer\u00e2mica que encapsula a ess\u00eancia de Maiorca e \u00e9 uma op\u00e7\u00e3o perfeita para lojas de presentes tur\u00edsticos que desejem oferecer produtos de grande qualidade e relev\u00e2ncia cultural. Um aut\u00eantico tesouro que se destaca pelo seu design e funcionalidade.<\/p>\n","protected":false},"excerpt":{"rendered":"<p>Descanso de copos de cer\u00e2mica decorado com um mosaico colorido que reproduz os tradicionais azulejos maiorquinos. Este artigo, ideal para proteger as suas superf\u00edcies, apresenta uma variedade de padr\u00f5es geom\u00e9tricos em tons de azul, cinzento e laranja, emoldurados pela palavra &#8220;Mallorca&#8221;. O seu design artesanal, pintado \u00e0 m\u00e3o, real\u00e7a a rica heran\u00e7a cultural da ilha, tornando este descanso de copos numa excelente pe\u00e7a decorativa e funcional para qualquer lar.<\/p>\n","protected":false},"featured_media":14167,"template":"","meta":{"_acf_changed":false},"product_brand":[],"product_cat":[818],"product_tag":[515],"class_list":{"0":"post-38110","1":"product","2":"type-product","3":"status-publish","4":"has-post-thumbnail","6":"product_cat-bases-de-copos","7":"product_tag-ceramica","8":"pa_ciudad-mallorca","9":"pa_motivo-mosaico","10":"pa_pais-espana","12":"first","13":"instock","14":"shipping-taxable","15":"product-type-simple"},"acf":[],"_links":{"self":[{"href":"https:\/\/olemosaic.com\/pt-pt\/wp-json\/wp\/v2\/product\/38110","targetHints":{"allow":["GET"]}}],"collection":[{"href":"https:\/\/olemosaic.com\/pt-pt\/wp-json\/wp\/v2\/product"}],"about":[{"href":"https:\/\/olemosaic.com\/pt-pt\/wp-json\/wp\/v2\/types\/product"}],"wp:featuredmedia":[{"embeddable":true,"href":"https:\/\/olemosaic.com\/pt-pt\/wp-json\/wp\/v2\/media\/14167"}],"wp:attachment":[{"href":"https:\/\/olemosaic.com\/pt-pt\/wp-json\/wp\/v2\/media?parent=38110"}],"wp:term":[{"taxonomy":"product_brand","embeddable":true,"href":"https:\/\/olemosaic.com\/pt-pt\/wp-json\/wp\/v2\/product_brand?post=38110"},{"taxonomy":"product_cat","embeddable":true,"href":"https:\/\/olemosaic.com\/pt-pt\/wp-json\/wp\/v2\/product_cat?post=38110"},{"taxonomy":"product_tag","embeddable":true,"href":"https:\/\/olemosaic.com\/pt-pt\/wp-json\/wp\/v2\/product_tag?post=38110"}],"curies":[{"name":"wp","href":"https:\/\/api.w.org\/{rel}","templated":true}]}}