{"id":38109,"date":"2025-02-20T23:38:23","date_gmt":"2025-02-20T22:38:23","guid":{"rendered":"http:\/\/olemosaic.com\/producto\/posavasos-de-ceramica-mariposa-gran-canaria\/"},"modified":"2025-07-25T20:38:39","modified_gmt":"2025-07-25T18:38:39","slug":"descanso-de-copos-de-ceramica-borboleta-gran-canaria","status":"publish","type":"product","link":"https:\/\/olemosaic.com\/pt-pt\/produto\/descanso-de-copos-de-ceramica-borboleta-gran-canaria\/","title":{"rendered":"Descanso de copos de cer\u00e2mica. Borboleta. Gran Canaria."},"content":{"rendered":"<p>Este descanso de copos de cer\u00e2mica de Gran Canaria \u00e9 uma aut\u00eantica obra de arte que capta a ess\u00eancia vibrante das Ilhas Can\u00e1rias. Com um design de mosaico pintado \u00e0 m\u00e3o, este atraente descanso de copos apresenta borboletas e flores admir\u00e1veis numa explos\u00e3o de cores brilhantes como vermelho, amarelo, azul e verde, entrela\u00e7ados num padr\u00e3o cativante. Duas borboletas majestosas adornam o centro, destacando as suas asas coloridas e detalhadas, que evocam a biodiversidade \u00fanica da ilha, enquanto as flores que as rodeiam conferem um ar festivo, simbolizando a beleza natural de Gran Canaria.<\/p>\n<p>O texto &#8220;Gran Canaria&#8221; encontra-se elegantemente disposto na parte superior do design, acrescentando um toque de autenticidade can\u00e1ria que real\u00e7a a sua liga\u00e7\u00e3o cultural e o seu valor como recorda\u00e7\u00e3o representativa. Esta pe\u00e7a n\u00e3o s\u00f3 cumpre a fun\u00e7\u00e3o de proteger as superf\u00edcies do seu lar, como tamb\u00e9m infunde um car\u00e1cter festivo e cultural a qualquer mesa, tornando-a um excelente presente. Na Ol\u00e9 Mosaic, esfor\u00e7amo-nos sempre por oferecer produtos que reflitam a autenticidade e o estilo das regi\u00f5es que representam. Este descanso de copos de cer\u00e2mica \u00e9 uma op\u00e7\u00e3o excelente para lojas de presentes tur\u00edsticos que procuram souvenirs coloridos e significativos de Gran Canaria. Como grossistas de souvenirs, garantimos qualidade e autenticidade em cada pe\u00e7a.<\/p>\n","protected":false},"excerpt":{"rendered":"<p>Descanso de copos de cer\u00e2mica decorado com borboletas e flores vibrantes, que representa a ess\u00eancia de Gran Canaria. Este atraente descanso de copos apresenta um design em mosaico artesanal, pintado \u00e0 m\u00e3o, com cores brilhantes como vermelho, amarelo, azul e verde, criando um efeito visual chamativo. O texto &#8220;Gran Canaria&#8221; destaca-se na parte superior, acrescentando um toque de autenticidade can\u00e1ria. Ideal para proteger superf\u00edcies e conferir um toque festivo e cultural a qualquer mesa.<\/p>\n","protected":false},"featured_media":14166,"template":"","meta":{"_acf_changed":false},"product_brand":[],"product_cat":[818],"product_tag":[516,515],"class_list":{"0":"post-38109","1":"product","2":"type-product","3":"status-publish","4":"has-post-thumbnail","6":"product_cat-bases-de-copos","7":"product_tag-animais","8":"product_tag-ceramica","9":"pa_ciudad-gran-canaria","10":"pa_motivo-borboletas","11":"pa_pais-espana","13":"first","14":"instock","15":"shipping-taxable","16":"product-type-simple"},"acf":[],"_links":{"self":[{"href":"https:\/\/olemosaic.com\/pt-pt\/wp-json\/wp\/v2\/product\/38109","targetHints":{"allow":["GET"]}}],"collection":[{"href":"https:\/\/olemosaic.com\/pt-pt\/wp-json\/wp\/v2\/product"}],"about":[{"href":"https:\/\/olemosaic.com\/pt-pt\/wp-json\/wp\/v2\/types\/product"}],"wp:featuredmedia":[{"embeddable":true,"href":"https:\/\/olemosaic.com\/pt-pt\/wp-json\/wp\/v2\/media\/14166"}],"wp:attachment":[{"href":"https:\/\/olemosaic.com\/pt-pt\/wp-json\/wp\/v2\/media?parent=38109"}],"wp:term":[{"taxonomy":"product_brand","embeddable":true,"href":"https:\/\/olemosaic.com\/pt-pt\/wp-json\/wp\/v2\/product_brand?post=38109"},{"taxonomy":"product_cat","embeddable":true,"href":"https:\/\/olemosaic.com\/pt-pt\/wp-json\/wp\/v2\/product_cat?post=38109"},{"taxonomy":"product_tag","embeddable":true,"href":"https:\/\/olemosaic.com\/pt-pt\/wp-json\/wp\/v2\/product_tag?post=38109"}],"curies":[{"name":"wp","href":"https:\/\/api.w.org\/{rel}","templated":true}]}}