{"id":38098,"date":"2025-02-20T23:37:33","date_gmt":"2025-02-20T22:37:33","guid":{"rendered":"http:\/\/olemosaic.com\/producto\/cucharon-de-ceramica-sardinas-blanco\/"},"modified":"2025-07-25T20:08:19","modified_gmt":"2025-07-25T18:08:19","slug":"concha-de-ceramica-sardinhas-branco-e-azul-pt-pt","status":"publish","type":"product","link":"https:\/\/olemosaic.com\/pt-pt\/produto\/concha-de-ceramica-sardinhas-branco-e-azul-pt-pt\/","title":{"rendered":"Concha de cer\u00e2mica. Sardinhas. Branco e azul."},"content":{"rendered":"<p>Esta concha de cer\u00e2mica, decorada com sardinhas coloridas, \u00e9 um aut\u00eantico tesouro da tradi\u00e7\u00e3o mediterr\u00e2nica, ideal para servir e apresentar os seus pratos com um toque \u00fanico. O seu design elegante em branco real\u00e7a um impressionante padr\u00e3o azul-marinho que evoca os cl\u00e1ssicos azulejos espanh\u00f3is, oferecendo uma est\u00e9tica visualmente atraente e rica em cultura. Na parte superior da concha, apreciam-se sardinhas vibrantes em tons de vermelho, laranja e verde, com cada detalhe pintado \u00e0 m\u00e3o para evocar a frescura e a riqueza do mar. Este utens\u00edlio n\u00e3o \u00e9 apenas funcional, mas tamb\u00e9m atua como uma pe\u00e7a decorativa que pode embelezar qualquer cozinha ou mesa.<\/p>\n<p>A concha capta a ess\u00eancia do estilo de vida mediterr\u00e2nico, onde a pesca \u00e9 uma parte fundamental da cultura local. O seu design n\u00e3o s\u00f3 real\u00e7a a autenticidade da gastronomia espanhola, como tamb\u00e9m oferece uma liga\u00e7\u00e3o emocional para os turistas que procuram lembran\u00e7as que representem a sua experi\u00eancia no pa\u00eds. Esta concha \u00e9 uma excelente op\u00e7\u00e3o para lojas de presentes tur\u00edsticos que procurem oferecer produtos \u00fanicos e representativos da cultura espanhola. Na Ol\u00e9 Mosaic, especializamo-nos na distribui\u00e7\u00e3o de utens\u00edlios de cozinha por grosso, e esta concha de sardinhas encaixa na perfei\u00e7\u00e3o com a nossa oferta de lembran\u00e7as aut\u00eanticas e de alta qualidade.<\/p>\n","protected":false},"excerpt":{"rendered":"<p>Concha de cer\u00e2mica decorada com alegres sardinhas, ideal para servir e apresentar os seus pratos com um toque \u00fanico da tradi\u00e7\u00e3o mediterr\u00e2nica. Este elegante utens\u00edlio de cozinha, com acabamento branco e um padr\u00e3o azul-marinho que recorda os azulejos t\u00edpicos, mostra sardinhas em tons vibrantes de vermelho, laranja e verde. Perfeito para adicionar um detalhe distintivo \u00e0s suas refei\u00e7\u00f5es ou como pe\u00e7a decorativa.<\/p>\n","protected":false},"featured_media":8889,"template":"","meta":{"_acf_changed":false},"product_brand":[],"product_cat":[804],"product_tag":[516,515],"class_list":{"0":"post-38098","1":"product","2":"type-product","3":"status-publish","4":"has-post-thumbnail","6":"product_cat-conchas","7":"product_tag-animais","8":"product_tag-ceramica","9":"pa_motivo-sardinhas","11":"first","12":"instock","13":"shipping-taxable","14":"product-type-simple"},"acf":[],"_links":{"self":[{"href":"https:\/\/olemosaic.com\/pt-pt\/wp-json\/wp\/v2\/product\/38098","targetHints":{"allow":["GET"]}}],"collection":[{"href":"https:\/\/olemosaic.com\/pt-pt\/wp-json\/wp\/v2\/product"}],"about":[{"href":"https:\/\/olemosaic.com\/pt-pt\/wp-json\/wp\/v2\/types\/product"}],"wp:featuredmedia":[{"embeddable":true,"href":"https:\/\/olemosaic.com\/pt-pt\/wp-json\/wp\/v2\/media\/8889"}],"wp:attachment":[{"href":"https:\/\/olemosaic.com\/pt-pt\/wp-json\/wp\/v2\/media?parent=38098"}],"wp:term":[{"taxonomy":"product_brand","embeddable":true,"href":"https:\/\/olemosaic.com\/pt-pt\/wp-json\/wp\/v2\/product_brand?post=38098"},{"taxonomy":"product_cat","embeddable":true,"href":"https:\/\/olemosaic.com\/pt-pt\/wp-json\/wp\/v2\/product_cat?post=38098"},{"taxonomy":"product_tag","embeddable":true,"href":"https:\/\/olemosaic.com\/pt-pt\/wp-json\/wp\/v2\/product_tag?post=38098"}],"curies":[{"name":"wp","href":"https:\/\/api.w.org\/{rel}","templated":true}]}}