{"id":38096,"date":"2025-02-20T23:37:19","date_gmt":"2025-02-20T22:37:19","guid":{"rendered":"http:\/\/olemosaic.com\/producto\/4-bols-de-coco-de-13-x-6-cm-salamandra-mallorca-4\/"},"modified":"2025-07-25T19:08:16","modified_gmt":"2025-07-25T17:08:16","slug":"4-tacas-de-coco-de-13-x-6-cm-salamandra-maiorca-pt-pt-2","status":"publish","type":"product","link":"https:\/\/olemosaic.com\/pt-pt\/produto\/4-tacas-de-coco-de-13-x-6-cm-salamandra-maiorca-pt-pt-2\/","title":{"rendered":"4 Ta\u00e7as de coco de 13 x 6 cm. Salamandra. Mosaico. Maiorca."},"content":{"rendered":"<p>Este jogo de ta\u00e7as de coco \u00e9 uma pe\u00e7a vibrante e cheia de encanto, ideal para quem procura levar um peda\u00e7o de Maiorca. Cada ta\u00e7a, de 13 x 6 cm, apresenta um design emblem\u00e1tico de salamandra, um s\u00edmbolo ic\u00f3nico da ilha que evoca o calor da sua cultura mediterr\u00e2nica. O jogo inclui quatro cores vibrantes: azul, laranja, vermelho e rosa, cada uma adornada com o atraente motivo de uma salamandra no centro e a palavra &#8220;MALLORCA&#8221; impressa, o que as torna uma recorda\u00e7\u00e3o memor\u00e1vel e aut\u00eantica.<\/p>\n<p>A textura irregular que simula um mosaico confere um toque art\u00edstico e distintivo a estas ta\u00e7as, tornando-as n\u00e3o s\u00f3 \u00fateis para servir aperitivos, mas tamb\u00e9m como elementos decorativos que se destacam em qualquer casa. S\u00e3o um excelente exemplo do artesanato local, que manifesta o esp\u00edrito vibrante de Maiorca e a sua rica tradi\u00e7\u00e3o cultural.<\/p>\n<p>Na Ol\u00e9 Mosaic, reconhecemos a import\u00e2ncia de oferecer recorda\u00e7\u00f5es que n\u00e3o sejam apenas bonitas, mas que tamb\u00e9m contem uma hist\u00f3ria. Este jogo de ta\u00e7as de coco \u00e9 uma op\u00e7\u00e3o perfeita para lojas de presentes tur\u00edsticos que procuram oferecer aos seus clientes uma recorda\u00e7\u00e3o aut\u00eantica e colorida da sua visita a Maiorca. Com a nossa experi\u00eancia como grossista de recorda\u00e7\u00f5es de Maiorca, garantimos que cada pe\u00e7a reflete a ess\u00eancia da ilha e o seu patrim\u00f3nio cultural.<\/p>\n","protected":false},"excerpt":{"rendered":"<p>Ta\u00e7as de coco de 13 x 6 cm, decoradas com o emblem\u00e1tico design de salamandra, caracter\u00edsticos de Maiorca. Este conjunto inclui quatro cores vibrantes: azul, laranja, vermelho e rosa, cada uma com uma simp\u00e1tica salamandra no centro e a palavra &#8220;MALLORCA&#8221; estampada. O seu design, com um acabamento de textura irregular que simula um mosaico, confere um toque art\u00edstico e distintivo. Perfeitas para servir aperitivos ou como elementos decorativos \u00fanicos.<\/p>\n","protected":false},"featured_media":13895,"template":"","meta":{"_acf_changed":false},"product_brand":[],"product_cat":[513],"product_tag":[516],"class_list":{"0":"post-38096","1":"product","2":"type-product","3":"status-publish","4":"has-post-thumbnail","6":"product_cat-bols","7":"product_tag-animais","8":"pa_ciudad-mallorca","9":"pa_motivo-salamandras","10":"pa_pais-espana","12":"first","13":"instock","14":"shipping-taxable","15":"product-type-simple"},"acf":[],"_links":{"self":[{"href":"https:\/\/olemosaic.com\/pt-pt\/wp-json\/wp\/v2\/product\/38096","targetHints":{"allow":["GET"]}}],"collection":[{"href":"https:\/\/olemosaic.com\/pt-pt\/wp-json\/wp\/v2\/product"}],"about":[{"href":"https:\/\/olemosaic.com\/pt-pt\/wp-json\/wp\/v2\/types\/product"}],"wp:featuredmedia":[{"embeddable":true,"href":"https:\/\/olemosaic.com\/pt-pt\/wp-json\/wp\/v2\/media\/13895"}],"wp:attachment":[{"href":"https:\/\/olemosaic.com\/pt-pt\/wp-json\/wp\/v2\/media?parent=38096"}],"wp:term":[{"taxonomy":"product_brand","embeddable":true,"href":"https:\/\/olemosaic.com\/pt-pt\/wp-json\/wp\/v2\/product_brand?post=38096"},{"taxonomy":"product_cat","embeddable":true,"href":"https:\/\/olemosaic.com\/pt-pt\/wp-json\/wp\/v2\/product_cat?post=38096"},{"taxonomy":"product_tag","embeddable":true,"href":"https:\/\/olemosaic.com\/pt-pt\/wp-json\/wp\/v2\/product_tag?post=38096"}],"curies":[{"name":"wp","href":"https:\/\/api.w.org\/{rel}","templated":true}]}}