{"id":38095,"date":"2025-02-20T23:37:18","date_gmt":"2025-02-20T22:37:18","guid":{"rendered":"http:\/\/olemosaic.com\/producto\/3-bols-de-coco-de-13-x-6-cm-flecha-camino-de-santiago\/"},"modified":"2025-07-25T20:25:44","modified_gmt":"2025-07-25T18:25:44","slug":"3-tacas-de-coco-de-13-x-6-cm-seta-caminho-de-santiago-pt-pt","status":"publish","type":"product","link":"https:\/\/olemosaic.com\/pt-pt\/produto\/3-tacas-de-coco-de-13-x-6-cm-seta-caminho-de-santiago-pt-pt\/","title":{"rendered":"3 Ta\u00e7as de coco de 13 x 6 cm. Seta. Caminho de Santiago."},"content":{"rendered":"<p>Este conjunto de tr\u00eas ta\u00e7as de coco, de 13 x 6 cm, \u00e9 uma brilhante evoca\u00e7\u00e3o do famoso Caminho de Santiago. Cada ta\u00e7a, decorada de forma \u00fanica com motivos coloridos, celebra a rica hist\u00f3ria e a tradi\u00e7\u00e3o desta rota ic\u00f3nica. No centro de cada pe\u00e7a destaca-se uma seta, s\u00edmbolo distintivo do caminho percorrido por in\u00fameros peregrinos ao longo dos s\u00e9culos. Os vibrantes tons de azul, rosa, amarelo e branco combinam-se harmoniosamente, criando um design que, al\u00e9m de funcional, \u00e9 uma aut\u00eantica obra de arte.<\/p>\n<p>Fabricadas em coco, estas ta\u00e7as s\u00e3o perfeitas para servir aperitivos ou simplesmente como elementos decorativos que conferem um toque de frescura a qualquer casa. O acabamento pintado \u00e0 m\u00e3o garante que cada ta\u00e7a seja \u00fanica, adicionando um elemento pessoal e aut\u00eantico ao seu uso di\u00e1rio. Al\u00e9m da sua beleza est\u00e9tica, estas ta\u00e7as est\u00e3o profundamente ligadas \u00e0 cultura, representando a travessia espiritual e cultural do Caminho de Santiago, um Patrim\u00f3nio da Humanidade que atrai milhares de turistas todos os anos.<\/p>\n<p>Como distribuidor de recorda\u00e7\u00f5es por grosso, a Ol\u00e9 Mosaic oferece estas ta\u00e7as como uma excelente op\u00e7\u00e3o para as lojas de presentes tur\u00edsticos que procuram produtos com hist\u00f3ria. Estas recorda\u00e7\u00f5es do Caminho de Santiago n\u00e3o s\u00e3o apenas uma lembran\u00e7a da experi\u00eancia de cada visitante, mas tamb\u00e9m uma homenagem \u00e0 diversidade cultural e \u00e0 tradi\u00e7\u00e3o do Caminho.<\/p>\n","protected":false},"excerpt":{"rendered":"<p>Ta\u00e7as de coco de 13 x 6 cm, decoradas com motivos coloridos que evocam o Caminho de Santiago. Cada ta\u00e7a apresenta uma seta distintiva no centro, que assinala a rota cl\u00e1ssica, rodeada por um design vibrante em tons de azul, rosa, amarelo e branco. Fabricadas em coco, estas ta\u00e7as s\u00e3o perfeitas para servir aperitivos ou como elementos decorativos. O seu acabamento de design artesanal, pintado \u00e0 m\u00e3o, confere um toque pessoal e aut\u00eantico a qualquer casa.<\/p>\n","protected":false},"featured_media":13894,"template":"","meta":{"_acf_changed":false},"product_brand":[],"product_cat":[513],"product_tag":[],"class_list":{"0":"post-38095","1":"product","2":"type-product","3":"status-publish","4":"has-post-thumbnail","6":"product_cat-bols","7":"pa_ciudad-santiago","8":"pa_motivo-setas","9":"pa_pais-espana","11":"first","12":"instock","13":"shipping-taxable","14":"product-type-simple"},"acf":[],"_links":{"self":[{"href":"https:\/\/olemosaic.com\/pt-pt\/wp-json\/wp\/v2\/product\/38095","targetHints":{"allow":["GET"]}}],"collection":[{"href":"https:\/\/olemosaic.com\/pt-pt\/wp-json\/wp\/v2\/product"}],"about":[{"href":"https:\/\/olemosaic.com\/pt-pt\/wp-json\/wp\/v2\/types\/product"}],"wp:featuredmedia":[{"embeddable":true,"href":"https:\/\/olemosaic.com\/pt-pt\/wp-json\/wp\/v2\/media\/13894"}],"wp:attachment":[{"href":"https:\/\/olemosaic.com\/pt-pt\/wp-json\/wp\/v2\/media?parent=38095"}],"wp:term":[{"taxonomy":"product_brand","embeddable":true,"href":"https:\/\/olemosaic.com\/pt-pt\/wp-json\/wp\/v2\/product_brand?post=38095"},{"taxonomy":"product_cat","embeddable":true,"href":"https:\/\/olemosaic.com\/pt-pt\/wp-json\/wp\/v2\/product_cat?post=38095"},{"taxonomy":"product_tag","embeddable":true,"href":"https:\/\/olemosaic.com\/pt-pt\/wp-json\/wp\/v2\/product_tag?post=38095"}],"curies":[{"name":"wp","href":"https:\/\/api.w.org\/{rel}","templated":true}]}}