{"id":38093,"date":"2025-02-20T22:37:18","date_gmt":"2025-02-20T22:37:18","guid":{"rendered":"http:\/\/olemosaic.com\/producto\/4-bols-de-coco-de-13-x-6-cm-caballito-de-mar-menorca\/"},"modified":"2025-07-25T19:02:49","modified_gmt":"2025-07-25T17:02:49","slug":"4-tacas-de-coco-de-13-x-6-cm-cavalo-marinho-menorca-pt-pt","status":"publish","type":"product","link":"https:\/\/olemosaic.com\/pt-pt\/produto\/4-tacas-de-coco-de-13-x-6-cm-cavalo-marinho-menorca-pt-pt\/","title":{"rendered":"4 Ta\u00e7as de coco de 13 x 6 cm. Cavalo-marinho. Menorca."},"content":{"rendered":"<p>Apresentamos este encantador conjunto de 4 ta\u00e7as de coco de 13 x 6 cm, decoradas com motivos coloridos de cavalos-marinhos, que evocam a beleza \u00fanica de Menorca. Cada ta\u00e7a \u00e9 uma obra de arte em si mesma, com um design exclusivo que combina tons de azul, rosa, amarelo e branco, criando um efeito vibrante e atraente. O seu acabamento brilhante e suave n\u00e3o s\u00f3 real\u00e7a a sua beleza visual, mas tamb\u00e9m garante uma experi\u00eancia t\u00e1ctil agrad\u00e1vel. O que distingue estas ta\u00e7as \u00e9 a sua liga\u00e7\u00e3o com a arte menorquina, enraizada na tradi\u00e7\u00e3o artesanal e no amor pela natureza marinha, sendo o cavalo-marinho um s\u00edmbolo representativo da vida nas costas da ilha.<\/p>\n<p>Estas ta\u00e7as s\u00e3o ideais tanto para servir aperitivos como para serem utilizadas como elementos decorativos que real\u00e7am qualquer espa\u00e7o. Um presente perfeito para turistas que procuram recorda\u00e7\u00f5es aut\u00eanticas de Menorca que capturem a ess\u00eancia do Mediterr\u00e2neo. Na Ol\u00e9 Mosaic, somos distribuidores de recorda\u00e7\u00f5es por grosso e orgulhamo-nos de oferecer produtos que, al\u00e9m de serem funcionais, possuem um elevado valor cultural e art\u00edstico. Estas ta\u00e7as de coco tornar-se-\u00e3o uma recorda\u00e7\u00e3o memor\u00e1vel da sua visita a esta bela ilha.<\/p>\n","protected":false},"excerpt":{"rendered":"<p>Ta\u00e7as de coco de 13 x 6 cm, decoradas com motivos coloridos de cavalos-marinhos, inspiradas na beleza de Menorca. Cada ta\u00e7a apresenta um design \u00fanico, com tons de azul, rosa, amarelo e branco, real\u00e7ando o seu acabamento brilhante e suave. Ideais para servir aperitivos ou como elemento decorativo, estas ta\u00e7as s\u00e3o um exemplo da arte menorquina, que funde tradi\u00e7\u00e3o e eleg\u00e2ncia num design funcional e atraente.<\/p>\n","protected":false},"featured_media":13892,"template":"","meta":{"_acf_changed":false},"product_brand":[],"product_cat":[513],"product_tag":[516],"class_list":{"0":"post-38093","1":"product","2":"type-product","3":"status-publish","4":"has-post-thumbnail","6":"product_cat-bols","7":"product_tag-animais","8":"pa_ciudad-menorca","9":"pa_motivo-cavalos-marinhos","10":"pa_pais-espana","12":"first","13":"instock","14":"shipping-taxable","15":"product-type-simple"},"acf":[],"_links":{"self":[{"href":"https:\/\/olemosaic.com\/pt-pt\/wp-json\/wp\/v2\/product\/38093","targetHints":{"allow":["GET"]}}],"collection":[{"href":"https:\/\/olemosaic.com\/pt-pt\/wp-json\/wp\/v2\/product"}],"about":[{"href":"https:\/\/olemosaic.com\/pt-pt\/wp-json\/wp\/v2\/types\/product"}],"wp:featuredmedia":[{"embeddable":true,"href":"https:\/\/olemosaic.com\/pt-pt\/wp-json\/wp\/v2\/media\/13892"}],"wp:attachment":[{"href":"https:\/\/olemosaic.com\/pt-pt\/wp-json\/wp\/v2\/media?parent=38093"}],"wp:term":[{"taxonomy":"product_brand","embeddable":true,"href":"https:\/\/olemosaic.com\/pt-pt\/wp-json\/wp\/v2\/product_brand?post=38093"},{"taxonomy":"product_cat","embeddable":true,"href":"https:\/\/olemosaic.com\/pt-pt\/wp-json\/wp\/v2\/product_cat?post=38093"},{"taxonomy":"product_tag","embeddable":true,"href":"https:\/\/olemosaic.com\/pt-pt\/wp-json\/wp\/v2\/product_tag?post=38093"}],"curies":[{"name":"wp","href":"https:\/\/api.w.org\/{rel}","templated":true}]}}