{"id":38090,"date":"2025-02-20T23:36:54","date_gmt":"2025-02-20T22:36:54","guid":{"rendered":"http:\/\/olemosaic.com\/producto\/4-bols-de-coco-de-13-x-6-cm-caballito-de-mar-gran-canaria-3\/"},"modified":"2025-07-25T19:15:10","modified_gmt":"2025-07-25T17:15:10","slug":"4-tacas-de-coco-de-13-x-6-cm-cavalo-marinho-gran-canaria-3-pt-pt","status":"publish","type":"product","link":"https:\/\/olemosaic.com\/pt-pt\/produto\/4-tacas-de-coco-de-13-x-6-cm-cavalo-marinho-gran-canaria-3-pt-pt\/","title":{"rendered":"4 Ta\u00e7as de coco de 13 x 6 cm. Cavalo-marinho. Mosaico. Gran Canaria."},"content":{"rendered":"<p>Conjunto de 4 ta\u00e7as de coco decoradas com cavalos-marinhos, uma recorda\u00e7\u00e3o aut\u00eantica e vibrante de Gran Canaria, perfeito para os amantes do artesanato can\u00e1rio. Cada ta\u00e7a, com um di\u00e2metro de 13 cm e uma altura de 6 cm, \u00e9 meticulosamente pintada \u00e0 m\u00e3o, mostrando um design cheio de cores quentes e alegres. Os motivos de cavalos-marinhos, representados em relevo, evocam a rica vida marinha das Can\u00e1rias, simbolizando a liga\u00e7\u00e3o desta regi\u00e3o com o oceano.<\/p>\n<p>As ta\u00e7as apresentam mosaicos de cores que complementam os detalhes em relevo, criando um conjunto harmonioso que captura a ess\u00eancia do folclore can\u00e1rio. Perfeitas para servir aperitivos ou simplesmente como elementos decorativos, estas ta\u00e7as adicionam um toque de encanto tropical a qualquer ambiente. A sua autenticidade e o acabamento artesanal tornam-nas souvenirs ideais para turistas e amantes da cultura can\u00e1ria que procuram levar um peda\u00e7o da ilha para casa.<\/p>\n<p>Na Ol\u00e9 Mosaic, especializamo-nos na distribui\u00e7\u00e3o de souvenirs por grosso, oferecendo produtos artesanais que destacam a diversidade cultural de Espanha. Este conjunto de ta\u00e7as de coco n\u00e3o s\u00f3 \u00e9 ideal para lojas de presentes tur\u00edsticos, como tamb\u00e9m representa uma excelente op\u00e7\u00e3o para quem deseja oferecer aos seus clientes recorda\u00e7\u00f5es \u00fanicas e de qualidade.<\/p>\n","protected":false},"excerpt":{"rendered":"<p>Conjunto de 4 ta\u00e7as de coco, cada uma com um di\u00e2metro de 13 cm e uma altura de 6 cm, decoradas com coloridos motivos de cavalos-marinhos. Estas elegantes ta\u00e7as, inspiradas na beleza de Gran Canaria, apresentam um acabamento de design artesanal, pintado \u00e0 m\u00e3o, e um design vibrante com mosaicos de cores e detalhes em relevo. S\u00e3o perfeitas como elemento decorativo ou para servir aperitivos, e refletem o encanto do folclore can\u00e1rio com os seus tons quentes e distintivos motivos marinhos.<\/p>\n","protected":false},"featured_media":10702,"template":"","meta":{"_acf_changed":false},"product_brand":[],"product_cat":[513],"product_tag":[516],"class_list":{"0":"post-38090","1":"product","2":"type-product","3":"status-publish","4":"has-post-thumbnail","6":"product_cat-bols","7":"product_tag-animais","8":"pa_ciudad-gran-canaria","9":"pa_motivo-cavalos-marinhos","10":"pa_pais-espana","12":"first","13":"instock","14":"shipping-taxable","15":"product-type-simple"},"acf":[],"_links":{"self":[{"href":"https:\/\/olemosaic.com\/pt-pt\/wp-json\/wp\/v2\/product\/38090","targetHints":{"allow":["GET"]}}],"collection":[{"href":"https:\/\/olemosaic.com\/pt-pt\/wp-json\/wp\/v2\/product"}],"about":[{"href":"https:\/\/olemosaic.com\/pt-pt\/wp-json\/wp\/v2\/types\/product"}],"wp:featuredmedia":[{"embeddable":true,"href":"https:\/\/olemosaic.com\/pt-pt\/wp-json\/wp\/v2\/media\/10702"}],"wp:attachment":[{"href":"https:\/\/olemosaic.com\/pt-pt\/wp-json\/wp\/v2\/media?parent=38090"}],"wp:term":[{"taxonomy":"product_brand","embeddable":true,"href":"https:\/\/olemosaic.com\/pt-pt\/wp-json\/wp\/v2\/product_brand?post=38090"},{"taxonomy":"product_cat","embeddable":true,"href":"https:\/\/olemosaic.com\/pt-pt\/wp-json\/wp\/v2\/product_cat?post=38090"},{"taxonomy":"product_tag","embeddable":true,"href":"https:\/\/olemosaic.com\/pt-pt\/wp-json\/wp\/v2\/product_tag?post=38090"}],"curies":[{"name":"wp","href":"https:\/\/api.w.org\/{rel}","templated":true}]}}