{"id":38089,"date":"2025-02-20T22:36:54","date_gmt":"2025-02-20T22:36:54","guid":{"rendered":"http:\/\/olemosaic.com\/producto\/4-bols-de-coco-de-13-x-6-cm-isla-salamandra-tenerife\/"},"modified":"2025-07-25T18:50:52","modified_gmt":"2025-07-25T16:50:52","slug":"4-tacas-de-coco-de-13-x-6-cm-ilha-salamandra-tenerife-pt-pt","status":"publish","type":"product","link":"https:\/\/olemosaic.com\/pt-pt\/produto\/4-tacas-de-coco-de-13-x-6-cm-ilha-salamandra-tenerife-pt-pt\/","title":{"rendered":"4 Ta\u00e7as de coco de 13 x 6 cm. Ilha + salamandra. Tenerife."},"content":{"rendered":"<p>Conjunto de 4 ta\u00e7as de coco de Tenerife<\/p>\n<p>Descubra o encantador conjunto de 4 ta\u00e7as de coco, ideais para quem procura levar um pedacinho da m\u00e1gica ilha de Tenerife. Cada ta\u00e7a, de 13 x 6 cm, est\u00e1 meticulosamente decorada com um design vibrante que reflete a rica cultura can\u00e1ria. O exterior exibe um intrincado mosaico de cores rosa, azul e amarelo que capta a aten\u00e7\u00e3o, enquanto no fundo de cada recipiente, um motivo distintivo de uma salamandra e o texto &#8220;TENERIFE&#8221; real\u00e7am a sua autenticidade.<\/p>\n<p>Estas ta\u00e7as s\u00e3o perfeitas para servir aperitivos em reuni\u00f5es, mas tamb\u00e9m funcionam como atraentes elementos decorativos em qualquer espa\u00e7o. A salamandra, um s\u00edmbolo emblem\u00e1tico da ilha, entrela\u00e7a-se com uma combina\u00e7\u00e3o de cores que evoca a beleza natural de Tenerife, fazendo de cada ta\u00e7a uma pe\u00e7a \u00fanica e uma recorda\u00e7\u00e3o representativa da regi\u00e3o.<\/p>\n<p>O conjunto de ta\u00e7as de coco \u00e9 um excelente souvenir para turistas que procuram autenticidade e liga\u00e7\u00e3o cultural. Na Ol\u00e9 Mosaic, especializamo-nos na distribui\u00e7\u00e3o de souvenirs por grosso, assegurando que cada pe\u00e7a que oferecemos seja um reflexo fiel da cultura can\u00e1ria. Este conjunto \u00e9 uma op\u00e7\u00e3o ideal para lojas de presentes tur\u00edsticos que desejem oferecer produtos de qualidade, que n\u00e3o s\u00f3 sejam funcionais, mas que tamb\u00e9m contem uma hist\u00f3ria. Aproveite esta oportunidade para enriquecer o seu cat\u00e1logo com recorda\u00e7\u00f5es aut\u00eanticas de Tenerife!<\/p>\n","protected":false},"excerpt":{"rendered":"<p>Conjunto de 4 ta\u00e7as de coco de 13 x 6 cm, decoradas com um design vibrante inspirado na ilha de Tenerife. Cada ta\u00e7a apresenta um delicado mosaico de cores, com tons de rosa, azul e amarelo, que cria um efeito visual atraente. No fundo, um distintivo motivo de salamandra e o texto &#8220;TENERIFE&#8221; adicionam um toque aut\u00eantico. Ideais para servir aperitivos ou como elemento decorativo, estas ta\u00e7as s\u00e3o uma fiel representa\u00e7\u00e3o da cultura can\u00e1ria.<\/p>\n","protected":false},"featured_media":12118,"template":"","meta":{"_acf_changed":false},"product_brand":[],"product_cat":[513],"product_tag":[516],"class_list":{"0":"post-38089","1":"product","2":"type-product","3":"status-publish","4":"has-post-thumbnail","6":"product_cat-bols","7":"product_tag-animais","8":"pa_ciudad-tenerife","9":"pa_motivo-ilhas","10":"pa_pais-espana","12":"first","13":"instock","14":"shipping-taxable","15":"product-type-simple"},"acf":[],"_links":{"self":[{"href":"https:\/\/olemosaic.com\/pt-pt\/wp-json\/wp\/v2\/product\/38089","targetHints":{"allow":["GET"]}}],"collection":[{"href":"https:\/\/olemosaic.com\/pt-pt\/wp-json\/wp\/v2\/product"}],"about":[{"href":"https:\/\/olemosaic.com\/pt-pt\/wp-json\/wp\/v2\/types\/product"}],"wp:featuredmedia":[{"embeddable":true,"href":"https:\/\/olemosaic.com\/pt-pt\/wp-json\/wp\/v2\/media\/12118"}],"wp:attachment":[{"href":"https:\/\/olemosaic.com\/pt-pt\/wp-json\/wp\/v2\/media?parent=38089"}],"wp:term":[{"taxonomy":"product_brand","embeddable":true,"href":"https:\/\/olemosaic.com\/pt-pt\/wp-json\/wp\/v2\/product_brand?post=38089"},{"taxonomy":"product_cat","embeddable":true,"href":"https:\/\/olemosaic.com\/pt-pt\/wp-json\/wp\/v2\/product_cat?post=38089"},{"taxonomy":"product_tag","embeddable":true,"href":"https:\/\/olemosaic.com\/pt-pt\/wp-json\/wp\/v2\/product_tag?post=38089"}],"curies":[{"name":"wp","href":"https:\/\/api.w.org\/{rel}","templated":true}]}}