{"id":38088,"date":"2025-02-20T22:36:54","date_gmt":"2025-02-20T22:36:54","guid":{"rendered":"http:\/\/olemosaic.com\/producto\/4-bols-de-coco-de-13-x-6-cm-animales-del-mar-lanzarote\/"},"modified":"2025-07-25T20:23:48","modified_gmt":"2025-07-25T18:23:48","slug":"4-tacas-de-coco-de-13-x-6-cm-animais-do-mar-lanzarote-pt-pt","status":"publish","type":"product","link":"https:\/\/olemosaic.com\/pt-pt\/produto\/4-tacas-de-coco-de-13-x-6-cm-animais-do-mar-lanzarote-pt-pt\/","title":{"rendered":"4 Ta\u00e7as de coco de 13 x 6 cm. Animais do mar. Lanzarote."},"content":{"rendered":"<p>Conjunto de 4 ta\u00e7as de coco de Lanzarote<\/p>\n<p>Descubra o nosso exclusivo conjunto de 4 ta\u00e7as de coco, um aut\u00eantico souvenir representativo de Lanzarote que se destaca pela sua singularidade e beleza. Cada ta\u00e7a, de 13 x 6 cm, apresenta um design vibrante e colorido que evoca a rica fauna marinha desta bela ilha can\u00e1ria. As ta\u00e7as est\u00e3o decoradas com mosaicos em tons de rosa, azul e dourado, criando um efeito visual que captura o esp\u00edrito tropical e alegre de Lanzarote. No centro de cada uma, est\u00e3o cuidadosamente ilustrados uma tartaruga, um golfinho, um cavalo-marinho e um camelo, s\u00edmbolos que refletem tanto a riqueza marinha como a diversidade cultural da regi\u00e3o.<\/p>\n<p>Fabricadas com material natural, estas ta\u00e7as s\u00e3o ideais n\u00e3o s\u00f3 como elementos decorativos, mas tamb\u00e9m como recipientes pr\u00e1ticos para servir aperitivos. Cada pe\u00e7a \u00e9 uma representa\u00e7\u00e3o da autenticidade de Lanzarote, uma recorda\u00e7\u00e3o perfeita para os turistas que procuram levar um peda\u00e7o da sua experi\u00eancia na ilha. Este conjunto de ta\u00e7as \u00e9 uma op\u00e7\u00e3o ideal para lojas de presentes tur\u00edsticos que procuram souvenirs originais e de qualidade, garantindo que cada cliente regresse a casa com uma recorda\u00e7\u00e3o significativa e cheia de hist\u00f3ria. Na Ol\u00e9 Mosaic, como distribuidores de souvenirs t\u00edpicos, comprometemo-nos a oferecer produtos que celebram a ess\u00eancia cultural de Espanha e das suas ilhas.<\/p>\n","protected":false},"excerpt":{"rendered":"<p>Conjunto de 4 ta\u00e7as de coco de 13 x 6 cm que representam a fauna marinha de Lanzarote. Cada ta\u00e7a apresenta um design colorido com mosaicos em tons de rosa, azul e dourado, decoradas com ilustra\u00e7\u00f5es de uma tartaruga, um golfinho, um cavalo-marinho e um camelo no centro. Fabricadas com material natural, estas ta\u00e7as s\u00e3o ideais como elementos decorativos ou para servir aperitivos, evocando a beleza e a cultura da ilha can\u00e1ria.<\/p>\n","protected":false},"featured_media":12127,"template":"","meta":{"_acf_changed":false},"product_brand":[],"product_cat":[513],"product_tag":[516],"class_list":{"0":"post-38088","1":"product","2":"type-product","3":"status-publish","4":"has-post-thumbnail","6":"product_cat-bols","7":"product_tag-animais","8":"pa_ciudad-lanzarote","9":"pa_motivo-animais-marinhos","10":"pa_pais-espana","12":"first","13":"instock","14":"shipping-taxable","15":"product-type-simple"},"acf":[],"_links":{"self":[{"href":"https:\/\/olemosaic.com\/pt-pt\/wp-json\/wp\/v2\/product\/38088","targetHints":{"allow":["GET"]}}],"collection":[{"href":"https:\/\/olemosaic.com\/pt-pt\/wp-json\/wp\/v2\/product"}],"about":[{"href":"https:\/\/olemosaic.com\/pt-pt\/wp-json\/wp\/v2\/types\/product"}],"wp:featuredmedia":[{"embeddable":true,"href":"https:\/\/olemosaic.com\/pt-pt\/wp-json\/wp\/v2\/media\/12127"}],"wp:attachment":[{"href":"https:\/\/olemosaic.com\/pt-pt\/wp-json\/wp\/v2\/media?parent=38088"}],"wp:term":[{"taxonomy":"product_brand","embeddable":true,"href":"https:\/\/olemosaic.com\/pt-pt\/wp-json\/wp\/v2\/product_brand?post=38088"},{"taxonomy":"product_cat","embeddable":true,"href":"https:\/\/olemosaic.com\/pt-pt\/wp-json\/wp\/v2\/product_cat?post=38088"},{"taxonomy":"product_tag","embeddable":true,"href":"https:\/\/olemosaic.com\/pt-pt\/wp-json\/wp\/v2\/product_tag?post=38088"}],"curies":[{"name":"wp","href":"https:\/\/api.w.org\/{rel}","templated":true}]}}