{"id":38086,"date":"2025-02-20T23:36:22","date_gmt":"2025-02-20T22:36:22","guid":{"rendered":"http:\/\/olemosaic.com\/producto\/iman-de-resina-salamandra-y-flores-mallorca-65-cm\/"},"modified":"2025-07-25T19:08:05","modified_gmt":"2025-07-25T17:08:05","slug":"iman-de-resina-salamandra-e-flores-maiorca-6-5-cm","status":"publish","type":"product","link":"https:\/\/olemosaic.com\/pt-pt\/produto\/iman-de-resina-salamandra-e-flores-maiorca-6-5-cm\/","title":{"rendered":"\u00cdman de resina. Salamandra e flores. Maiorca. 6,5 cm."},"content":{"rendered":"<p>\u00cdman de resina decorado com uma vibrante salamandra no centro, rodeada de flores coloridas, que representa o encanto de Maiorca. Com um di\u00e2metro de 6,5 cm, este \u00edman \u00e9 uma pe\u00e7a distintiva que captura a ess\u00eancia da biodiversidade e da cultura balear. A ilustra\u00e7\u00e3o da salamandra, com as suas tonalidades alaranjadas e detalhes estilizados num design de mosaico, contrasta com um fundo de alegre paleta de cores, que inclui um requintado padr\u00e3o de flores em vermelhos, amarelos, azuis e rosas. Este design n\u00e3o s\u00f3 se destaca pela sua est\u00e9tica, como tamb\u00e9m simboliza a flora e fauna da regi\u00e3o, tornando este \u00edman uma recorda\u00e7\u00e3o significativa de Maiorca, ideal para quem procura um souvenir aut\u00eantico que represente a sua viagem \u00e0s Ilhas Baleares.<\/p>\n<p>A liga\u00e7\u00e3o cultural deste \u00edman vai al\u00e9m da sua apar\u00eancia visual; representa o amor pela natureza que caracteriza a ilha e a sua rica diversidade. Os souvenirs de Maiorca, como este \u00edman de resina, s\u00e3o perfeitos para aqueles turistas que desejam levar um peda\u00e7o da cultura local para casa. Na Ol\u00e9 Mosaic, especializamo-nos na distribui\u00e7\u00e3o de souvenirs por grosso, oferecendo produtos \u00fanicos que destacam o patrim\u00f3nio espanhol. Este \u00edman n\u00e3o s\u00f3 \u00e9 um acess\u00f3rio atraente para qualquer frigor\u00edfico, como tamb\u00e9m \u00e9 uma excelente op\u00e7\u00e3o para lojas de presentes tur\u00edsticos que procuram capturar a ess\u00eancia de Maiorca, consolidando-o como um artigo de destaque entre os souvenirs de resina.<\/p>\n","protected":false},"excerpt":{"rendered":"<p>\u00cdman decorado com uma vibrante salamandra no centro, rodeada de flores coloridas que evocam o encanto de Maiorca. Com um di\u00e2metro de 6,5 cm, este \u00edman combina motivos naturais com um design alegre e chamativo, gra\u00e7as a uma paleta de cores variadas que inclui vermelho, amarelo, azul e rosa. Ideal para levar uma recorda\u00e7\u00e3o do patrim\u00f3nio balear para casa, este produto destaca-se pelos seus detalhes estilizados e pelos seus acabamentos em resina.<\/p>\n","protected":false},"featured_media":9526,"template":"","meta":{"_acf_changed":false},"product_brand":[],"product_cat":[699],"product_tag":[516],"class_list":{"0":"post-38086","1":"product","2":"type-product","3":"status-publish","4":"has-post-thumbnail","6":"product_cat-imanes","7":"product_tag-animais","8":"pa_ciudad-mallorca","9":"pa_motivo-salamandras","10":"pa_pais-espana","12":"first","13":"instock","14":"shipping-taxable","15":"product-type-simple"},"acf":[],"_links":{"self":[{"href":"https:\/\/olemosaic.com\/pt-pt\/wp-json\/wp\/v2\/product\/38086","targetHints":{"allow":["GET"]}}],"collection":[{"href":"https:\/\/olemosaic.com\/pt-pt\/wp-json\/wp\/v2\/product"}],"about":[{"href":"https:\/\/olemosaic.com\/pt-pt\/wp-json\/wp\/v2\/types\/product"}],"wp:featuredmedia":[{"embeddable":true,"href":"https:\/\/olemosaic.com\/pt-pt\/wp-json\/wp\/v2\/media\/9526"}],"wp:attachment":[{"href":"https:\/\/olemosaic.com\/pt-pt\/wp-json\/wp\/v2\/media?parent=38086"}],"wp:term":[{"taxonomy":"product_brand","embeddable":true,"href":"https:\/\/olemosaic.com\/pt-pt\/wp-json\/wp\/v2\/product_brand?post=38086"},{"taxonomy":"product_cat","embeddable":true,"href":"https:\/\/olemosaic.com\/pt-pt\/wp-json\/wp\/v2\/product_cat?post=38086"},{"taxonomy":"product_tag","embeddable":true,"href":"https:\/\/olemosaic.com\/pt-pt\/wp-json\/wp\/v2\/product_tag?post=38086"}],"curies":[{"name":"wp","href":"https:\/\/api.w.org\/{rel}","templated":true}]}}