{"id":38085,"date":"2025-02-20T23:36:22","date_gmt":"2025-02-20T22:36:22","guid":{"rendered":"http:\/\/olemosaic.com\/producto\/iman-de-resina-toros-mallorca\/"},"modified":"2025-07-25T20:25:18","modified_gmt":"2025-07-25T18:25:18","slug":"iman-de-resina-touros-maiorca","status":"publish","type":"product","link":"https:\/\/olemosaic.com\/pt-pt\/produto\/iman-de-resina-touros-maiorca\/","title":{"rendered":"\u00cdman de resina. Touros. Maiorca."},"content":{"rendered":"<p>\u00cdman de resina com um touro colorido de Maiorca. Esta atraente recorda\u00e7\u00e3o apresenta um design vibrante que captura a ess\u00eancia do ic\u00f3nico touro, um s\u00edmbolo emblem\u00e1tico da cultura espanhola, rodeado por um mosaico art\u00edstico que evoca a beleza natural da ilha. O \u00edman mostra um touro em tons brilhantes de verde, azul e vermelho, que se destacam sobre um fundo de mosaico com cores suaves e tornassoladas. O sol radiante, representado em tons amarelos e laranjas, brilha sobre uma paisagem adornada com delicadas flores vermelhas, criando um ambiente alegre e acolhedor. A palavra &#8220;Maiorca&#8221; aparece em letras destacadas na parte inferior, acrescentando um toque representativo a este produto.<\/p>\n<p>Este \u00edman de resina n\u00e3o s\u00f3 \u00e9 um objeto decorativo, como tamb\u00e9m simboliza o esp\u00edrito vibrante e festivo de Maiorca, tornando-o a recorda\u00e7\u00e3o perfeita para quem deseja levar um peda\u00e7o da ilha para casa. A sua autenticidade como souvenir t\u00edpico de Maiorca real\u00e7a a sua relev\u00e2ncia cultural, capturando a ess\u00eancia da heran\u00e7a espanhola, que inclui tradi\u00e7\u00f5es de tauromaquia e um apreciado estilo art\u00edstico popular. Na Ol\u00e9 Mosaic, especializamo-nos na distribui\u00e7\u00e3o de souvenirs por grosso, oferecendo produtos aut\u00eanticos como este \u00edman de touro, ideais para lojas de presentes tur\u00edsticos que procuram artigos de qualidade, originais e cheios de hist\u00f3ria.<\/p>\n","protected":false},"excerpt":{"rendered":"<p>\u00cdman com um design vibrante que representa um touro, s\u00edmbolo ic\u00f3nico da cultura espanhola, num mosaico colorido que evoca a beleza de Maiorca. Este atraente souvenir apresenta um sol radiante e uma paisagem adornada com flores vermelhas, real\u00e7ando o seu estilo art\u00edstico. A palavra &#8220;Maiorca&#8221; impressa em letras destacadas confere-lhe um toque representativo, tornando-o uma op\u00e7\u00e3o ideal para levar um peda\u00e7o da ilha para casa.<\/p>\n","protected":false},"featured_media":9532,"template":"","meta":{"_acf_changed":false},"product_brand":[],"product_cat":[699],"product_tag":[516],"class_list":{"0":"post-38085","1":"product","2":"type-product","3":"status-publish","4":"has-post-thumbnail","6":"product_cat-imanes","7":"product_tag-animais","8":"pa_ciudad-mallorca","9":"pa_motivo-touros","10":"pa_pais-espana","12":"first","13":"instock","14":"shipping-taxable","15":"product-type-simple"},"acf":[],"_links":{"self":[{"href":"https:\/\/olemosaic.com\/pt-pt\/wp-json\/wp\/v2\/product\/38085","targetHints":{"allow":["GET"]}}],"collection":[{"href":"https:\/\/olemosaic.com\/pt-pt\/wp-json\/wp\/v2\/product"}],"about":[{"href":"https:\/\/olemosaic.com\/pt-pt\/wp-json\/wp\/v2\/types\/product"}],"wp:featuredmedia":[{"embeddable":true,"href":"https:\/\/olemosaic.com\/pt-pt\/wp-json\/wp\/v2\/media\/9532"}],"wp:attachment":[{"href":"https:\/\/olemosaic.com\/pt-pt\/wp-json\/wp\/v2\/media?parent=38085"}],"wp:term":[{"taxonomy":"product_brand","embeddable":true,"href":"https:\/\/olemosaic.com\/pt-pt\/wp-json\/wp\/v2\/product_brand?post=38085"},{"taxonomy":"product_cat","embeddable":true,"href":"https:\/\/olemosaic.com\/pt-pt\/wp-json\/wp\/v2\/product_cat?post=38085"},{"taxonomy":"product_tag","embeddable":true,"href":"https:\/\/olemosaic.com\/pt-pt\/wp-json\/wp\/v2\/product_tag?post=38085"}],"curies":[{"name":"wp","href":"https:\/\/api.w.org\/{rel}","templated":true}]}}