{"id":38084,"date":"2025-02-20T23:36:22","date_gmt":"2025-02-20T22:36:22","guid":{"rendered":"http:\/\/olemosaic.com\/producto\/iman-de-resina-salamandra-y-flores-mallorca\/"},"modified":"2025-07-26T00:11:51","modified_gmt":"2025-07-25T22:11:51","slug":"iman-de-resina-salamandra-e-flores-maiorca","status":"publish","type":"product","link":"https:\/\/olemosaic.com\/pt-pt\/produto\/iman-de-resina-salamandra-e-flores-maiorca\/","title":{"rendered":"\u00cdman de resina. Salamandra e flores. Maiorca."},"content":{"rendered":"<p>\u00cdman de resina de salamandras e flores de Maiorca<\/p>\n<p>Este \u00edman de resina de Maiorca \u00e9 uma aut\u00eantica representa\u00e7\u00e3o da beleza e do colorido da ilha balear, ideal para captar a aten\u00e7\u00e3o de quem procura souvenirs \u00fanicos. Com um design semicircular, este objeto decorativo destaca-se pela sua requintada t\u00e9cnica de mosaico, que combina uma vibrante paleta de cores como vermelho, azul, amarelo e verde sobre um elegante fundo branco. A pe\u00e7a apresenta duas simp\u00e1ticas salamandras, cujas formas e desenhos em tons brilhantes evocam a biodiversidade da regi\u00e3o, rodeadas de flores coloridas que complementam a imagem e conferem um toque alegre e festivo.<\/p>\n<p>O \u00edman tamb\u00e9m inclui a palavra &#8220;MAIORCA&#8221; em letras chamativas, que reafirma a sua liga\u00e7\u00e3o com a ilha e faz com que, cada vez que se olhe, reviva as mem\u00f3rias de uma viagem inesquec\u00edvel. Este souvenir n\u00e3o s\u00f3 \u00e9 uma excelente forma de recordar uma visita a Maiorca, como tamb\u00e9m presta homenagem \u00e0 cultura local, onde as salamandras s\u00e3o s\u00edmbolos de boa sorte e est\u00e3o integradas no folclore da regi\u00e3o.<\/p>\n<p>Na Ol\u00e9 Mosaic especializamo-nos na distribui\u00e7\u00e3o de souvenirs por grosso, e este \u00edman de resina torna-se uma excelente op\u00e7\u00e3o para lojas de presentes tur\u00edsticos que procuram oferecer produtos aut\u00eanticos e de qualidade. Cada \u00edman \u00e9 uma pe\u00e7a \u00fanica que reflete a ess\u00eancia da cultura maiorquina, tornando-se uma recorda\u00e7\u00e3o perfeita para aqueles que desejam levar um pedacinho de Maiorca para casa.<\/p>\n","protected":false},"excerpt":{"rendered":"<p>\u00cdman com um design colorido que representa a ess\u00eancia de Maiorca: duas simp\u00e1ticas salamandras rodeadas de flores vibrantes. Este \u00edman, de forma semicircular, destaca-se pela sua t\u00e9cnica de mosaico, combinando tons vivos como vermelho, azul, amarelo e verde sobre um fundo branco. As salamandras, com os seus caracter\u00edsticos desenhos em cores brilhantes, acrescentam um toque l\u00fadico \u00e0 decora\u00e7\u00e3o, enquanto a palavra &#8220;MAIORCA&#8221; sobressai com letras chamativas na parte central, ideal para recordar uma viagem a esta bela ilha.<\/p>\n","protected":false},"featured_media":9530,"template":"","meta":{"_acf_changed":false},"product_brand":[],"product_cat":[699],"product_tag":[516],"class_list":{"0":"post-38084","1":"product","2":"type-product","3":"status-publish","4":"has-post-thumbnail","6":"product_cat-imanes","7":"product_tag-animais","8":"pa_ciudad-mallorca","9":"pa_motivo-salamandras","10":"pa_pais-espana","12":"first","13":"instock","14":"shipping-taxable","15":"product-type-simple"},"acf":[],"_links":{"self":[{"href":"https:\/\/olemosaic.com\/pt-pt\/wp-json\/wp\/v2\/product\/38084","targetHints":{"allow":["GET"]}}],"collection":[{"href":"https:\/\/olemosaic.com\/pt-pt\/wp-json\/wp\/v2\/product"}],"about":[{"href":"https:\/\/olemosaic.com\/pt-pt\/wp-json\/wp\/v2\/types\/product"}],"wp:featuredmedia":[{"embeddable":true,"href":"https:\/\/olemosaic.com\/pt-pt\/wp-json\/wp\/v2\/media\/9530"}],"wp:attachment":[{"href":"https:\/\/olemosaic.com\/pt-pt\/wp-json\/wp\/v2\/media?parent=38084"}],"wp:term":[{"taxonomy":"product_brand","embeddable":true,"href":"https:\/\/olemosaic.com\/pt-pt\/wp-json\/wp\/v2\/product_brand?post=38084"},{"taxonomy":"product_cat","embeddable":true,"href":"https:\/\/olemosaic.com\/pt-pt\/wp-json\/wp\/v2\/product_cat?post=38084"},{"taxonomy":"product_tag","embeddable":true,"href":"https:\/\/olemosaic.com\/pt-pt\/wp-json\/wp\/v2\/product_tag?post=38084"}],"curies":[{"name":"wp","href":"https:\/\/api.w.org\/{rel}","templated":true}]}}