{"id":38083,"date":"2025-02-20T23:36:22","date_gmt":"2025-02-20T22:36:22","guid":{"rendered":"http:\/\/olemosaic.com\/producto\/iman-de-resina-flores-mallorca-10-cm\/"},"modified":"2025-07-25T19:54:48","modified_gmt":"2025-07-25T17:54:48","slug":"iman-de-resina-flores-maiorca-10-cm","status":"publish","type":"product","link":"https:\/\/olemosaic.com\/pt-pt\/produto\/iman-de-resina-flores-maiorca-10-cm\/","title":{"rendered":"\u00cdman de resina. Flores. Maiorca. 10 cm."},"content":{"rendered":"<p>\u00cdman de resina de Maiorca com design de lagarto colorido<\/p>\n<p>Este \u00edman de resina de 10 cm, decorado com um vibrante design de um lagarto t\u00edpico de Maiorca, \u00e9 perfeito para levar um pedacinho da bela ilha para o seu lar. A sua rica paleta de cores inclui tons vermelhos, amarelos, verdes e azuis, estilizados num padr\u00e3o floral que lhe confere um ar festivo e alegre. No centro, a palavra &#8220;MAIORCA&#8221; aparece escrita com uma tipografia elegante, capturando a ess\u00eancia e a cultura da ilha mediterr\u00e2nica. Este atraente souvenir \u00e9 muito mais do que uma simples decora\u00e7\u00e3o; o seu design reflete a biodiversidade de Maiorca, onde o lagarto \u00e9 um dos s\u00edmbolos da fauna local.<\/p>\n<p>O \u00edman, com um acabamento brilhante e robusto, \u00e9 ideal para adornar qualquer superf\u00edcie met\u00e1lica, desde frigor\u00edficos a quadros, e torna-se uma recorda\u00e7\u00e3o visual do encanto de Maiorca. Representa la autenticidade dos souvenirs da ilha, sendo uma excelente ideia para turistas que procuram uma recorda\u00e7\u00e3o \u00fanica e caracter\u00edstica. Na Ol\u00e9 Mosaic, o seu distribuidor de souvenirs por grosso, garantimos produtos de qualidade que real\u00e7am a identidade cultural e a beleza de cada regi\u00e3o. Este \u00edman \u00e9 uma adi\u00e7\u00e3o ideal para lojas de presentes tur\u00edsticos que desejam oferecer artigos representativos e aut\u00eanticos.<\/p>\n","protected":false},"excerpt":{"rendered":"<p>\u00cdman de 10 cm, decorado com um design vibrante de um lagarto t\u00edpico maiorquino. Este atraente \u00edman apresenta uma rica paleta de cores com tons vermelhos, amarelos, verdes e azuis, dispostos num padr\u00e3o floral estilizado. A palavra &#8220;MAIORCA&#8221;, com uma tipografia elegante, destaca-se no centro, capturando a ess\u00eancia da ilha. Ideal para adornar qualquer espa\u00e7o e recordar a beleza de Maiorca.<\/p>\n","protected":false},"featured_media":9527,"template":"","meta":{"_acf_changed":false},"product_brand":[],"product_cat":[699],"product_tag":[],"class_list":{"0":"post-38083","1":"product","2":"type-product","3":"status-publish","4":"has-post-thumbnail","6":"product_cat-imanes","7":"pa_ciudad-mallorca","8":"pa_motivo-flores","9":"pa_pais-espana","11":"first","12":"instock","13":"shipping-taxable","14":"product-type-simple"},"acf":[],"_links":{"self":[{"href":"https:\/\/olemosaic.com\/pt-pt\/wp-json\/wp\/v2\/product\/38083","targetHints":{"allow":["GET"]}}],"collection":[{"href":"https:\/\/olemosaic.com\/pt-pt\/wp-json\/wp\/v2\/product"}],"about":[{"href":"https:\/\/olemosaic.com\/pt-pt\/wp-json\/wp\/v2\/types\/product"}],"wp:featuredmedia":[{"embeddable":true,"href":"https:\/\/olemosaic.com\/pt-pt\/wp-json\/wp\/v2\/media\/9527"}],"wp:attachment":[{"href":"https:\/\/olemosaic.com\/pt-pt\/wp-json\/wp\/v2\/media?parent=38083"}],"wp:term":[{"taxonomy":"product_brand","embeddable":true,"href":"https:\/\/olemosaic.com\/pt-pt\/wp-json\/wp\/v2\/product_brand?post=38083"},{"taxonomy":"product_cat","embeddable":true,"href":"https:\/\/olemosaic.com\/pt-pt\/wp-json\/wp\/v2\/product_cat?post=38083"},{"taxonomy":"product_tag","embeddable":true,"href":"https:\/\/olemosaic.com\/pt-pt\/wp-json\/wp\/v2\/product_tag?post=38083"}],"curies":[{"name":"wp","href":"https:\/\/api.w.org\/{rel}","templated":true}]}}