{"id":38081,"date":"2025-02-20T22:36:04","date_gmt":"2025-02-20T22:36:04","guid":{"rendered":"http:\/\/olemosaic.com\/producto\/iman-de-metal-casa-batllo-barcelona-azul-8-cm\/"},"modified":"2025-07-25T18:49:20","modified_gmt":"2025-07-25T16:49:20","slug":"iman-de-metal-casa-batllo-barcelona-azul-8-cm-pt-pt-2","status":"publish","type":"product","link":"https:\/\/olemosaic.com\/pt-pt\/produto\/iman-de-metal-casa-batllo-barcelona-azul-8-cm-pt-pt-2\/","title":{"rendered":"\u00cdman de metal. Casa Batll\u00f3. Barcelona. Azul. 8 cm."},"content":{"rendered":"<p>\u00cdman met\u00e1lico de 8 cm inspirado na ic\u00f3nica Casa Batll\u00f3 de Barcelona. Este atraente \u00edman capta a ess\u00eancia do modernismo catal\u00e3o atrav\u00e9s da sua vibrante ilustra\u00e7\u00e3o em tons azuis, que evoca o espetacular mosaico de cer\u00e2mica e os singulares detalhes arquitet\u00f3nicos desenhados por Antoni Gaud\u00ed. O seu design apresenta as ondula\u00e7\u00f5es caracter\u00edsticas da Casa Batll\u00f3, bem como os coloridos mosaicos que adornam a sua fachada, criando uma pe\u00e7a que n\u00e3o s\u00f3 \u00e9 decorativa, mas tamb\u00e9m uma aut\u00eantica homenagem \u00e0 criatividade do arquiteto. A inscri\u00e7\u00e3o &#8220;Barcelona&#8221; numa cor chamativa complementa a imagem, refor\u00e7ando a sua liga\u00e7\u00e3o com a cidade.<\/p>\n<p>Este \u00edman met\u00e1lico \u00e9 uma recorda\u00e7\u00e3o perfeita para quem visitou esta obra-prima modernista. Com os seus 8 cm, \u00e9 ideal para coloc\u00e1-lo em qualquer superf\u00edcie met\u00e1lica, como frigor\u00edficos ou quadros magn\u00e9ticos, mantendo viva a mem\u00f3ria da aventura barcelonesa. Al\u00e9m disso, o seu design art\u00edstico e cultural torna-o uma excelente recorda\u00e7\u00e3o de Barcelona, permitindo que turistas e locais revivam os seus momentos nesta emblem\u00e1tica localidade. Na Ol\u00e9 Mosaic, como grossista de recorda\u00e7\u00f5es, oferecemos produtos aut\u00eanticos que destacam a riqueza cultural de cada recanto, e este \u00edman \u00e9 uma op\u00e7\u00e3o ideal para lojas de presentes tur\u00edsticos que procurem oferecer algo \u00fanico e representativo de Barcelona.<\/p>\n","protected":false},"excerpt":{"rendered":"<p>\u00cdman met\u00e1lico de 8 cm inspirado na emblem\u00e1tica Casa Batll\u00f3 de Barcelona. Este atraente \u00edman apresenta uma ilustra\u00e7\u00e3o vibrante em tons azuis, com detalhes coloridos que captam a singularidade do arquiteto Antoni Gaud\u00ed. O seu design inclui elementos distintivos do edif\u00edcio, como os seus mosaicos e formas onduladas, al\u00e9m da inscri\u00e7\u00e3o &#8220;Barcelona&#8221;. \u00c9 perfeito para recordar a sua visita a esta obra-prima modernista.<\/p>\n","protected":false},"featured_media":8165,"template":"","meta":{"_acf_changed":false},"product_brand":[],"product_cat":[699],"product_tag":[],"class_list":{"0":"post-38081","1":"product","2":"type-product","3":"status-publish","4":"has-post-thumbnail","6":"product_cat-imanes","7":"pa_ciudad-barcelona","8":"pa_motivo-casa-batllo","9":"pa_pais-espana","11":"first","12":"instock","13":"shipping-taxable","14":"product-type-simple"},"acf":[],"_links":{"self":[{"href":"https:\/\/olemosaic.com\/pt-pt\/wp-json\/wp\/v2\/product\/38081","targetHints":{"allow":["GET"]}}],"collection":[{"href":"https:\/\/olemosaic.com\/pt-pt\/wp-json\/wp\/v2\/product"}],"about":[{"href":"https:\/\/olemosaic.com\/pt-pt\/wp-json\/wp\/v2\/types\/product"}],"wp:featuredmedia":[{"embeddable":true,"href":"https:\/\/olemosaic.com\/pt-pt\/wp-json\/wp\/v2\/media\/8165"}],"wp:attachment":[{"href":"https:\/\/olemosaic.com\/pt-pt\/wp-json\/wp\/v2\/media?parent=38081"}],"wp:term":[{"taxonomy":"product_brand","embeddable":true,"href":"https:\/\/olemosaic.com\/pt-pt\/wp-json\/wp\/v2\/product_brand?post=38081"},{"taxonomy":"product_cat","embeddable":true,"href":"https:\/\/olemosaic.com\/pt-pt\/wp-json\/wp\/v2\/product_cat?post=38081"},{"taxonomy":"product_tag","embeddable":true,"href":"https:\/\/olemosaic.com\/pt-pt\/wp-json\/wp\/v2\/product_tag?post=38081"}],"curies":[{"name":"wp","href":"https:\/\/api.w.org\/{rel}","templated":true}]}}