{"id":38079,"date":"2025-02-20T22:36:03","date_gmt":"2025-02-20T22:36:03","guid":{"rendered":"http:\/\/olemosaic.com\/producto\/iman-de-metal-bailaora-mijas-negro-8-cm\/"},"modified":"2025-07-25T19:48:36","modified_gmt":"2025-07-25T17:48:36","slug":"iman-de-metal-bailarina-flamenco-mijas-preto-8-cm-pt-pt","status":"publish","type":"product","link":"https:\/\/olemosaic.com\/pt-pt\/produto\/iman-de-metal-bailarina-flamenco-mijas-preto-8-cm-pt-pt\/","title":{"rendered":"\u00cdman de metal. Bailarina de Flamenco. Mijas. Preto. 8 cm."},"content":{"rendered":"<p>\u00cdman de metal de 8 cm inspirado na cultura flamenca de Mijas. Este vibrante \u00edman apresenta uma cativante ilustra\u00e7\u00e3o de uma bailarina de flamenco, destacando-se com o seu vestido de folhos numa explos\u00e3o de cores brilhantes, que evoca a ess\u00eancia do flamenco espanhol. A figura da bailarina ergue-se sobre um fundo preto que real\u00e7a a sua beleza e movimento, tornando-o um elemento decorativo ideal para qualquer superf\u00edcie met\u00e1lica. A palavra &#8220;MIJAS&#8221; aparece com uma tipografia art\u00edstica que se complementa com uma moldura de mosaico, prestando homenagem \u00e0 rica tradi\u00e7\u00e3o art\u00edstica e cultural desta pitoresca localidade andaluza.<\/p>\n<p>Este \u00edman n\u00e3o \u00e9 apenas uma recorda\u00e7\u00e3o, mas uma aut\u00eantica lembran\u00e7a de Mijas que capta a paix\u00e3o e a arte do flamenco, uma express\u00e3o cultural profundamente enraizada na identidade andaluza. O seu design colorido e din\u00e2mico torna-o uma op\u00e7\u00e3o perfeita para turistas que procuram recordar a sua visita a esta maravilhosa regi\u00e3o. Na Ol\u00e9 Mosaic, como grossista de recorda\u00e7\u00f5es, oferecemos este \u00edman de bailarina, assegurando a sua autenticidade e qualidade, ideal para lojas de presentes tur\u00edsticos que desejem oferecer produtos representativos da heran\u00e7a cultural espanhola. Este \u00edman flamenco \u00e9 mais do que um acess\u00f3rio decorativo; \u00e9 um peda\u00e7o de Mijas para levar para casa.<\/p>\n","protected":false},"excerpt":{"rendered":"<p>\u00cdman met\u00e1lico de 8 cm inspirado na cultura flamenca de Mijas. Este colorido \u00edman apresenta uma vibrante ilustra\u00e7\u00e3o de uma bailarina de flamenco com um vestido de folhos em tons brilhantes que captam a ess\u00eancia do flamenco. O fundo preto real\u00e7a a figura da bailarina, enquanto a palavra &#8220;MIJAS&#8221; \u00e9 decorada com uma moldura de mosaico, acrescentando um toque art\u00edstico e cultural. Uma recorda\u00e7\u00e3o perfeita que evoca o esp\u00edrito andaluz.<\/p>\n","protected":false},"featured_media":10030,"template":"","meta":{"_acf_changed":false},"product_brand":[],"product_cat":[699],"product_tag":[],"class_list":{"0":"post-38079","1":"product","2":"type-product","3":"status-publish","4":"has-post-thumbnail","6":"product_cat-imanes","7":"pa_ciudad-mijas","8":"pa_motivo-dancarinos","9":"pa_pais-espana","11":"first","12":"instock","13":"shipping-taxable","14":"product-type-simple"},"acf":[],"_links":{"self":[{"href":"https:\/\/olemosaic.com\/pt-pt\/wp-json\/wp\/v2\/product\/38079","targetHints":{"allow":["GET"]}}],"collection":[{"href":"https:\/\/olemosaic.com\/pt-pt\/wp-json\/wp\/v2\/product"}],"about":[{"href":"https:\/\/olemosaic.com\/pt-pt\/wp-json\/wp\/v2\/types\/product"}],"wp:featuredmedia":[{"embeddable":true,"href":"https:\/\/olemosaic.com\/pt-pt\/wp-json\/wp\/v2\/media\/10030"}],"wp:attachment":[{"href":"https:\/\/olemosaic.com\/pt-pt\/wp-json\/wp\/v2\/media?parent=38079"}],"wp:term":[{"taxonomy":"product_brand","embeddable":true,"href":"https:\/\/olemosaic.com\/pt-pt\/wp-json\/wp\/v2\/product_brand?post=38079"},{"taxonomy":"product_cat","embeddable":true,"href":"https:\/\/olemosaic.com\/pt-pt\/wp-json\/wp\/v2\/product_cat?post=38079"},{"taxonomy":"product_tag","embeddable":true,"href":"https:\/\/olemosaic.com\/pt-pt\/wp-json\/wp\/v2\/product_tag?post=38079"}],"curies":[{"name":"wp","href":"https:\/\/api.w.org\/{rel}","templated":true}]}}