{"id":38077,"date":"2025-02-20T23:35:55","date_gmt":"2025-02-20T22:35:55","guid":{"rendered":"http:\/\/olemosaic.com\/producto\/iman-de-ceramica-patio-sevilla-blanco-4\/"},"modified":"2025-07-25T19:16:37","modified_gmt":"2025-07-25T17:16:37","slug":"iman-de-ceramica-patio-sevilha-branco-4-pt-pt","status":"publish","type":"product","link":"https:\/\/olemosaic.com\/pt-pt\/produto\/iman-de-ceramica-patio-sevilha-branco-4-pt-pt\/","title":{"rendered":"\u00cdman de cer\u00e2mica. P\u00e1tio andaluz. Sevilha. Branco."},"content":{"rendered":"<p>\u00cdman de cer\u00e2mica decorado com uma vibrante cena t\u00edpica de Sevilha, onde um par de bailarinos de flamenco ganha vida num espl\u00eandido design pintado \u00e0 m\u00e3o. Este encantador \u00edman, sobre um elegante fundo branco, destaca-se pelas cores vivas vermelho e preto que real\u00e7am a energia e a paix\u00e3o da dan\u00e7a andaluza. A bailarina, com um espetacular vestido de folhos vermelhos e detalhes pretos, segura uma sombrinha que adiciona um toque de sofistica\u00e7\u00e3o e calor \u00e0 cena, enquanto o bailarino, trajado com a tradicional vestimenta flamenca e um chap\u00e9u, complementa esta representa\u00e7\u00e3o cultural com a sua imponente presen\u00e7a.<\/p>\n<p>O \u00edman inclui o texto &#8220;Sevilla&#8221;, que n\u00e3o s\u00f3 identifica a cidade, mas tamb\u00e9m serve como recorda\u00e7\u00e3o das suas famosas festividades e da sua rica cultura flamenca. Esta pe\u00e7a n\u00e3o \u00e9 apenas um objeto decorativo funcional, mas tamb\u00e9m um s\u00edmbolo do patrim\u00f3nio cultural andaluz, tornando-se o souvenir ideal para quem visita Sevilha. Na Ol\u00e9 Mosaic, especializamo-nos na distribui\u00e7\u00e3o de souvenirs aut\u00eanticos, e este \u00edman de cer\u00e2mica \u00e9 uma excelente op\u00e7\u00e3o para lojas de presentes tur\u00edsticos que desejem oferecer produtos representativos e de qualidade. Oferecer ou adquirir este \u00edman \u00e9 uma maneira perfeita de levar um pedacinho de Sevilha para casa.<\/p>\n","protected":false},"excerpt":{"rendered":"<p>\u00cdman de cer\u00e2mica decorado com uma cena t\u00edpica de Sevilha: um par a dan\u00e7ar flamenco. Este atraente \u00edman branco destaca-se pelo seu design artesanal, pintado \u00e0 m\u00e3o, com cores vivas vermelhas e pretas, que capturam a eleg\u00e2ncia da dan\u00e7a andaluza. A figura da bailarina, com o seu vestido de folhos e uma sombrinha, junto ao bailarino, com o seu chap\u00e9u e elegante indument\u00e1ria, evoca a energia das festas locais. Inclui o texto &#8220;Sevilla&#8221;, que adiciona um toque distintivo a esta encantadora recorda\u00e7\u00e3o.<\/p>\n","protected":false},"featured_media":8336,"template":"","meta":{"_acf_changed":false},"product_brand":[],"product_cat":[699],"product_tag":[515],"class_list":{"0":"post-38077","1":"product","2":"type-product","3":"status-publish","4":"has-post-thumbnail","6":"product_cat-imanes","7":"product_tag-ceramica","8":"pa_ciudad-sevilla","9":"pa_motivo-patios","10":"pa_pais-espana","12":"first","13":"instock","14":"shipping-taxable","15":"product-type-simple"},"acf":[],"_links":{"self":[{"href":"https:\/\/olemosaic.com\/pt-pt\/wp-json\/wp\/v2\/product\/38077","targetHints":{"allow":["GET"]}}],"collection":[{"href":"https:\/\/olemosaic.com\/pt-pt\/wp-json\/wp\/v2\/product"}],"about":[{"href":"https:\/\/olemosaic.com\/pt-pt\/wp-json\/wp\/v2\/types\/product"}],"wp:featuredmedia":[{"embeddable":true,"href":"https:\/\/olemosaic.com\/pt-pt\/wp-json\/wp\/v2\/media\/8336"}],"wp:attachment":[{"href":"https:\/\/olemosaic.com\/pt-pt\/wp-json\/wp\/v2\/media?parent=38077"}],"wp:term":[{"taxonomy":"product_brand","embeddable":true,"href":"https:\/\/olemosaic.com\/pt-pt\/wp-json\/wp\/v2\/product_brand?post=38077"},{"taxonomy":"product_cat","embeddable":true,"href":"https:\/\/olemosaic.com\/pt-pt\/wp-json\/wp\/v2\/product_cat?post=38077"},{"taxonomy":"product_tag","embeddable":true,"href":"https:\/\/olemosaic.com\/pt-pt\/wp-json\/wp\/v2\/product_tag?post=38077"}],"curies":[{"name":"wp","href":"https:\/\/api.w.org\/{rel}","templated":true}]}}