{"id":38075,"date":"2025-02-20T23:35:55","date_gmt":"2025-02-20T22:35:55","guid":{"rendered":"http:\/\/olemosaic.com\/producto\/iman-de-ceramica-toros-sevilla-blanco-2\/"},"modified":"2025-07-25T19:52:40","modified_gmt":"2025-07-25T17:52:40","slug":"iman-de-ceramica-toiros-sevilha-branco-2","status":"publish","type":"product","link":"https:\/\/olemosaic.com\/pt-pt\/produto\/iman-de-ceramica-toiros-sevilha-branco-2\/","title":{"rendered":"\u00cdman de cer\u00e2mica. Toiros. Motivos florais. Sevilha. Branco."},"content":{"rendered":"<p>\u00cdman de cer\u00e2mica de toiros de Sevilha. Este encantador \u00edman destaca-se pelo seu vibrante design que captura a ess\u00eancia do folclore andaluz, apresentado num atraente formato branco. A pe\u00e7a mostra um toirinho estilizado, pintado \u00e0 m\u00e3o com cores brilhantes que evocam a paix\u00e3o e o dinamismo da cultura sevilhana, acompanhado de uma alegre representa\u00e7\u00e3o de flores e um radiante sol de fundo. A ilustra\u00e7\u00e3o real\u00e7a a liga\u00e7\u00e3o entre a tradi\u00e7\u00e3o taurina e a beleza natural da regi\u00e3o, tornando-o uma recorda\u00e7\u00e3o representativa de Sevilha. Com a palavra &#8220;Sevilla&#8221; elegantemente estampada, este \u00edman n\u00e3o s\u00f3 \u00e9 uma forma funcional de adornar qualquer superf\u00edcie met\u00e1lica, mas tamb\u00e9m uma lembran\u00e7a da arte e da autenticidade dos souvenirs t\u00edpicos da cidade. Ideal para turistas que procuram capturar um fragmento da cultura andaluza na sua casa, este \u00edman de cer\u00e2mica \u00e9 uma excelente op\u00e7\u00e3o para lojas de presentes tur\u00edsticos. Na Ol\u00e9 Mosaic, distribu\u00edmos souvenirs de cer\u00e2mica aut\u00eanticos e coloridos, que real\u00e7am a riqueza patrimonial de Espanha, assegurando qualidade e design em cada produto.<\/p>\n","protected":false},"excerpt":{"rendered":"<p>\u00cdman de cer\u00e2mica com um vibrante design taurino, que representa a ess\u00eancia de Sevilha. Este atraente \u00edman branco apresenta um toirinho estilizado em cores brilhantes, rodeado de flores e um sol, tudo com um acabamento cer\u00e2mico que real\u00e7a o seu car\u00e1cter art\u00edstico. Com a palavra &#8220;Sevilla&#8221; estampada, \u00e9 um souvenir ideal que captura a cultura e tradi\u00e7\u00e3o andaluza, perfeito para adornar qualquer superf\u00edcie met\u00e1lica.<\/p>\n","protected":false},"featured_media":8644,"template":"","meta":{"_acf_changed":false},"product_brand":[],"product_cat":[699],"product_tag":[516,515],"class_list":{"0":"post-38075","1":"product","2":"type-product","3":"status-publish","4":"has-post-thumbnail","6":"product_cat-imanes","7":"product_tag-animais","8":"product_tag-ceramica","9":"pa_ciudad-sevilla","10":"pa_motivo-touros","11":"pa_pais-espana","13":"first","14":"instock","15":"shipping-taxable","16":"product-type-simple"},"acf":[],"_links":{"self":[{"href":"https:\/\/olemosaic.com\/pt-pt\/wp-json\/wp\/v2\/product\/38075","targetHints":{"allow":["GET"]}}],"collection":[{"href":"https:\/\/olemosaic.com\/pt-pt\/wp-json\/wp\/v2\/product"}],"about":[{"href":"https:\/\/olemosaic.com\/pt-pt\/wp-json\/wp\/v2\/types\/product"}],"wp:featuredmedia":[{"embeddable":true,"href":"https:\/\/olemosaic.com\/pt-pt\/wp-json\/wp\/v2\/media\/8644"}],"wp:attachment":[{"href":"https:\/\/olemosaic.com\/pt-pt\/wp-json\/wp\/v2\/media?parent=38075"}],"wp:term":[{"taxonomy":"product_brand","embeddable":true,"href":"https:\/\/olemosaic.com\/pt-pt\/wp-json\/wp\/v2\/product_brand?post=38075"},{"taxonomy":"product_cat","embeddable":true,"href":"https:\/\/olemosaic.com\/pt-pt\/wp-json\/wp\/v2\/product_cat?post=38075"},{"taxonomy":"product_tag","embeddable":true,"href":"https:\/\/olemosaic.com\/pt-pt\/wp-json\/wp\/v2\/product_tag?post=38075"}],"curies":[{"name":"wp","href":"https:\/\/api.w.org\/{rel}","templated":true}]}}