{"id":38074,"date":"2025-02-20T23:35:55","date_gmt":"2025-02-20T22:35:55","guid":{"rendered":"http:\/\/olemosaic.com\/producto\/iman-de-ceramica-toros-madrid-blanco-4\/"},"modified":"2025-07-25T19:55:02","modified_gmt":"2025-07-25T17:55:02","slug":"iman-de-ceramica-toiros-madrid-branco-4","status":"publish","type":"product","link":"https:\/\/olemosaic.com\/pt-pt\/produto\/iman-de-ceramica-toiros-madrid-branco-4\/","title":{"rendered":"\u00cdman de cer\u00e2mica. Toiros. Mosaico. Madrid. Branco."},"content":{"rendered":"<p>\u00cdman de cer\u00e2mica de toiros de Madrid<\/p>\n<p>Este \u00edman de cer\u00e2mica com um vibrante design de toiros \u00e9 um aut\u00eantico s\u00edmbolo da cultura madrilena. Elaborado com um acabamento brilhante que real\u00e7a a sua base branca, apresenta um colorido mosaico que combina tonalidades de azul, vermelho e amarelo, capturando a ess\u00eancia da tauromaquia, uma das tradi\u00e7\u00f5es mais emblem\u00e1ticas de Espanha. A ilustra\u00e7\u00e3o mostra um majestoso toiro, rodeado de flores que conferem um toque de frescura e vitalidade ao design, simbolizando tanto a for\u00e7a do animal como a beleza da natureza que adorna a paisagem espanhola. O nome &#8220;MADRID&#8221; est\u00e1 elegantemente impresso num dos laterais, adicionando um distintivo que o torna um souvenir ideal para turistas que procuram uma representa\u00e7\u00e3o aut\u00eantica da capital.<\/p>\n<p>Este \u00edman n\u00e3o s\u00f3 \u00e9 uma recorda\u00e7\u00e3o da visita a Madrid, mas tamb\u00e9m uma pe\u00e7a art\u00edstica que une a tradi\u00e7\u00e3o \u00e0 modernidade, ideal para decorar frigor\u00edficos e outros espa\u00e7os. Na Ol\u00e9 Mosaic, o nosso compromisso \u00e9 oferecer produtos \u00fanicos e de qualidade, e este \u00edman de toiros \u00e9 uma excelente op\u00e7\u00e3o para lojas de presentes tur\u00edsticos que desejem apresentar souvenirs representativos de Madrid. Como grossistas de cer\u00e2mica, garantimos a autenticidade e o apelo de cada pe\u00e7a, tornando-a uma recorda\u00e7\u00e3o inestim\u00e1vel que proporciona um peda\u00e7o da cultura espanhola.<\/p>\n","protected":false},"excerpt":{"rendered":"<p>\u00cdman de cer\u00e2mica com um vibrante design de toiros, que representa a ess\u00eancia madrilena. Este atraente \u00edman destaca-se pela sua base branca e pelo seu colorido mosaico, com tons azuis, vermelhos e amarelos, que simbolizam a for\u00e7a e a tradi\u00e7\u00e3o taurina de Madrid. Adornado com detalhes florais e a palavra &#8220;MADRID&#8221; impressa, \u00e9 um souvenir perfeito que captura a ess\u00eancia cultural da capital espanhola.<\/p>\n","protected":false},"featured_media":8618,"template":"","meta":{"_acf_changed":false},"product_brand":[],"product_cat":[699],"product_tag":[516,515],"class_list":{"0":"post-38074","1":"product","2":"type-product","3":"status-publish","4":"has-post-thumbnail","6":"product_cat-imanes","7":"product_tag-animais","8":"product_tag-ceramica","9":"pa_ciudad-madrid","10":"pa_motivo-touros","11":"pa_pais-espana","13":"first","14":"instock","15":"shipping-taxable","16":"product-type-simple"},"acf":[],"_links":{"self":[{"href":"https:\/\/olemosaic.com\/pt-pt\/wp-json\/wp\/v2\/product\/38074","targetHints":{"allow":["GET"]}}],"collection":[{"href":"https:\/\/olemosaic.com\/pt-pt\/wp-json\/wp\/v2\/product"}],"about":[{"href":"https:\/\/olemosaic.com\/pt-pt\/wp-json\/wp\/v2\/types\/product"}],"wp:featuredmedia":[{"embeddable":true,"href":"https:\/\/olemosaic.com\/pt-pt\/wp-json\/wp\/v2\/media\/8618"}],"wp:attachment":[{"href":"https:\/\/olemosaic.com\/pt-pt\/wp-json\/wp\/v2\/media?parent=38074"}],"wp:term":[{"taxonomy":"product_brand","embeddable":true,"href":"https:\/\/olemosaic.com\/pt-pt\/wp-json\/wp\/v2\/product_brand?post=38074"},{"taxonomy":"product_cat","embeddable":true,"href":"https:\/\/olemosaic.com\/pt-pt\/wp-json\/wp\/v2\/product_cat?post=38074"},{"taxonomy":"product_tag","embeddable":true,"href":"https:\/\/olemosaic.com\/pt-pt\/wp-json\/wp\/v2\/product_tag?post=38074"}],"curies":[{"name":"wp","href":"https:\/\/api.w.org\/{rel}","templated":true}]}}