{"id":38070,"date":"2025-02-20T23:35:50","date_gmt":"2025-02-20T22:35:50","guid":{"rendered":"http:\/\/olemosaic.com\/producto\/funda-de-telefono-para-xiaomi-13-tpu-abstracto-verde-2\/"},"modified":"2025-07-25T19:26:40","modified_gmt":"2025-07-25T17:26:40","slug":"capa-de-telemovel-para-xiaomi-13-tpu-abstrato-verde-2","status":"publish","type":"product","link":"https:\/\/olemosaic.com\/pt-pt\/produto\/capa-de-telemovel-para-xiaomi-13-tpu-abstrato-verde-2\/","title":{"rendered":"Capa de telem\u00f3vel para Xiaomi 13 (TPU). Abstrato. Azulejos espanh\u00f3is. Verde"},"content":{"rendered":"<p>Capa para Xiaomi 13 com design abstrato de mosaico. Esta elegante capa, fabricada em TPU resistente, oferece uma prote\u00e7\u00e3o ideal para o seu dispositivo, ao mesmo tempo que adiciona um toque art\u00edstico e moderno. O seu vibrante design apresenta um padr\u00e3o geom\u00e9trico em tons de verde, azul e laranja, que evoca a rica tradi\u00e7\u00e3o dos azulejos espanh\u00f3is, elementos emblem\u00e1ticos da arte e da cultura do pa\u00eds. Cada detalhe do mosaico foi plasmado com esmero, criando um efeito visual din\u00e2mico que atrair\u00e1 quem aprecia a est\u00e9tica contempor\u00e2nea com um fundo cultural profundo.<\/p>\n<p>A textura suave e flex\u00edvel desta capa n\u00e3o s\u00f3 garante um ajuste perfeito ao Xiaomi 13, como tamb\u00e9m proporciona conforto ao toque. Isto torna esta capa n\u00e3o apenas um acess\u00f3rio pr\u00e1tico, mas tamb\u00e9m uma excelente proposta como recorda\u00e7\u00e3o para turistas que procuram uma representa\u00e7\u00e3o aut\u00eantica da cultura espanhola. Na Ol\u00e9 Mosaic, somos especialistas na distribui\u00e7\u00e3o de artigos de qualidade; este produto \u00e9 ideal para lojas de presentes tur\u00edsticos que desejam oferecer lembran\u00e7as \u00fanicas e representativas. Ao escolher esta capa, n\u00e3o s\u00f3 obt\u00e9m prote\u00e7\u00e3o para o seu dispositivo, mas tamb\u00e9m uma pe\u00e7a de arte que celebra a diversidade cultural espanhola e o seu legado em cer\u00e2mica e mosaico.<\/p>\n","protected":false},"excerpt":{"rendered":"<p>Capa para telem\u00f3vel Xiaomi 13 fabricada em TPU com um design abstrato em tons de verde, azul e laranja. Este acess\u00f3rio destaca-se pelo seu acabamento que simula um mosaico colorido, evocando a rica tradi\u00e7\u00e3o art\u00edstica dos azulejos espanh\u00f3is. A sua textura suave e flex\u00edvel oferece uma prote\u00e7\u00e3o ideal para o seu dispositivo, enquanto o vibrante padr\u00e3o geom\u00e9trico confere um toque moderno e distintivo, ideal para quem procura um estilo \u00fanico.<\/p>\n","protected":false},"featured_media":12676,"template":"","meta":{"_acf_changed":false},"product_brand":[],"product_cat":[685],"product_tag":[],"class_list":{"0":"post-38070","1":"product","2":"type-product","3":"status-publish","4":"has-post-thumbnail","6":"product_cat-capas-para-telemoveis","7":"pa_motivo-resumo","9":"first","10":"instock","11":"shipping-taxable","12":"product-type-simple"},"acf":[],"_links":{"self":[{"href":"https:\/\/olemosaic.com\/pt-pt\/wp-json\/wp\/v2\/product\/38070","targetHints":{"allow":["GET"]}}],"collection":[{"href":"https:\/\/olemosaic.com\/pt-pt\/wp-json\/wp\/v2\/product"}],"about":[{"href":"https:\/\/olemosaic.com\/pt-pt\/wp-json\/wp\/v2\/types\/product"}],"wp:featuredmedia":[{"embeddable":true,"href":"https:\/\/olemosaic.com\/pt-pt\/wp-json\/wp\/v2\/media\/12676"}],"wp:attachment":[{"href":"https:\/\/olemosaic.com\/pt-pt\/wp-json\/wp\/v2\/media?parent=38070"}],"wp:term":[{"taxonomy":"product_brand","embeddable":true,"href":"https:\/\/olemosaic.com\/pt-pt\/wp-json\/wp\/v2\/product_brand?post=38070"},{"taxonomy":"product_cat","embeddable":true,"href":"https:\/\/olemosaic.com\/pt-pt\/wp-json\/wp\/v2\/product_cat?post=38070"},{"taxonomy":"product_tag","embeddable":true,"href":"https:\/\/olemosaic.com\/pt-pt\/wp-json\/wp\/v2\/product_tag?post=38070"}],"curies":[{"name":"wp","href":"https:\/\/api.w.org\/{rel}","templated":true}]}}