{"id":38069,"date":"2025-02-20T22:35:50","date_gmt":"2025-02-20T22:35:50","guid":{"rendered":"http:\/\/olemosaic.com\/producto\/funda-de-telefono-para-xiaomi-13-tpu-gato-barcelona-negro\/"},"modified":"2025-07-25T19:37:56","modified_gmt":"2025-07-25T17:37:56","slug":"capa-de-telemovel-para-xiaomi-13-tpu-gato-barcelona-preto","status":"publish","type":"product","link":"https:\/\/olemosaic.com\/pt-pt\/produto\/capa-de-telemovel-para-xiaomi-13-tpu-gato-barcelona-preto\/","title":{"rendered":"Capa de telem\u00f3vel para Xiaomi 13 (TPU). Gato. Barcelona. Preto"},"content":{"rendered":"<p>Capa para Xiaomi 13<\/p>\n<p>Esta capa para o Xiaomi 13 \u00e9 uma magn\u00edfica representa\u00e7\u00e3o da arte vibrante de Barcelona, cidade famosa pela sua rica heran\u00e7a cultural e pelos seus coloridos designs arquitet\u00f3nicos. Fabricada em material TPU de alta qualidade, oferece uma excelente prote\u00e7\u00e3o para o seu dispositivo sem comprometer o estilo. O design destaca um gato estilizado numa paleta de cores resplandecentes, incluindo vermelhos, amarelos, verdes e azuis, que evocam os mosaicos da obra de Gaud\u00ed, um dos emblemas do modernismo catal\u00e3o. O fundo preto faz com que o colorido gato brilhe ainda mais, enquanto as borboletas multicoloridas que o acompanham conferem um toque de frescura e vitalidade.<\/p>\n<p>O nome &#8220;Barcelona&#8221; est\u00e1 elegantemente impresso na parte inferior, fundindo funcionalidade e est\u00e9tica num s\u00f3 produto. Esta capa n\u00e3o \u00e9 apenas uma ferramenta \u00fatil para proteger o seu telem\u00f3vel, mas tamb\u00e9m uma lembran\u00e7a perfeita para quem procura levar consigo um peda\u00e7o da ess\u00eancia art\u00edstica da cidade. Na Ol\u00e9 Mosaic, especializamo-nos na distribui\u00e7\u00e3o por grosso de lembran\u00e7as aut\u00eanticas e elegantes. Esta capa \u00e9 ideal para lojas de presentes tur\u00edsticos que desejem oferecer produtos \u00fanicos e representativos. Com a sua liga\u00e7\u00e3o cultural e o seu design atrativo, torna-se uma excelente op\u00e7\u00e3o para quem quer recordar a sua visita a Barcelona de uma forma pr\u00e1tica e estilizada.<\/p>\n","protected":false},"excerpt":{"rendered":"<p>Capa para Xiaomi 13 fabricada em TPU, decorada com um vibrante design de um gato inspirado na arte colorida de Barcelona. A capa apresenta um fundo preto que real\u00e7a os vivos tons vermelhos, amarelos, verdes e azuis do gato, juntamente com borboletas multicoloridas que conferem um toque de frescura e alegria. Com a palavra &#8220;Barcelona&#8221; elegantemente impressa, \u00e9 uma op\u00e7\u00e3o perfeita para quem deseja proteger o seu dispositivo e exibir um s\u00edmbolo art\u00edstico da cidade.<\/p>\n","protected":false},"featured_media":12686,"template":"","meta":{"_acf_changed":false},"product_brand":[],"product_cat":[685],"product_tag":[516],"class_list":{"0":"post-38069","1":"product","2":"type-product","3":"status-publish","4":"has-post-thumbnail","6":"product_cat-capas-para-telemoveis","7":"product_tag-animais","8":"pa_ciudad-barcelona","9":"pa_motivo-gatos","10":"pa_pais-espana","12":"first","13":"instock","14":"shipping-taxable","15":"product-type-simple"},"acf":[],"_links":{"self":[{"href":"https:\/\/olemosaic.com\/pt-pt\/wp-json\/wp\/v2\/product\/38069","targetHints":{"allow":["GET"]}}],"collection":[{"href":"https:\/\/olemosaic.com\/pt-pt\/wp-json\/wp\/v2\/product"}],"about":[{"href":"https:\/\/olemosaic.com\/pt-pt\/wp-json\/wp\/v2\/types\/product"}],"wp:featuredmedia":[{"embeddable":true,"href":"https:\/\/olemosaic.com\/pt-pt\/wp-json\/wp\/v2\/media\/12686"}],"wp:attachment":[{"href":"https:\/\/olemosaic.com\/pt-pt\/wp-json\/wp\/v2\/media?parent=38069"}],"wp:term":[{"taxonomy":"product_brand","embeddable":true,"href":"https:\/\/olemosaic.com\/pt-pt\/wp-json\/wp\/v2\/product_brand?post=38069"},{"taxonomy":"product_cat","embeddable":true,"href":"https:\/\/olemosaic.com\/pt-pt\/wp-json\/wp\/v2\/product_cat?post=38069"},{"taxonomy":"product_tag","embeddable":true,"href":"https:\/\/olemosaic.com\/pt-pt\/wp-json\/wp\/v2\/product_tag?post=38069"}],"curies":[{"name":"wp","href":"https:\/\/api.w.org\/{rel}","templated":true}]}}