{"id":38067,"date":"2025-02-20T22:35:45","date_gmt":"2025-02-20T22:35:45","guid":{"rendered":"http:\/\/olemosaic.com\/producto\/funda-de-telefono-para-samsung-a54-tpu-salamandra-barcelona-negro\/"},"modified":"2025-07-25T18:42:11","modified_gmt":"2025-07-25T16:42:11","slug":"capa-de-telemovel-para-samsung-a54-tpu-salamandra-barcelona-preto-pt-pt","status":"publish","type":"product","link":"https:\/\/olemosaic.com\/pt-pt\/produto\/capa-de-telemovel-para-samsung-a54-tpu-salamandra-barcelona-preto-pt-pt\/","title":{"rendered":"Capa de telem\u00f3vel para Samsung A54 (TPU). Salamandra. Barcelona. Preto"},"content":{"rendered":"<p>Capa para telem\u00f3vel Samsung A54 decorada com salamandras coloridas ao estilo mosaico, emblem\u00e1ticas de Barcelona. Esta capa de alta qualidade, fabricada em TPU, combina prote\u00e7\u00e3o e eleg\u00e2ncia, oferecendo uma defesa superior para o seu dispositivo m\u00f3vel. O fundo preto real\u00e7a as cores vibrantes das figuras, criando um contraste impactante que atrai todos os olhares. As salamandras, representadas em tons azuis, verdes e vermelhos, s\u00e3o acompanhadas de flores delicadas, que adicionam um toque de frescura ao seu design. A inscri\u00e7\u00e3o &#8220;Barcelona&#8221; exibe-se com eleg\u00e2ncia, tornando esta capa num acess\u00f3rio moderno e numa aut\u00eantica representa\u00e7\u00e3o da cultura catal\u00e3.<\/p>\n<p>Este artigo n\u00e3o \u00e9 apenas funcional, mas atua como um verdadeiro souvenir de Barcelona, perfeito para quem deseja levar um peda\u00e7o da cidade consigo. As salamandras s\u00e3o um s\u00edmbolo da arte do mosaico, amplamente utilizado nas obras do famoso arquiteto Antoni Gaud\u00ed, uma liga\u00e7\u00e3o que real\u00e7a o valor cultural deste produto. Na Ol\u00e9 Mosaic, como grossistas de capas para telem\u00f3veis, orgulhamo-nos de oferecer souvenirs aut\u00eanticos de qualidade, ideais para lojas de presentes tur\u00edsticos que procuram atrair turistas com uma recorda\u00e7\u00e3o representativa da vibrante cidade de Barcelona. Esta capa \u00e9 a op\u00e7\u00e3o perfeita para quem procura recorda\u00e7\u00f5es \u00fanicas que celebrem a rica tradi\u00e7\u00e3o art\u00edstica espanhola.<\/p>\n","protected":false},"excerpt":{"rendered":"<p>Capa para o telem\u00f3vel Samsung A54 fabricada em TPU, decorada com salamandras coloridas ao estilo mosaico, um \u00edcone de Barcelona. O fundo preto real\u00e7a as cores vibrantes das figuras, com detalhes em azul, verde e vermelho, al\u00e9m de flores que completam o design. A inscri\u00e7\u00e3o &#8220;Barcelona&#8221; adiciona um toque distintivo, tornando esta capa num acess\u00f3rio moderno e representativo da cultura catal\u00e3, ideal para levar um peda\u00e7o da cidade consigo.<\/p>\n","protected":false},"featured_media":12591,"template":"","meta":{"_acf_changed":false},"product_brand":[],"product_cat":[685],"product_tag":[516],"class_list":{"0":"post-38067","1":"product","2":"type-product","3":"status-publish","4":"has-post-thumbnail","6":"product_cat-capas-para-telemoveis","7":"product_tag-animais","8":"pa_ciudad-barcelona","9":"pa_motivo-salamandras","10":"pa_pais-espana","12":"first","13":"instock","14":"shipping-taxable","15":"product-type-simple"},"acf":[],"_links":{"self":[{"href":"https:\/\/olemosaic.com\/pt-pt\/wp-json\/wp\/v2\/product\/38067","targetHints":{"allow":["GET"]}}],"collection":[{"href":"https:\/\/olemosaic.com\/pt-pt\/wp-json\/wp\/v2\/product"}],"about":[{"href":"https:\/\/olemosaic.com\/pt-pt\/wp-json\/wp\/v2\/types\/product"}],"wp:featuredmedia":[{"embeddable":true,"href":"https:\/\/olemosaic.com\/pt-pt\/wp-json\/wp\/v2\/media\/12591"}],"wp:attachment":[{"href":"https:\/\/olemosaic.com\/pt-pt\/wp-json\/wp\/v2\/media?parent=38067"}],"wp:term":[{"taxonomy":"product_brand","embeddable":true,"href":"https:\/\/olemosaic.com\/pt-pt\/wp-json\/wp\/v2\/product_brand?post=38067"},{"taxonomy":"product_cat","embeddable":true,"href":"https:\/\/olemosaic.com\/pt-pt\/wp-json\/wp\/v2\/product_cat?post=38067"},{"taxonomy":"product_tag","embeddable":true,"href":"https:\/\/olemosaic.com\/pt-pt\/wp-json\/wp\/v2\/product_tag?post=38067"}],"curies":[{"name":"wp","href":"https:\/\/api.w.org\/{rel}","templated":true}]}}