{"id":38066,"date":"2025-02-20T22:35:45","date_gmt":"2025-02-20T22:35:45","guid":{"rendered":"http:\/\/olemosaic.com\/producto\/funda-de-telefono-para-samsung-a54-tpu-motivos-marinos-azul\/"},"modified":"2025-07-25T19:29:54","modified_gmt":"2025-07-25T17:29:54","slug":"capa-de-telemovel-para-samsung-a54-tpu-motivos-marinos-azul","status":"publish","type":"product","link":"https:\/\/olemosaic.com\/pt-pt\/produto\/capa-de-telemovel-para-samsung-a54-tpu-motivos-marinos-azul\/","title":{"rendered":"Capa de telem\u00f3vel para Samsung A54 (TPU). Motivos marinhos. Azul"},"content":{"rendered":"<p>Capa para o telem\u00f3vel Samsung A54 com motivos marinhos vibrantes. Esta pe\u00e7a, elaborada em TPU, um material flex\u00edvel e resistente, n\u00e3o s\u00f3 protege eficazmente o seu dispositivo, como tamb\u00e9m adiciona um toque fresco e colorido inspirado na beleza do oceano. A decora\u00e7\u00e3o apresenta uma fascinante ilustra\u00e7\u00e3o cheia de vida, com golfinhos e tartarugas a nadar num fundo aqu\u00e1tico que varia em tons azuis e quentes, criando um efeito visual atrativo. Elementos de coral e plantas submarinas complementam a cena, enriquecendo a experi\u00eancia visual e est\u00e9tica do produto.<\/p>\n<p>Este artigo n\u00e3o \u00e9 apenas uma capa funcional, mas tamb\u00e9m uma aut\u00eantica recorda\u00e7\u00e3o marinha, que recorda aos utilizadores a riqueza do ambiente aqu\u00e1tico e a diversidade da vida marinha. Perfeita para quem deseja proteger o seu dispositivo enquanto expressa o seu amor pelo mar, esta capa \u00e9 uma excelente op\u00e7\u00e3o para turistas e amantes do oceano. Na Ol\u00e9 Mosaic, como fornecedores de recorda\u00e7\u00f5es de qualidade, oferecemos esta capa de telem\u00f3vel por grosso, ideal para lojas de presentes tur\u00edsticos que procuram produtos aut\u00eanticos e significativos que liguem com a ess\u00eancia mar\u00edtima de Espanha e a sua cultura costeira.<\/p>\n","protected":false},"excerpt":{"rendered":"<p>Capa para telem\u00f3vel Samsung A54 fabricada em TPU, decorada com vibrantes motivos marinhos numa paleta de azuis e tons quentes. A ilustra\u00e7\u00e3o apresenta uma variedade de criaturas marinhas, como golfinhos e tartarugas, sobre um fundo aqu\u00e1tico, complementada com elementos de coral e plantas submarinas, o que cria um efeito visual atrativo e din\u00e2mico. Perfeita para quem deseja proteger o seu dispositivo adicionando um toque colorido e fresco, inspirado na beleza do oceano.<\/p>\n","protected":false},"featured_media":12583,"template":"","meta":{"_acf_changed":false},"product_brand":[],"product_cat":[685],"product_tag":[516],"class_list":{"0":"post-38066","1":"product","2":"type-product","3":"status-publish","4":"has-post-thumbnail","6":"product_cat-capas-para-telemoveis","7":"product_tag-animais","8":"pa_motivo-animais-marinhos","10":"first","11":"instock","12":"shipping-taxable","13":"product-type-simple"},"acf":[],"_links":{"self":[{"href":"https:\/\/olemosaic.com\/pt-pt\/wp-json\/wp\/v2\/product\/38066","targetHints":{"allow":["GET"]}}],"collection":[{"href":"https:\/\/olemosaic.com\/pt-pt\/wp-json\/wp\/v2\/product"}],"about":[{"href":"https:\/\/olemosaic.com\/pt-pt\/wp-json\/wp\/v2\/types\/product"}],"wp:featuredmedia":[{"embeddable":true,"href":"https:\/\/olemosaic.com\/pt-pt\/wp-json\/wp\/v2\/media\/12583"}],"wp:attachment":[{"href":"https:\/\/olemosaic.com\/pt-pt\/wp-json\/wp\/v2\/media?parent=38066"}],"wp:term":[{"taxonomy":"product_brand","embeddable":true,"href":"https:\/\/olemosaic.com\/pt-pt\/wp-json\/wp\/v2\/product_brand?post=38066"},{"taxonomy":"product_cat","embeddable":true,"href":"https:\/\/olemosaic.com\/pt-pt\/wp-json\/wp\/v2\/product_cat?post=38066"},{"taxonomy":"product_tag","embeddable":true,"href":"https:\/\/olemosaic.com\/pt-pt\/wp-json\/wp\/v2\/product_tag?post=38066"}],"curies":[{"name":"wp","href":"https:\/\/api.w.org\/{rel}","templated":true}]}}