{"id":38065,"date":"2025-02-20T22:35:45","date_gmt":"2025-02-20T22:35:45","guid":{"rendered":"http:\/\/olemosaic.com\/producto\/funda-de-telefono-para-samsung-a54-tpu-gato-barcelona-blanco\/"},"modified":"2025-07-25T20:34:09","modified_gmt":"2025-07-25T18:34:09","slug":"capa-de-telemovel-para-samsung-a54-tpu-gato-barcelona-branco-pt-pt","status":"publish","type":"product","link":"https:\/\/olemosaic.com\/pt-pt\/produto\/capa-de-telemovel-para-samsung-a54-tpu-gato-barcelona-branco-pt-pt\/","title":{"rendered":"Capa de telem\u00f3vel para Samsung A54 (TPU). Gato. Barcelona. Branco"},"content":{"rendered":"<p>Capa de telem\u00f3vel para Samsung A54 com um vibrante design de um gato, que captura a ess\u00eancia art\u00edstica de Barcelona atrav\u00e9s de um estilo mosaico \u00fanico. Fabricada em material TPU, esta capa n\u00e3o s\u00f3 protege o seu dispositivo, como tamb\u00e9m se torna uma pe\u00e7a decorativa que real\u00e7a a heran\u00e7a cultural da cidade. O design ilustra um gato numa gama de cores brilhantes, rodeado de borboletas em tons alegres, sobre um fundo branco que recorda a cer\u00e2mica tradicional da regi\u00e3o. Com a palavra &#8220;Barcelona&#8221; elegantemente incorporada na parte inferior, esta capa \u00e9 uma recorda\u00e7\u00e3o divertida e distintiva da cidade condal.<\/p>\n<p>Este produto reflete a liga\u00e7\u00e3o entre a fauna local e a arte ic\u00f3nica de Barcelona, evocando a famosa obra de Gaud\u00ed e a sua influ\u00eancia na paisagem urbana. \u00c9 uma excelente op\u00e7\u00e3o para os amantes de gatos e da cultura espanhola, perfeita para quem procura um souvenir pr\u00e1tico e estilizado. A Ol\u00e9 Mosaic, como distribuidor de souvenirs por grosso, oferece esta capa de telem\u00f3vel como um artigo ideal para lojas de presentes tur\u00edsticos, proporcionando autenticidade e cor \u00e0 vida di\u00e1ria de quem deseja levar consigo um peda\u00e7o de Barcelona para onde quer que v\u00e1.<\/p>\n","protected":false},"excerpt":{"rendered":"<p>Capa para telem\u00f3vel Samsung A54, fabricada em TPU, com um design vibrante de um gato ao estilo mosaico barcelon\u00eas. A ilustra\u00e7\u00e3o, cheia de cor, mostra o gato rodeado de borboletas em tons brilhantes sobre um fundo branco com texturas que evocam a cer\u00e2mica. Completa o design a palavra &#8220;Barcelona&#8221;, tornando-a numa recorda\u00e7\u00e3o \u00fanica e divertida da cidade. Ideal para amantes de gatos e da cultura espanhola.<\/p>\n","protected":false},"featured_media":12576,"template":"","meta":{"_acf_changed":false},"product_brand":[],"product_cat":[685],"product_tag":[516],"class_list":{"0":"post-38065","1":"product","2":"type-product","3":"status-publish","4":"has-post-thumbnail","6":"product_cat-capas-para-telemoveis","7":"product_tag-animais","8":"pa_ciudad-barcelona","9":"pa_motivo-gatos","10":"pa_pais-espana","12":"first","13":"instock","14":"shipping-taxable","15":"product-type-simple"},"acf":[],"_links":{"self":[{"href":"https:\/\/olemosaic.com\/pt-pt\/wp-json\/wp\/v2\/product\/38065","targetHints":{"allow":["GET"]}}],"collection":[{"href":"https:\/\/olemosaic.com\/pt-pt\/wp-json\/wp\/v2\/product"}],"about":[{"href":"https:\/\/olemosaic.com\/pt-pt\/wp-json\/wp\/v2\/types\/product"}],"wp:featuredmedia":[{"embeddable":true,"href":"https:\/\/olemosaic.com\/pt-pt\/wp-json\/wp\/v2\/media\/12576"}],"wp:attachment":[{"href":"https:\/\/olemosaic.com\/pt-pt\/wp-json\/wp\/v2\/media?parent=38065"}],"wp:term":[{"taxonomy":"product_brand","embeddable":true,"href":"https:\/\/olemosaic.com\/pt-pt\/wp-json\/wp\/v2\/product_brand?post=38065"},{"taxonomy":"product_cat","embeddable":true,"href":"https:\/\/olemosaic.com\/pt-pt\/wp-json\/wp\/v2\/product_cat?post=38065"},{"taxonomy":"product_tag","embeddable":true,"href":"https:\/\/olemosaic.com\/pt-pt\/wp-json\/wp\/v2\/product_tag?post=38065"}],"curies":[{"name":"wp","href":"https:\/\/api.w.org\/{rel}","templated":true}]}}