{"id":38064,"date":"2025-02-20T22:35:45","date_gmt":"2025-02-20T22:35:45","guid":{"rendered":"http:\/\/olemosaic.com\/producto\/funda-de-telefono-para-samsung-a54-tpu-gato-barcelona-negro\/"},"modified":"2025-07-25T20:16:20","modified_gmt":"2025-07-25T18:16:20","slug":"capa-de-telemovel-para-samsung-a54-tpu-gato-barcelona-preto-pt-pt","status":"publish","type":"product","link":"https:\/\/olemosaic.com\/pt-pt\/produto\/capa-de-telemovel-para-samsung-a54-tpu-gato-barcelona-preto-pt-pt\/","title":{"rendered":"Capa de telem\u00f3vel para Samsung A54 (TPU). Gato. Barcelona. Preto"},"content":{"rendered":"<p>Capa para telem\u00f3vel Samsung A54 com um vibrante design de um gato em mosaico, que captura a ess\u00eancia art\u00edstica de Barcelona. Fabricada em TPU, esta capa protege o seu dispositivo ao mesmo tempo que oferece um toque \u00fanico e colorido. O fundo preto real\u00e7a o efeito luminoso do gato, composto por pe\u00e7as em tons azuis, amarelos, verdes e vermelhos, criando um atrativo mosaico que evoca os ic\u00f3nicos designs do arquiteto Antoni Gaud\u00ed. Ao redor do gato, borboletas multicoloridas esvoa\u00e7am, adicionando um ar de vida e criatividade que representa o dinamismo da cidade. A palavra &#8220;Barcelona&#8221; apresenta-se num elegante estilo cursivo, integrando-se de forma harmoniosa com o design e real\u00e7ando a liga\u00e7\u00e3o da pe\u00e7a com a cultura local.<\/p>\n<p>Esta capa n\u00e3o \u00e9 apenas um acess\u00f3rio funcional, mas tamb\u00e9m uma recorda\u00e7\u00e3o aut\u00eantica da vibrante cultura catal\u00e3, perfeita para turistas que procuram um souvenir representativo da sua visita. Na Ol\u00e9 Mosaic, compreendemos a import\u00e2ncia de oferecer produtos que reflitam a riqueza do patrim\u00f3nio local. Esta capa \u00e9 ideal para lojas de presentes tur\u00edsticos que desejem incorporar artigos de qualidade, oferecendo aos seus clientes uma pe\u00e7a que celebra o esp\u00edrito criativo e colorido de Barcelona. Como grossista de acess\u00f3rios, garantimos a autenticidade e o design que fazem deste souvenir uma excelente op\u00e7\u00e3o para os seus clientes.<\/p>\n","protected":false},"excerpt":{"rendered":"<p>Capa para telem\u00f3vel Samsung A54, fabricada em TPU, com um design vibrante de um gato em mosaico que simboliza a ess\u00eancia art\u00edstica de Barcelona. O fundo preto real\u00e7a o colorido do gato, composto por pe\u00e7as em tons azuis, amarelos, verdes e vermelhos, enquanto borboletas multicoloridas esvoa\u00e7am ao seu redor. A palavra &#8220;Barcelona&#8221; destaca-se com uma elegante tipografia cursiva, capturando o esp\u00edrito criativo da cidade. Ideal para quem procura um acess\u00f3rio funcional e atrativo.<\/p>\n","protected":false},"featured_media":12592,"template":"","meta":{"_acf_changed":false},"product_brand":[],"product_cat":[685],"product_tag":[516],"class_list":{"0":"post-38064","1":"product","2":"type-product","3":"status-publish","4":"has-post-thumbnail","6":"product_cat-capas-para-telemoveis","7":"product_tag-animais","8":"pa_ciudad-barcelona","9":"pa_motivo-gatos","10":"pa_pais-espana","12":"first","13":"instock","14":"shipping-taxable","15":"product-type-simple"},"acf":[],"_links":{"self":[{"href":"https:\/\/olemosaic.com\/pt-pt\/wp-json\/wp\/v2\/product\/38064","targetHints":{"allow":["GET"]}}],"collection":[{"href":"https:\/\/olemosaic.com\/pt-pt\/wp-json\/wp\/v2\/product"}],"about":[{"href":"https:\/\/olemosaic.com\/pt-pt\/wp-json\/wp\/v2\/types\/product"}],"wp:featuredmedia":[{"embeddable":true,"href":"https:\/\/olemosaic.com\/pt-pt\/wp-json\/wp\/v2\/media\/12592"}],"wp:attachment":[{"href":"https:\/\/olemosaic.com\/pt-pt\/wp-json\/wp\/v2\/media?parent=38064"}],"wp:term":[{"taxonomy":"product_brand","embeddable":true,"href":"https:\/\/olemosaic.com\/pt-pt\/wp-json\/wp\/v2\/product_brand?post=38064"},{"taxonomy":"product_cat","embeddable":true,"href":"https:\/\/olemosaic.com\/pt-pt\/wp-json\/wp\/v2\/product_cat?post=38064"},{"taxonomy":"product_tag","embeddable":true,"href":"https:\/\/olemosaic.com\/pt-pt\/wp-json\/wp\/v2\/product_tag?post=38064"}],"curies":[{"name":"wp","href":"https:\/\/api.w.org\/{rel}","templated":true}]}}