{"id":38063,"date":"2025-02-20T22:35:44","date_gmt":"2025-02-20T22:35:44","guid":{"rendered":"http:\/\/olemosaic.com\/producto\/funda-de-telefono-para-samsung-a54-tpu-mosaico-barcelona-blanco\/"},"modified":"2025-07-25T19:38:39","modified_gmt":"2025-07-25T17:38:39","slug":"capa-de-telemovel-para-samsung-a54-tpu-mosaico-barcelona-branco-pt-pt","status":"publish","type":"product","link":"https:\/\/olemosaic.com\/pt-pt\/produto\/capa-de-telemovel-para-samsung-a54-tpu-mosaico-barcelona-branco-pt-pt\/","title":{"rendered":"Capa de telem\u00f3vel para Samsung A54 (TPU). Mosaico. Barcelona. Branco"},"content":{"rendered":"<p>Capa de telem\u00f3vel para Samsung A54 com um vibrante design de mosaico inspirado na arquitetura de Barcelona. Fabricada em TPU, esta capa oferece uma combina\u00e7\u00e3o perfeita de estilo e prote\u00e7\u00e3o. O seu padr\u00e3o colorido reflete a famosa tradi\u00e7\u00e3o dos azulejos catal\u00e3es, com uma diversidade de formas e designs em tons azuis, vermelhos e laranjas que evocam a ess\u00eancia da cidade. No centro, a palavra &#8220;Barcelona&#8221; destaca-se com um toque distintivo que refor\u00e7a o car\u00e1ter cultural do produto.<\/p>\n<p>A superf\u00edcie da capa, al\u00e9m de ser atrativa, proporciona uma excelente prote\u00e7\u00e3o contra choques e quedas, garantindo que o dispositivo esteja resguardado em todos os momentos. O seu material flex\u00edvel adapta-se perfeitamente ao Samsung A54, garantindo um f\u00e1cil acesso a todos os bot\u00f5es e portas. Esta recorda\u00e7\u00e3o, al\u00e9m de pr\u00e1tica, \u00e9 uma homenagem \u00e0 heran\u00e7a arquitet\u00f3nica de Barcelona, um s\u00edmbolo de criatividade e arte que se reflete em cada canto da cidade.<\/p>\n<p>Na Ol\u00e9 Mosaic, a nossa miss\u00e3o \u00e9 oferecer recorda\u00e7\u00f5es aut\u00eanticas que capturam o esp\u00edrito das cidades emblem\u00e1ticas. Esta capa \u00e9 uma escolha ideal para turistas que procuram produtos representativos e de qualidade, e uma op\u00e7\u00e3o excecional para lojas de presentes tur\u00edsticos que desejem ampliar a sua sele\u00e7\u00e3o com artigos culturais aut\u00eanticos. Assim, a capa de telem\u00f3vel para Samsung A54 n\u00e3o s\u00f3 se torna um acess\u00f3rio pr\u00e1tico, mas numa recorda\u00e7\u00e3o memor\u00e1vel de Barcelona.<\/p>\n","protected":false},"excerpt":{"rendered":"<p>Capa para telem\u00f3vel Samsung A54, fabricada em TPU, com um vibrante design de mosaico inspirado na arquitetura de Barcelona. Esta capa apresenta uma colorida mistura de padr\u00f5es que evocam a tradi\u00e7\u00e3o dos azulejos catal\u00e3es, com tons azuis, vermelhos e laranjas. O design inclui a palavra &#8220;Barcelona&#8221;, adicionando um toque distintivo e cultural, enquanto o seu material flex\u00edvel oferece uma excelente prote\u00e7\u00e3o contra choques e quedas.<\/p>\n","protected":false},"featured_media":12580,"template":"","meta":{"_acf_changed":false},"product_brand":[],"product_cat":[685],"product_tag":[],"class_list":{"0":"post-38063","1":"product","2":"type-product","3":"status-publish","4":"has-post-thumbnail","6":"product_cat-capas-para-telemoveis","7":"pa_ciudad-barcelona","8":"pa_motivo-mosaico","9":"pa_pais-espana","11":"first","12":"instock","13":"shipping-taxable","14":"product-type-simple"},"acf":[],"_links":{"self":[{"href":"https:\/\/olemosaic.com\/pt-pt\/wp-json\/wp\/v2\/product\/38063","targetHints":{"allow":["GET"]}}],"collection":[{"href":"https:\/\/olemosaic.com\/pt-pt\/wp-json\/wp\/v2\/product"}],"about":[{"href":"https:\/\/olemosaic.com\/pt-pt\/wp-json\/wp\/v2\/types\/product"}],"wp:featuredmedia":[{"embeddable":true,"href":"https:\/\/olemosaic.com\/pt-pt\/wp-json\/wp\/v2\/media\/12580"}],"wp:attachment":[{"href":"https:\/\/olemosaic.com\/pt-pt\/wp-json\/wp\/v2\/media?parent=38063"}],"wp:term":[{"taxonomy":"product_brand","embeddable":true,"href":"https:\/\/olemosaic.com\/pt-pt\/wp-json\/wp\/v2\/product_brand?post=38063"},{"taxonomy":"product_cat","embeddable":true,"href":"https:\/\/olemosaic.com\/pt-pt\/wp-json\/wp\/v2\/product_cat?post=38063"},{"taxonomy":"product_tag","embeddable":true,"href":"https:\/\/olemosaic.com\/pt-pt\/wp-json\/wp\/v2\/product_tag?post=38063"}],"curies":[{"name":"wp","href":"https:\/\/api.w.org\/{rel}","templated":true}]}}