{"id":38056,"date":"2025-02-20T22:35:32","date_gmt":"2025-02-20T22:35:32","guid":{"rendered":"http:\/\/olemosaic.com\/producto\/funda-de-telefono-para-iphone-15-pro-tpu-mosaico-barcelona-blanco\/"},"modified":"2025-07-25T20:02:42","modified_gmt":"2025-07-25T18:02:42","slug":"capa-telemovel-iphone-15-pro-tpu-mosaico-barcelona-branco","status":"publish","type":"product","link":"https:\/\/olemosaic.com\/pt-pt\/produto\/capa-telemovel-iphone-15-pro-tpu-mosaico-barcelona-branco\/","title":{"rendered":"Capa para telem\u00f3vel para iPhone 15 Pro (TPU). Mosaico. Barcelona. Branco"},"content":{"rendered":"<p>Capa para iPhone 15 Pro com um design vibrante de mosaico inspirado nos emblem\u00e1ticos azulejos de Barcelona. Fabricada em TPU de alta qualidade, oferece uma prote\u00e7\u00e3o eficaz contra pancadas e riscos, mantendo o seu dispositivo em perfeitas condi\u00e7\u00f5es. O design apresenta uma impressionante mistura de padr\u00f5es geom\u00e9tricos em tons de azul, vermelho e laranja, evocando a rica tradi\u00e7\u00e3o art\u00edstica da cidade, onde o modernismo catal\u00e3o e as cer\u00e2micas coloridas se entrela\u00e7am numa sinfonia visual. O nome &#8220;Barcelona&#8221; aparece em it\u00e1lico, adicionando um toque de eleg\u00e2ncia e personalidade a este acess\u00f3rio.<\/p>\n<p>A capa \u00e9 leve e f\u00e1cil de colocar, permitindo aceder sem problemas aos bot\u00f5es e portas do telem\u00f3vel. O seu acabamento brilhante n\u00e3o s\u00f3 embeleza o dispositivo, como tamb\u00e9m real\u00e7a a autenticidade da cultura catal\u00e3, tornando-a uma recorda\u00e7\u00e3o perfeita para quem visita a cidade. Este souvenir de Barcelona \u00e9 ideal para turistas e amantes da sua arquitetura e arte, refletindo a ess\u00eancia vibrante e cosmopolita da regi\u00e3o. Na Ol\u00e9 Mosaic, especializamo-nos na venda por grosso de souvenirs, e esta capa \u00e9 uma op\u00e7\u00e3o de destaque para lojas que procuram produtos \u00fanicos e culturalmente significativos. Como distribuidores de produtos aut\u00eanticos, garantimos que cada pe\u00e7a capte o esp\u00edrito da sua origem.<\/p>\n","protected":false},"excerpt":{"rendered":"<p>Capa para iPhone 15 Pro fabricada em TPU, decorada com um design vibrante de mosaico que evoca o estilo colorido dos azulejos de Barcelona. Esta capa apresenta uma variedade de padr\u00f5es geom\u00e9tricos em tons de azul, vermelho e laranja, com o nome &#8220;Barcelona&#8221; estampado em it\u00e1lico. O seu acabamento elegante n\u00e3o s\u00f3 proporciona prote\u00e7\u00e3o, como tamb\u00e9m adiciona um toque art\u00edstico e cultural ao seu dispositivo, refletindo a rica heran\u00e7a visual da cidade.<\/p>\n","protected":false},"featured_media":12448,"template":"","meta":{"_acf_changed":false},"product_brand":[],"product_cat":[685],"product_tag":[],"class_list":{"0":"post-38056","1":"product","2":"type-product","3":"status-publish","4":"has-post-thumbnail","6":"product_cat-capas-para-telemoveis","7":"pa_ciudad-barcelona","8":"pa_motivo-mosaico","9":"pa_pais-espana","11":"first","12":"instock","13":"shipping-taxable","14":"product-type-simple"},"acf":[],"_links":{"self":[{"href":"https:\/\/olemosaic.com\/pt-pt\/wp-json\/wp\/v2\/product\/38056","targetHints":{"allow":["GET"]}}],"collection":[{"href":"https:\/\/olemosaic.com\/pt-pt\/wp-json\/wp\/v2\/product"}],"about":[{"href":"https:\/\/olemosaic.com\/pt-pt\/wp-json\/wp\/v2\/types\/product"}],"wp:featuredmedia":[{"embeddable":true,"href":"https:\/\/olemosaic.com\/pt-pt\/wp-json\/wp\/v2\/media\/12448"}],"wp:attachment":[{"href":"https:\/\/olemosaic.com\/pt-pt\/wp-json\/wp\/v2\/media?parent=38056"}],"wp:term":[{"taxonomy":"product_brand","embeddable":true,"href":"https:\/\/olemosaic.com\/pt-pt\/wp-json\/wp\/v2\/product_brand?post=38056"},{"taxonomy":"product_cat","embeddable":true,"href":"https:\/\/olemosaic.com\/pt-pt\/wp-json\/wp\/v2\/product_cat?post=38056"},{"taxonomy":"product_tag","embeddable":true,"href":"https:\/\/olemosaic.com\/pt-pt\/wp-json\/wp\/v2\/product_tag?post=38056"}],"curies":[{"name":"wp","href":"https:\/\/api.w.org\/{rel}","templated":true}]}}