{"id":38046,"date":"2025-02-20T23:34:54","date_gmt":"2025-02-20T22:34:54","guid":{"rendered":"http:\/\/olemosaic.com\/producto\/pulpo-figura-de-resina-de-6-cm-pintada-a-mano\/"},"modified":"2025-07-25T19:50:00","modified_gmt":"2025-07-25T17:50:00","slug":"polvo-figura-de-resina-de-6-cm-pintada-a-mao-pt-pt","status":"publish","type":"product","link":"https:\/\/olemosaic.com\/pt-pt\/produto\/polvo-figura-de-resina-de-6-cm-pintada-a-mao-pt-pt\/","title":{"rendered":"Polvo. Figura de mosaico de 6 cm."},"content":{"rendered":"<p>Figura de polvo em resina com efeito pintado \u00e0 m\u00e3o.<\/p>\n<p>Esta encantadora figura de polvo, com as suas cores vivas, reflete o vibrante mundo marinho do Mediterr\u00e2neo. \u00c9 ideal para quem procura uma recorda\u00e7\u00e3o que capture a ess\u00eancia da cultura espanhola. Com uma altura de 6 cm, esta pe\u00e7a de resina \u00e9 meticulosamente pintada \u00e0 m\u00e3o com efeito, destacando-se pelas suas tonalidades brilhantes de rosa, amarelo e azul que d\u00e3o vida ao design. Cada tent\u00e1culo do polvo mostra um cuidado detalhe e textura, tornando este objeto uma joia visual.<\/p>\n<p>Adornada com mosaicos coloridos, esta figura evoca a riqueza das \u00e1guas que banham as costas espanholas, real\u00e7ando a tradi\u00e7\u00e3o artesanal da regi\u00e3o. Os mosaicos, com as suas combina\u00e7\u00f5es \u00fanicas, conferem um toque art\u00edstico e enquadram a liga\u00e7\u00e3o cultural de Espanha com o mar, onde o polvo \u00e9 um elemento ic\u00f3nico na gastronomia e no folclore mar\u00edtimo.<\/p>\n<p>Perfeita como recorda\u00e7\u00e3o, esta figura \u00e9 uma excelente lembran\u00e7a de umas f\u00e9rias inesquec\u00edveis e uma op\u00e7\u00e3o muito apreciada por lojas que procuram oferecer recorda\u00e7\u00f5es de qualidade. Na Ol\u00e9 Mosaic, dedicamo-nos \u00e0 distribui\u00e7\u00e3o de recorda\u00e7\u00f5es por grosso, garantindo autenticidade e design artesanal em cada pe\u00e7a. Esta colorida figura de polvo \u00e9 uma escolha excecional para turistas que procuram levar para casa uma recorda\u00e7\u00e3o representativa e \u00fanica da sua experi\u00eancia nas costas espanholas.<\/p>\n","protected":false},"excerpt":{"rendered":"<p>Figura de polvo de 6 cm, design artesanal, pintado \u00e0 m\u00e3o, com cores vibrantes. Esta encantadora representa\u00e7\u00e3o do famoso molusco destaca-se pelo seu design artesanal, adornado com diversos mosaicos que evocam a riqueza do Mediterr\u00e2neo. Os tent\u00e1culos do polvo, cheios de detalhe e textura, combinam-se com brilhantes tons rosa, amarelos e azuis, tornando-o uma recorda\u00e7\u00e3o colorida que reflete a cultura mar\u00edtima espanhola.<\/p>\n","protected":false},"featured_media":11073,"template":"","meta":{"_acf_changed":false},"product_brand":[],"product_cat":[552],"product_tag":[516],"class_list":{"0":"post-38046","1":"product","2":"type-product","3":"status-publish","4":"has-post-thumbnail","6":"product_cat-numeros","7":"product_tag-animais","8":"pa_motivo-polvos","10":"first","11":"instock","12":"shipping-taxable","13":"product-type-simple"},"acf":[],"_links":{"self":[{"href":"https:\/\/olemosaic.com\/pt-pt\/wp-json\/wp\/v2\/product\/38046","targetHints":{"allow":["GET"]}}],"collection":[{"href":"https:\/\/olemosaic.com\/pt-pt\/wp-json\/wp\/v2\/product"}],"about":[{"href":"https:\/\/olemosaic.com\/pt-pt\/wp-json\/wp\/v2\/types\/product"}],"wp:featuredmedia":[{"embeddable":true,"href":"https:\/\/olemosaic.com\/pt-pt\/wp-json\/wp\/v2\/media\/11073"}],"wp:attachment":[{"href":"https:\/\/olemosaic.com\/pt-pt\/wp-json\/wp\/v2\/media?parent=38046"}],"wp:term":[{"taxonomy":"product_brand","embeddable":true,"href":"https:\/\/olemosaic.com\/pt-pt\/wp-json\/wp\/v2\/product_brand?post=38046"},{"taxonomy":"product_cat","embeddable":true,"href":"https:\/\/olemosaic.com\/pt-pt\/wp-json\/wp\/v2\/product_cat?post=38046"},{"taxonomy":"product_tag","embeddable":true,"href":"https:\/\/olemosaic.com\/pt-pt\/wp-json\/wp\/v2\/product_tag?post=38046"}],"curies":[{"name":"wp","href":"https:\/\/api.w.org\/{rel}","templated":true}]}}