{"id":38044,"date":"2025-02-20T23:34:54","date_gmt":"2025-02-20T22:34:54","guid":{"rendered":"http:\/\/olemosaic.com\/producto\/buho-figura-de-resina-de-6-cm-pintada-a-mano-2\/"},"modified":"2025-07-25T19:28:05","modified_gmt":"2025-07-25T17:28:05","slug":"mocho-figura-de-resina-de-6-cm-pintada-a-mao-2-pt-pt","status":"publish","type":"product","link":"https:\/\/olemosaic.com\/pt-pt\/produto\/mocho-figura-de-resina-de-6-cm-pintada-a-mao-2-pt-pt\/","title":{"rendered":"Mocho. Figura de mosaico de 6 cm. Efeito visual."},"content":{"rendered":"<p>Figura de mocho em resina com efeito pintado \u00e0 m\u00e3o. Este encantador mocho, de 6 cm de altura, \u00e9 uma joia da artesania local que cativa com o seu design vibrante e colorido efeito visual. Cada figura, meticulosamente elaborada e com efeito pintado \u00e0 m\u00e3o, apresenta uma intrincada combina\u00e7\u00e3o de cores como rosa, azul, verde e amarelo, que real\u00e7am a sua plumagem e a sua simp\u00e1tica express\u00e3o. Os grandes olhos do mocho, desenhados com grande detalhe, conferem vida e car\u00e1cter \u00e0 pe\u00e7a, tornando-a uma recorda\u00e7\u00e3o inesquec\u00edvel da tradi\u00e7\u00e3o folcl\u00f3rica da regi\u00e3o.<\/p>\n<p>Este mocho n\u00e3o \u00e9 apenas um objeto decorativo, mas tamb\u00e9m simboliza a sabedoria e a liga\u00e7\u00e3o com a natureza, elementos profundamente enraizados na cultura espanhola. O seu design alegre torna-o uma excelente recorda\u00e7\u00e3o que representa de forma significativa a ess\u00eancia e o encanto da localidade de origem. A Ol\u00e9 Mosaic orgulha-se de oferecer recorda\u00e7\u00f5es aut\u00eanticas e de qualidade, como esta figura de resina, ideal para turistas que procuram levar um pedacinho da cultura e da beleza de Espanha sob a forma de objeto decorativo. Como grossista de figuras artesanais, garantimos que cada pe\u00e7a reflete as tradi\u00e7\u00f5es e a destreza da artesania local, sendo perfeita para lojas de recorda\u00e7\u00f5es tur\u00edsticas.<\/p>\n","protected":false},"excerpt":{"rendered":"<p>Figura de mocho com design artesanal, pintado \u00e0 m\u00e3o, de 6 cm de altura. Este encantador mocho apresenta um design vibrante com uma combina\u00e7\u00e3o de cores vivas como o rosa, o azul, o verde e o amarelo, criando um efeito visual atraente e divertido. Cada detalhe \u00e9 cuidadosamente elaborado, real\u00e7ando os seus grandes olhos e a sua plumagem colorida, o que o torna uma excelente recorda\u00e7\u00e3o que representa a artesania e o folclore t\u00edpicos da regi\u00e3o.<\/p>\n","protected":false},"featured_media":8297,"template":"","meta":{"_acf_changed":false},"product_brand":[],"product_cat":[552],"product_tag":[516],"class_list":{"0":"post-38044","1":"product","2":"type-product","3":"status-publish","4":"has-post-thumbnail","6":"product_cat-numeros","7":"product_tag-animais","8":"pa_motivo-corujas","10":"first","11":"instock","12":"shipping-taxable","13":"product-type-simple"},"acf":[],"_links":{"self":[{"href":"https:\/\/olemosaic.com\/pt-pt\/wp-json\/wp\/v2\/product\/38044","targetHints":{"allow":["GET"]}}],"collection":[{"href":"https:\/\/olemosaic.com\/pt-pt\/wp-json\/wp\/v2\/product"}],"about":[{"href":"https:\/\/olemosaic.com\/pt-pt\/wp-json\/wp\/v2\/types\/product"}],"wp:featuredmedia":[{"embeddable":true,"href":"https:\/\/olemosaic.com\/pt-pt\/wp-json\/wp\/v2\/media\/8297"}],"wp:attachment":[{"href":"https:\/\/olemosaic.com\/pt-pt\/wp-json\/wp\/v2\/media?parent=38044"}],"wp:term":[{"taxonomy":"product_brand","embeddable":true,"href":"https:\/\/olemosaic.com\/pt-pt\/wp-json\/wp\/v2\/product_brand?post=38044"},{"taxonomy":"product_cat","embeddable":true,"href":"https:\/\/olemosaic.com\/pt-pt\/wp-json\/wp\/v2\/product_cat?post=38044"},{"taxonomy":"product_tag","embeddable":true,"href":"https:\/\/olemosaic.com\/pt-pt\/wp-json\/wp\/v2\/product_tag?post=38044"}],"curies":[{"name":"wp","href":"https:\/\/api.w.org\/{rel}","templated":true}]}}