{"id":38042,"date":"2025-02-20T23:34:53","date_gmt":"2025-02-20T22:34:53","guid":{"rendered":"http:\/\/olemosaic.com\/producto\/4-bols-de-coco-de-13-x-6-cm-delfin-3\/"},"modified":"2025-07-25T18:34:25","modified_gmt":"2025-07-25T16:34:25","slug":"4-tacas-de-coco-de-13-x-6-cm-golfinho-3-pt-pt","status":"publish","type":"product","link":"https:\/\/olemosaic.com\/pt-pt\/produto\/4-tacas-de-coco-de-13-x-6-cm-golfinho-3-pt-pt\/","title":{"rendered":"4 Ta\u00e7as de coco de 13 x 6 cm. Golfinho. Padr\u00e3o cora\u00e7\u00f5es."},"content":{"rendered":"<p>Estas vibrantes ta\u00e7as de coco, de 13 x 6 cm, s\u00e3o uma amostra genu\u00edna da criatividade e da cultura das Cara\u00edbas. Decoradas com golfinhos encantadores em quatro cores (azul, vermelho, laranja e rosa), cada ta\u00e7a apresenta um design pintado \u00e0 m\u00e3o no qual dois golfinhos brincam sobre um fundo salpicado de cora\u00e7\u00f5es, o que adiciona um toque de alegria e frescura. Elaboradas com cascas de coco recicladas, estas ta\u00e7as pr\u00e1ticas n\u00e3o s\u00e3o apenas ideais para servir aperitivos, mas tamb\u00e9m atuam como elementos decorativos que evocam o calor do ver\u00e3o.<\/p>\n<p>A liga\u00e7\u00e3o cultural destas ta\u00e7as de coco com o ambiente costeiro \u00e9 evidente; o golfinho, s\u00edmbolo de liberdade e alegria, \u00e9 tamb\u00e9m uma homenagem \u00e0 riqueza marinha. O seu design vibrante e o uso de materiais sustent\u00e1veis sublinham a import\u00e2ncia de cuidar do nosso ambiente, convertendo cada pe\u00e7a numa recorda\u00e7\u00e3o da beleza natural e da cultura local.<\/p>\n<p>Na Ol\u00e9 Mosaic, especializamo-nos na distribui\u00e7\u00e3o grossista de souvenirs aut\u00eanticos, e estas ta\u00e7as s\u00e3o uma op\u00e7\u00e3o perfeita para lojas de presentes tur\u00edsticos que procuram produtos coloridos e significativos. Incorporar estas ta\u00e7as de coco na sua oferta garantir\u00e1 que os turistas encontrem uma bela recorda\u00e7\u00e3o representativa das suas f\u00e9rias, tornando-as num souvenir que trar\u00e1 sempre sorrisos.<\/p>\n","protected":false},"excerpt":{"rendered":"<p>Ta\u00e7as de coco de 13 x 6 cm decoradas com golfinhos em quatro cores vibrantes: azul, vermelho, laranja e rosa. Cada ta\u00e7a apresenta um design artesanal, pintado \u00e0 m\u00e3o, onde dois golfinhos brincam sobre um fundo decorado com cora\u00e7\u00f5es, criando um efeito visual atrativo. Elaboradas com cascas de coco recicladas, estas ta\u00e7as s\u00e3o ideais para servir aperitivos ou como elementos decorativos, proporcionando um toque de ver\u00e3o e alegre a qualquer ambiente.<\/p>\n","protected":false},"featured_media":10663,"template":"","meta":{"_acf_changed":false},"product_brand":[],"product_cat":[513],"product_tag":[516],"class_list":{"0":"post-38042","1":"product","2":"type-product","3":"status-publish","4":"has-post-thumbnail","6":"product_cat-bols","7":"product_tag-animais","8":"pa_motivo-golfinhos","10":"first","11":"instock","12":"shipping-taxable","13":"product-type-simple"},"acf":[],"_links":{"self":[{"href":"https:\/\/olemosaic.com\/pt-pt\/wp-json\/wp\/v2\/product\/38042","targetHints":{"allow":["GET"]}}],"collection":[{"href":"https:\/\/olemosaic.com\/pt-pt\/wp-json\/wp\/v2\/product"}],"about":[{"href":"https:\/\/olemosaic.com\/pt-pt\/wp-json\/wp\/v2\/types\/product"}],"wp:featuredmedia":[{"embeddable":true,"href":"https:\/\/olemosaic.com\/pt-pt\/wp-json\/wp\/v2\/media\/10663"}],"wp:attachment":[{"href":"https:\/\/olemosaic.com\/pt-pt\/wp-json\/wp\/v2\/media?parent=38042"}],"wp:term":[{"taxonomy":"product_brand","embeddable":true,"href":"https:\/\/olemosaic.com\/pt-pt\/wp-json\/wp\/v2\/product_brand?post=38042"},{"taxonomy":"product_cat","embeddable":true,"href":"https:\/\/olemosaic.com\/pt-pt\/wp-json\/wp\/v2\/product_cat?post=38042"},{"taxonomy":"product_tag","embeddable":true,"href":"https:\/\/olemosaic.com\/pt-pt\/wp-json\/wp\/v2\/product_tag?post=38042"}],"curies":[{"name":"wp","href":"https:\/\/api.w.org\/{rel}","templated":true}]}}