{"id":38041,"date":"2025-02-20T22:34:53","date_gmt":"2025-02-20T22:34:53","guid":{"rendered":"http:\/\/olemosaic.com\/producto\/saleros-de-ceramica-punt-de-trobada-barcelona-blanco\/"},"modified":"2025-07-25T18:53:13","modified_gmt":"2025-07-25T16:53:13","slug":"saleiros-de-ceramica-punt-de-trobada-barcelona-branco-pt-pt","status":"publish","type":"product","link":"https:\/\/olemosaic.com\/pt-pt\/produto\/saleiros-de-ceramica-punt-de-trobada-barcelona-branco-pt-pt\/","title":{"rendered":"Saleiros de cer\u00e2mica. Punt de trobada. Barcelona. Branco."},"content":{"rendered":"<p>Estes saleiros de cer\u00e2mica, inspirados no emblem\u00e1tico estilo mosaico de Barcelona, s\u00e3o imprescind\u00edveis para quem procura adicionar um toque art\u00edstico e cultural \u00e0 sua mesa. Com um design moderno e colorido, cada saleiro apresenta uma superf\u00edcie branca que contrasta elegantemente com detalhes em preto, evocando o famoso &#8220;Punt de Trobada&#8221;, um s\u00edmbolo da vibrante identidade da cidade. Decorados com elementos gr\u00e1ficos que incluem motivos em azul, vermelho e amarelo, estes saleiros n\u00e3o s\u00e3o apenas funcionais, mas tornam-se verdadeiras obras de arte que representam o dinamismo da cultura catal\u00e3.<\/p>\n<p>O artesanato por tr\u00e1s destes saleiros real\u00e7a a sua autenticidade como souvenirs de Barcelona, capturando a ess\u00eancia do modernismo e a criatividade que caracteriza a cidade. Cada pe\u00e7a \u00e9 uma recorda\u00e7\u00e3o dos belos mosaicos que adornam parques e pra\u00e7as, conceitos que se sintetizam neste elegante acess\u00f3rio de cozinha. Na Ol\u00e9 Mosaic, especializamo-nos na distribui\u00e7\u00e3o de souvenirs por grosso, oferecendo produtos de qualidade que refletem o valor cultural e art\u00edstico do seu lugar de origem. Estes saleiros s\u00e3o uma excelente op\u00e7\u00e3o para lojas de presentes tur\u00edsticos, garantindo que cada cliente leve um peda\u00e7o de Barcelona para casa. Atrativos e funcionais, s\u00e3o o presente perfeito para os amantes da gastronomia e da arte.<\/p>\n","protected":false},"excerpt":{"rendered":"<p>Saleiros de cer\u00e2mica inspirados no emblem\u00e1tico estilo mosaico de Barcelona, apresentam um design moderno e colorido. Decorados com elementos gr\u00e1ficos que incluem motivos em azul, vermelho e amarelo, estes saleiros real\u00e7am a vibrante identidade da cidade. A superf\u00edcie branca, contrastada com detalhes em preto, evoca o famoso &#8220;Punt de Trobada&#8221;. Ideais para adicionar um toque art\u00edstico e cultural a qualquer mesa, s\u00e3o uma pe\u00e7a funcional e decorativa.<\/p>\n","protected":false},"featured_media":9147,"template":"","meta":{"_acf_changed":false},"product_brand":[],"product_cat":[821],"product_tag":[515],"class_list":{"0":"post-38041","1":"product","2":"type-product","3":"status-publish","4":"has-post-thumbnail","6":"product_cat-saleiros","7":"product_tag-ceramica","8":"pa_ciudad-barcelona","9":"pa_motivo-punt-de-trobada","10":"pa_pais-espana","12":"first","13":"instock","14":"shipping-taxable","15":"product-type-simple"},"acf":[],"_links":{"self":[{"href":"https:\/\/olemosaic.com\/pt-pt\/wp-json\/wp\/v2\/product\/38041","targetHints":{"allow":["GET"]}}],"collection":[{"href":"https:\/\/olemosaic.com\/pt-pt\/wp-json\/wp\/v2\/product"}],"about":[{"href":"https:\/\/olemosaic.com\/pt-pt\/wp-json\/wp\/v2\/types\/product"}],"wp:featuredmedia":[{"embeddable":true,"href":"https:\/\/olemosaic.com\/pt-pt\/wp-json\/wp\/v2\/media\/9147"}],"wp:attachment":[{"href":"https:\/\/olemosaic.com\/pt-pt\/wp-json\/wp\/v2\/media?parent=38041"}],"wp:term":[{"taxonomy":"product_brand","embeddable":true,"href":"https:\/\/olemosaic.com\/pt-pt\/wp-json\/wp\/v2\/product_brand?post=38041"},{"taxonomy":"product_cat","embeddable":true,"href":"https:\/\/olemosaic.com\/pt-pt\/wp-json\/wp\/v2\/product_cat?post=38041"},{"taxonomy":"product_tag","embeddable":true,"href":"https:\/\/olemosaic.com\/pt-pt\/wp-json\/wp\/v2\/product_tag?post=38041"}],"curies":[{"name":"wp","href":"https:\/\/api.w.org\/{rel}","templated":true}]}}